{"id":31037,"date":"2025-05-21T09:37:59","date_gmt":"2025-05-21T09:37:59","guid":{"rendered":"https:\/\/www.freeshopfrontiera.ch\/shop\/clarins-set-eau-extraordinaire\/"},"modified":"2025-05-21T09:47:11","modified_gmt":"2025-05-21T09:47:11","slug":"clarins-set-eau-extraordinaire","status":"publish","type":"product","link":"https:\/\/www.freeshopfrontiera.ch\/fr\/shop\/clarins-set-eau-extraordinaire\/","title":{"rendered":"CLARINS SET Eau Extraordinaire"},"content":{"rendered":"<h3 class=\"\" data-start=\"3124\" data-end=\"3224\"><strong data-start=\"3133\" data-end=\"3224\">Coffret Clarins Eau Extraordinaire \u2013 \u00c9nergie, Bien-\u00eatre et Vitalit\u00e9 en \u00c9dition Sp\u00e9ciale<\/strong><\/h3>\n<p class=\"\" data-start=\"3226\" data-end=\"3540\">Laissez-vous envelopper par une sensation d\u2019\u00e9nergie et de bien-\u00eatre avec le <strong data-start=\"3302\" data-end=\"3343\">Coffret Eau Extraordinaire de Clarins<\/strong>, une exp\u00e9rience sensorielle qui r\u00e9veille le corps et l\u2019esprit. Ce coffret exclusif est parfait pour celles et ceux qui recherchent un rituel beaut\u00e9 revitalisant, parfum\u00e9 et relaxant sign\u00e9 Clarins.<\/p>\n<p class=\"\" data-start=\"3542\" data-end=\"3563\">Le coffret contient :<\/p>\n<ul data-start=\"3565\" data-end=\"4398\">\n<li class=\"\" data-start=\"3565\" data-end=\"4001\">\n<p class=\"\" data-start=\"3567\" data-end=\"4001\"><strong data-start=\"3567\" data-end=\"3610\">Eau Extraordinaire Eau de Soins (100ml)<\/strong> \u2013 Une fragrance-soin unique qui associe le pouvoir aromatique des huiles essentielles aux bienfaits tonifiants des extraits de plantes. Des notes fra\u00eeches et solaires d\u2019agrumes, de gingembre rouge et de jasmin stimulent les sens, tandis que l\u2019extrait d\u2019ac\u00e9rola ravive la peau en lui apportant \u00e9clat et \u00e9nergie. \u00c0 vaporiser sur le corps et les v\u00eatements pour un geste bien-\u00eatre au quotidien.<\/p>\n<\/li>\n<li class=\"\" data-start=\"4003\" data-end=\"4253\">\n<p class=\"\" data-start=\"4005\" data-end=\"4253\"><strong data-start=\"4005\" data-end=\"4039\">Gel Douche Revitalisant (30ml)<\/strong> \u2013 Un gel douche \u00e9nergisant \u00e0 la texture douce, qui nettoie la peau en la laissant souple, tonique et d\u00e9licatement parfum\u00e9e aux m\u00eames notes que l\u2019Eau Extraordinaire. Parfait pour commencer la journ\u00e9e avec vitalit\u00e9.<\/p>\n<\/li>\n<li class=\"\" data-start=\"4255\" data-end=\"4398\">\n<p class=\"\" data-start=\"4257\" data-end=\"4398\"><strong data-start=\"4257\" data-end=\"4286\">Trousse exclusive Clarins<\/strong> \u2013 \u00c9l\u00e9gante et pratique, id\u00e9ale pour emporter vos produits pr\u00e9f\u00e9r\u00e9s chez vous, \u00e0 la salle de sport ou en voyage.<\/p>\n<\/li>\n<\/ul>\n<p class=\"\" data-start=\"4400\" data-end=\"4669\">Le <strong data-start=\"4403\" data-end=\"4441\">Coffret Eau Extraordinaire Clarins<\/strong> est une id\u00e9e cadeau raffin\u00e9e pour celles et ceux qui aiment prendre soin d\u2019eux avec des produits alliant efficacit\u00e9 cosm\u00e9tique et aromath\u00e9rapie. Parfait en toute saison, il apporte vitalit\u00e9 et bonne humeur \u00e0 chaque utilisation.<\/p>\n<p data-start=\"4400\" data-end=\"4669\">\n<p data-start=\"1437\" data-end=\"1669\">Follow us! <a href=\"https:\/\/www.instagram.com\/freeshopswiss\/\" target=\"_blank\" rel=\"noopener\">@freeshopswiss<\/a><\/p>\n","protected":false},"excerpt":{"rendered":"<p>Coffret Clarins Eau Extraordinaire \u2013 \u00c9nergie, Bien-\u00eatre et Vitalit\u00e9 en \u00c9dition Sp\u00e9ciale Laissez-vous envelopper par une sensation d\u2019\u00e9nergie et de bien-\u00eatre avec le Coffret Eau Extraordinaire de Clarins, une exp\u00e9rience sensorielle qui r\u00e9veille le corps et l\u2019esprit. Ce coffret exclusif est parfait pour celles et ceux qui recherchent un rituel beaut\u00e9 revitalisant, parfum\u00e9 et relaxant [&hellip;]<\/p>\n","protected":false},"featured_media":31033,"comment_status":"open","ping_status":"closed","template":"","meta":[],"pwb-brand":[311],"product_brand":[],"product_cat":[109,295,484],"product_tag":[459,461,296],"class_list":{"0":"post-31037","1":"product","2":"type-product","3":"status-publish","4":"has-post-thumbnail","6":"pwb-brand-clarins","7":"product_cat-pour-elle","8":"product_cat-traitements","9":"product_cat-coffret","10":"product_tag-coffret","11":"product_tag-coffrets-femme","12":"product_tag-femme","14":"first","15":"instock","16":"sale","17":"taxable","18":"shipping-taxable","19":"purchasable","20":"product-type-simple"},"brands":[{"id":311,"name":"Clarins","slug":"clarins"}],"_links":{"self":[{"href":"https:\/\/www.freeshopfrontiera.ch\/fr\/wp-json\/wp\/v2\/product\/31037","targetHints":{"allow":["GET"]}}],"collection":[{"href":"https:\/\/www.freeshopfrontiera.ch\/fr\/wp-json\/wp\/v2\/product"}],"about":[{"href":"https:\/\/www.freeshopfrontiera.ch\/fr\/wp-json\/wp\/v2\/types\/product"}],"replies":[{"embeddable":true,"href":"https:\/\/www.freeshopfrontiera.ch\/fr\/wp-json\/wp\/v2\/comments?post=31037"}],"version-history":[{"count":3,"href":"https:\/\/www.freeshopfrontiera.ch\/fr\/wp-json\/wp\/v2\/product\/31037\/revisions"}],"predecessor-version":[{"id":31043,"href":"https:\/\/www.freeshopfrontiera.ch\/fr\/wp-json\/wp\/v2\/product\/31037\/revisions\/31043"}],"wp:featuredmedia":[{"embeddable":true,"href":"https:\/\/www.freeshopfrontiera.ch\/fr\/wp-json\/wp\/v2\/media\/31033"}],"wp:attachment":[{"href":"https:\/\/www.freeshopfrontiera.ch\/fr\/wp-json\/wp\/v2\/media?parent=31037"}],"wp:term":[{"taxonomy":"pwb-brand","embeddable":true,"href":"https:\/\/www.freeshopfrontiera.ch\/fr\/wp-json\/wp\/v2\/pwb-brand?post=31037"},{"taxonomy":"product_brand","embeddable":true,"href":"https:\/\/www.freeshopfrontiera.ch\/fr\/wp-json\/wp\/v2\/product_brand?post=31037"},{"taxonomy":"product_cat","embeddable":true,"href":"https:\/\/www.freeshopfrontiera.ch\/fr\/wp-json\/wp\/v2\/product_cat?post=31037"},{"taxonomy":"product_tag","embeddable":true,"href":"https:\/\/www.freeshopfrontiera.ch\/fr\/wp-json\/wp\/v2\/product_tag?post=31037"}],"curies":[{"name":"wp","href":"https:\/\/api.w.org\/{rel}","templated":true}]}}