{"id":31054,"date":"2025-05-21T10:11:35","date_gmt":"2025-05-21T10:11:35","guid":{"rendered":"https:\/\/www.freeshopfrontiera.ch\/shop\/clarins-set-eau-dynamisante\/"},"modified":"2025-05-21T10:29:01","modified_gmt":"2025-05-21T10:29:01","slug":"clarins-set-eau-dynamisante","status":"publish","type":"product","link":"https:\/\/www.freeshopfrontiera.ch\/fr\/shop\/clarins-set-eau-dynamisante\/","title":{"rendered":"CLARINS SET Eau Dynamisante"},"content":{"rendered":"<h3 class=\"\" data-start=\"3526\" data-end=\"3617\"><strong data-start=\"3535\" data-end=\"3617\">Coffret Clarins Eau Dynamisante \u2013 \u00c9nergie, Fra\u00eecheur et Bien-\u00eatre au Quotidien<\/strong><\/h3>\n<p class=\"\" data-start=\"3619\" data-end=\"3912\">D\u00e9couvrez le plaisir d&rsquo;une routine beaut\u00e9 revitalisante et dynamisante avec le <strong data-start=\"3698\" data-end=\"3736\">Coffret Eau Dynamisante de Clarins<\/strong>, une collection iconique qui associe soin et parfum en un seul geste. Id\u00e9al pour celles et ceux qui aiment se sentir frais, toniques et en harmonie avec eux-m\u00eames chaque jour.<\/p>\n<p class=\"\" data-start=\"3914\" data-end=\"3935\">Le coffret contient :<\/p>\n<ul data-start=\"3937\" data-end=\"4936\">\n<li class=\"\" data-start=\"3937\" data-end=\"4357\">\n<p class=\"\" data-start=\"3939\" data-end=\"4357\"><strong data-start=\"3939\" data-end=\"3979\">Eau Dynamisante Eau de Soins (100ml)<\/strong> \u2013 L\u2019eau de soin embl\u00e9matique de Clarins. Ce parfum-soin aromatique combine la fra\u00eecheur des huiles essentielles aux bienfaits tonifiants des extraits de plantes. Des notes vives d\u2019orange, de citron, de patchouli et de ginseng stimulent les sens et apportent une sensation imm\u00e9diate de vitalit\u00e9. \u00c0 vaporiser g\u00e9n\u00e9reusement sur le corps et les v\u00eatements pour un bien-\u00eatre durable.<\/p>\n<\/li>\n<li class=\"\" data-start=\"4359\" data-end=\"4574\">\n<p class=\"\" data-start=\"4361\" data-end=\"4574\"><strong data-start=\"4361\" data-end=\"4409\">Lait Corps Hydratant Eau Dynamisante (100ml)<\/strong> \u2013 Un lait corporel soyeux et hydratant, enrichi des m\u00eames actifs que l\u2019eau de soin. Il nourrit, adoucit et parfume la peau, la laissant lisse, tonique et \u00e9clatante.<\/p>\n<\/li>\n<li class=\"\" data-start=\"4576\" data-end=\"4786\">\n<p class=\"\" data-start=\"4578\" data-end=\"4786\"><strong data-start=\"4578\" data-end=\"4615\">Gel Douche Eau Dynamisante (30ml)<\/strong> \u2013 Un gel douche revitalisant \u00e0 la texture fra\u00eeche et l\u00e9g\u00e8re. Il nettoie la peau en douceur tout en la parfumant d\u00e9licatement avec la fragrance iconique d\u2019Eau Dynamisante.<\/p>\n<\/li>\n<li class=\"\" data-start=\"4788\" data-end=\"4936\">\n<p class=\"\" data-start=\"4790\" data-end=\"4936\"><strong data-start=\"4790\" data-end=\"4819\">Trousse exclusive Clarins<\/strong> \u2013 \u00c9l\u00e9gante et pratique, parfaite pour emporter vos essentiels beaut\u00e9 en voyage, \u00e0 la salle de sport ou au quotidien.<\/p>\n<\/li>\n<\/ul>\n<p class=\"\" data-start=\"4938\" data-end=\"5170\">Le <strong data-start=\"4941\" data-end=\"4976\">Coffret Eau Dynamisante Clarins<\/strong> est le cadeau id\u00e9al pour celles et ceux qui recherchent un rituel beaut\u00e9 complet, \u00e9nergisant et parfum\u00e9. Une exp\u00e9rience sensorielle unique qui associe efficacit\u00e9 cosm\u00e9tique et plaisir olfactif.<\/p>\n<p data-start=\"1553\" data-end=\"1798\">Follow us! <a href=\"https:\/\/www.instagram.com\/freeshopswiss\/\" target=\"_blank\" rel=\"noopener\">@freeshopswiss<\/a><\/p>\n","protected":false},"excerpt":{"rendered":"<p>Coffret Clarins Eau Dynamisante \u2013 \u00c9nergie, Fra\u00eecheur et Bien-\u00eatre au Quotidien D\u00e9couvrez le plaisir d&rsquo;une routine beaut\u00e9 revitalisante et dynamisante avec le Coffret Eau Dynamisante de Clarins, une collection iconique qui associe soin et parfum en un seul geste. Id\u00e9al pour celles et ceux qui aiment se sentir frais, toniques et en harmonie avec eux-m\u00eames [&hellip;]<\/p>\n","protected":false},"featured_media":36142,"comment_status":"open","ping_status":"closed","template":"","meta":[],"pwb-brand":[311],"product_brand":[],"product_cat":[295,484],"product_tag":[459,461,296],"class_list":{"0":"post-31054","1":"product","2":"type-product","3":"status-publish","4":"has-post-thumbnail","6":"pwb-brand-clarins","7":"product_cat-traitements","8":"product_cat-coffret","9":"product_tag-coffret","10":"product_tag-coffrets-femme","11":"product_tag-femme","13":"first","14":"outofstock","15":"sale","16":"taxable","17":"shipping-taxable","18":"purchasable","19":"product-type-simple"},"brands":[{"id":311,"name":"Clarins","slug":"clarins"}],"_links":{"self":[{"href":"https:\/\/www.freeshopfrontiera.ch\/fr\/wp-json\/wp\/v2\/product\/31054","targetHints":{"allow":["GET"]}}],"collection":[{"href":"https:\/\/www.freeshopfrontiera.ch\/fr\/wp-json\/wp\/v2\/product"}],"about":[{"href":"https:\/\/www.freeshopfrontiera.ch\/fr\/wp-json\/wp\/v2\/types\/product"}],"replies":[{"embeddable":true,"href":"https:\/\/www.freeshopfrontiera.ch\/fr\/wp-json\/wp\/v2\/comments?post=31054"}],"version-history":[{"count":2,"href":"https:\/\/www.freeshopfrontiera.ch\/fr\/wp-json\/wp\/v2\/product\/31054\/revisions"}],"predecessor-version":[{"id":31059,"href":"https:\/\/www.freeshopfrontiera.ch\/fr\/wp-json\/wp\/v2\/product\/31054\/revisions\/31059"}],"wp:featuredmedia":[{"embeddable":true,"href":"https:\/\/www.freeshopfrontiera.ch\/fr\/wp-json\/wp\/v2\/media\/36142"}],"wp:attachment":[{"href":"https:\/\/www.freeshopfrontiera.ch\/fr\/wp-json\/wp\/v2\/media?parent=31054"}],"wp:term":[{"taxonomy":"pwb-brand","embeddable":true,"href":"https:\/\/www.freeshopfrontiera.ch\/fr\/wp-json\/wp\/v2\/pwb-brand?post=31054"},{"taxonomy":"product_brand","embeddable":true,"href":"https:\/\/www.freeshopfrontiera.ch\/fr\/wp-json\/wp\/v2\/product_brand?post=31054"},{"taxonomy":"product_cat","embeddable":true,"href":"https:\/\/www.freeshopfrontiera.ch\/fr\/wp-json\/wp\/v2\/product_cat?post=31054"},{"taxonomy":"product_tag","embeddable":true,"href":"https:\/\/www.freeshopfrontiera.ch\/fr\/wp-json\/wp\/v2\/product_tag?post=31054"}],"curies":[{"name":"wp","href":"https:\/\/api.w.org\/{rel}","templated":true}]}}