{"id":31067,"date":"2025-05-21T11:53:08","date_gmt":"2025-05-21T11:53:08","guid":{"rendered":"https:\/\/www.freeshopfrontiera.ch\/shop\/clarins-set-double-serum-complete-2\/"},"modified":"2025-05-21T11:55:44","modified_gmt":"2025-05-21T11:55:44","slug":"clarins-set-double-serum-complete-2","status":"publish","type":"product","link":"https:\/\/www.freeshopfrontiera.ch\/fr\/shop\/clarins-set-double-serum-complete-2\/","title":{"rendered":"CLARINS SET Double Serum Complete"},"content":{"rendered":"<h3 class=\"\" data-start=\"2757\" data-end=\"2824\"><strong data-start=\"2766\" data-end=\"2824\">Coffret CLARINS Double Serum \u2013 Rituel Anti-\u00c2ge Complet<\/strong><\/h3>\n<p class=\"\" data-start=\"2826\" data-end=\"3108\">D\u00e9couvrez toute l\u2019efficacit\u00e9 anti-\u00e2ge de Clarins avec ce coffret exclusif con\u00e7u pour redonner \u00e9clat, fermet\u00e9 et jeunesse visible \u00e0 votre peau. Le <strong data-start=\"2972\" data-end=\"3004\">Coffret CLARINS Double Serum<\/strong> est une routine compl\u00e8te pour lisser les rides, raffermir les traits et pr\u00e9parer la peau au maquillage.<\/p>\n<p class=\"\" data-start=\"3110\" data-end=\"3135\"><strong data-start=\"3110\" data-end=\"3135\">Le coffret contient :<\/strong><\/p>\n<ul data-start=\"3137\" data-end=\"3907\">\n<li class=\"\" data-start=\"3137\" data-end=\"3449\">\n<p class=\"\" data-start=\"3139\" data-end=\"3449\"><strong data-start=\"3139\" data-end=\"3195\">Double Serum Complete Age-Defying Concentrate (50ml)<\/strong> \u2013 Le soin anti-\u00e2ge n\u00b01 de Clarins. Enrichi de 21 extraits de plantes, il agit sur tous les signes du vieillissement : rides, perte de fermet\u00e9, teint terne, texture irr\u00e9guli\u00e8re et d\u00e9shydratation. La peau est plus lisse, tonique et visiblement plus jeune.<\/p>\n<\/li>\n<li class=\"\" data-start=\"3451\" data-end=\"3568\">\n<p class=\"\" data-start=\"3453\" data-end=\"3568\"><strong data-start=\"3453\" data-end=\"3484\">Extra-Firming Energy (15ml)<\/strong> \u2013 Une cr\u00e8me de jour revitalisante qui apporte \u00e9clat et fermet\u00e9 aux peaux fatigu\u00e9es.<\/p>\n<\/li>\n<li class=\"\" data-start=\"3570\" data-end=\"3692\">\n<p class=\"\" data-start=\"3572\" data-end=\"3692\"><strong data-start=\"3572\" data-end=\"3601\">Extra-Firming Nuit (15ml)<\/strong> \u2013 Soin de nuit raffermissant qui r\u00e9g\u00e9n\u00e8re la peau pendant le sommeil et att\u00e9nue les rides.<\/p>\n<\/li>\n<li class=\"\" data-start=\"3694\" data-end=\"3817\">\n<p class=\"\" data-start=\"3696\" data-end=\"3817\"><strong data-start=\"3696\" data-end=\"3722\">SOS Primer White (5ml)<\/strong> \u2013 Base perfectrice qui illumine, lisse et prolonge la tenue du maquillage. Hydrate et sublime.<\/p>\n<\/li>\n<li class=\"\" data-start=\"3819\" data-end=\"3907\">\n<p class=\"\" data-start=\"3821\" data-end=\"3907\"><strong data-start=\"3821\" data-end=\"3840\">Trousse Clarins<\/strong> \u2013 \u00c9l\u00e9gante et pratique, pour emporter vos soins partout avec vous.<\/p>\n<\/li>\n<\/ul>\n<p class=\"\" data-start=\"3909\" data-end=\"3995\"><strong data-start=\"3909\" data-end=\"3995\">\u00c9dition limit\u00e9e \u2013 l\u2019alli\u00e9 id\u00e9al pour une peau jeune et \u00e9clatante, jour apr\u00e8s jour.<\/strong><\/p>\n<p data-start=\"1606\" data-end=\"1787\">Follow us! <a href=\"https:\/\/www.instagram.com\/freeshopswiss\/\" target=\"_blank\" rel=\"noopener\">@freeshopswiss<\/a><\/p>\n","protected":false},"excerpt":{"rendered":"<p>Coffret CLARINS Double Serum \u2013 Rituel Anti-\u00c2ge Complet D\u00e9couvrez toute l\u2019efficacit\u00e9 anti-\u00e2ge de Clarins avec ce coffret exclusif con\u00e7u pour redonner \u00e9clat, fermet\u00e9 et jeunesse visible \u00e0 votre peau. Le Coffret CLARINS Double Serum est une routine compl\u00e8te pour lisser les rides, raffermir les traits et pr\u00e9parer la peau au maquillage. Le coffret contient : [&hellip;]<\/p>\n","protected":false},"featured_media":31063,"comment_status":"open","ping_status":"closed","template":"","meta":[],"pwb-brand":[311],"product_brand":[],"product_cat":[109,484],"product_tag":[459,461,296],"class_list":{"0":"post-31067","1":"product","2":"type-product","3":"status-publish","4":"has-post-thumbnail","6":"pwb-brand-clarins","7":"product_cat-pour-elle","8":"product_cat-coffret","9":"product_tag-coffret","10":"product_tag-coffrets-femme","11":"product_tag-femme","13":"first","14":"outofstock","15":"sale","16":"taxable","17":"shipping-taxable","18":"purchasable","19":"product-type-simple"},"brands":[{"id":311,"name":"Clarins","slug":"clarins"}],"_links":{"self":[{"href":"https:\/\/www.freeshopfrontiera.ch\/fr\/wp-json\/wp\/v2\/product\/31067","targetHints":{"allow":["GET"]}}],"collection":[{"href":"https:\/\/www.freeshopfrontiera.ch\/fr\/wp-json\/wp\/v2\/product"}],"about":[{"href":"https:\/\/www.freeshopfrontiera.ch\/fr\/wp-json\/wp\/v2\/types\/product"}],"replies":[{"embeddable":true,"href":"https:\/\/www.freeshopfrontiera.ch\/fr\/wp-json\/wp\/v2\/comments?post=31067"}],"version-history":[{"count":1,"href":"https:\/\/www.freeshopfrontiera.ch\/fr\/wp-json\/wp\/v2\/product\/31067\/revisions"}],"predecessor-version":[{"id":31070,"href":"https:\/\/www.freeshopfrontiera.ch\/fr\/wp-json\/wp\/v2\/product\/31067\/revisions\/31070"}],"wp:featuredmedia":[{"embeddable":true,"href":"https:\/\/www.freeshopfrontiera.ch\/fr\/wp-json\/wp\/v2\/media\/31063"}],"wp:attachment":[{"href":"https:\/\/www.freeshopfrontiera.ch\/fr\/wp-json\/wp\/v2\/media?parent=31067"}],"wp:term":[{"taxonomy":"pwb-brand","embeddable":true,"href":"https:\/\/www.freeshopfrontiera.ch\/fr\/wp-json\/wp\/v2\/pwb-brand?post=31067"},{"taxonomy":"product_brand","embeddable":true,"href":"https:\/\/www.freeshopfrontiera.ch\/fr\/wp-json\/wp\/v2\/product_brand?post=31067"},{"taxonomy":"product_cat","embeddable":true,"href":"https:\/\/www.freeshopfrontiera.ch\/fr\/wp-json\/wp\/v2\/product_cat?post=31067"},{"taxonomy":"product_tag","embeddable":true,"href":"https:\/\/www.freeshopfrontiera.ch\/fr\/wp-json\/wp\/v2\/product_tag?post=31067"}],"curies":[{"name":"wp","href":"https:\/\/api.w.org\/{rel}","templated":true}]}}