{"id":31093,"date":"2025-05-23T08:30:44","date_gmt":"2025-05-23T08:30:44","guid":{"rendered":"https:\/\/www.freeshopfrontiera.ch\/shop\/clarins-set-men-gel-moussant\/"},"modified":"2025-05-23T08:41:58","modified_gmt":"2025-05-23T08:41:58","slug":"clarins-set-men-gel-moussant","status":"publish","type":"product","link":"https:\/\/www.freeshopfrontiera.ch\/fr\/shop\/clarins-set-men-gel-moussant\/","title":{"rendered":"CLARINS SET Men Gel Moussant"},"content":{"rendered":"<p data-start=\"85\" data-end=\"183\"><strong data-start=\"85\" data-end=\"183\">CLARINS SET Men \u2013 Gel Moussant de Rasage 150ml + Gel Apr\u00e8s-Rasage 75ml + Nettoyant Visage 30ml<\/strong><\/p>\n<p data-start=\"185\" data-end=\"485\">D\u00e9couvrez le <strong data-start=\"198\" data-end=\"217\">CLARINS SET Men<\/strong>, le coffret complet con\u00e7u pour les soins quotidiens de l\u2019homme moderne. Id\u00e9al comme id\u00e9e cadeau ou pour ceux qui recherchent une routine de soin efficace et rapide, ce set r\u00e9unit trois indispensables pour un rasage parfait et une peau fra\u00eeche et prot\u00e9g\u00e9e chaque jour.<\/p>\n<p data-start=\"487\" data-end=\"808\"><strong data-start=\"487\" data-end=\"522\">Gel Moussant de Rasage (150 ml)<\/strong><br data-start=\"522\" data-end=\"525\" \/>Un gel de rasage haute performance qui se transforme en mousse onctueuse au contact de l\u2019eau. Il garantit un rasage pr\u00e9cis et confortable, tout en r\u00e9duisant irritations, rougeurs et coupures. Sa formule aux extraits naturels prot\u00e8ge et hydrate la peau, la laissant douce et purifi\u00e9e.<\/p>\n<p data-start=\"810\" data-end=\"1154\"><strong data-start=\"810\" data-end=\"838\">Gel Apr\u00e8s-Rasage (75 ml)<\/strong><br data-start=\"838\" data-end=\"841\" \/>Le soin apaisant apr\u00e8s-rasage de Clarins Men. Enrichi en extraits de plantes calmantes, ce gel att\u00e9nue la sensation de feu du rasoir et procure une fra\u00eecheur imm\u00e9diate. Il lutte contre la d\u00e9shydratation, renforce la barri\u00e8re cutan\u00e9e et apaise les peaux les plus sensibles. Texture non grasse et absorption rapide.<\/p>\n<p data-start=\"1156\" data-end=\"1441\"><strong data-start=\"1156\" data-end=\"1184\">Nettoyant Visage (30 ml)<\/strong><br data-start=\"1184\" data-end=\"1187\" \/>Un nettoyant visage \u00e9nergisant qui \u00e9limine impuret\u00e9s, exc\u00e8s de s\u00e9bum et particules de pollution. Utilis\u00e9 quotidiennement, il pr\u00e9pare la peau au rasage et la garde propre, lisse et lumineuse. Sa texture cr\u00e9meuse laisse une agr\u00e9able sensation de fra\u00eecheur.<\/p>\n<p data-start=\"1443\" data-end=\"1606\">Le <strong data-start=\"1446\" data-end=\"1465\">Set Clarins Men<\/strong> est parfait pour l\u2019homme actif soucieux de sa peau. Tous les produits sont test\u00e9s dermatologiquement et respectent les peaux m\u00eame sensibles.<\/p>\n<p data-start=\"1605\" data-end=\"1825\" data-is-last-node=\"\" data-is-only-node=\"\">Follow us!\u00a0<a href=\"https:\/\/www.instagram.com\/freeshopswiss\/\" target=\"_blank\" rel=\"noopener\">@freeshopswiss<\/a><\/p>\n","protected":false},"excerpt":{"rendered":"<p>CLARINS SET Men \u2013 Gel Moussant de Rasage 150ml + Gel Apr\u00e8s-Rasage 75ml + Nettoyant Visage 30ml D\u00e9couvrez le CLARINS SET Men, le coffret complet con\u00e7u pour les soins quotidiens de l\u2019homme moderne. Id\u00e9al comme id\u00e9e cadeau ou pour ceux qui recherchent une routine de soin efficace et rapide, ce set r\u00e9unit trois indispensables pour [&hellip;]<\/p>\n","protected":false},"featured_media":31089,"comment_status":"open","ping_status":"closed","template":"","meta":[],"pwb-brand":[311],"product_brand":[],"product_cat":[89,295,484],"product_tag":[459,464,143],"class_list":{"0":"post-31093","1":"product","2":"type-product","3":"status-publish","4":"has-post-thumbnail","6":"pwb-brand-clarins","7":"product_cat-pour-lui","8":"product_cat-traitements","9":"product_cat-coffret","10":"product_tag-coffret","11":"product_tag-coffret-homme","12":"product_tag-homme","14":"first","15":"outofstock","16":"sale","17":"taxable","18":"shipping-taxable","19":"purchasable","20":"product-type-simple"},"brands":[{"id":311,"name":"Clarins","slug":"clarins"}],"_links":{"self":[{"href":"https:\/\/www.freeshopfrontiera.ch\/fr\/wp-json\/wp\/v2\/product\/31093","targetHints":{"allow":["GET"]}}],"collection":[{"href":"https:\/\/www.freeshopfrontiera.ch\/fr\/wp-json\/wp\/v2\/product"}],"about":[{"href":"https:\/\/www.freeshopfrontiera.ch\/fr\/wp-json\/wp\/v2\/types\/product"}],"replies":[{"embeddable":true,"href":"https:\/\/www.freeshopfrontiera.ch\/fr\/wp-json\/wp\/v2\/comments?post=31093"}],"version-history":[{"count":2,"href":"https:\/\/www.freeshopfrontiera.ch\/fr\/wp-json\/wp\/v2\/product\/31093\/revisions"}],"predecessor-version":[{"id":31099,"href":"https:\/\/www.freeshopfrontiera.ch\/fr\/wp-json\/wp\/v2\/product\/31093\/revisions\/31099"}],"wp:featuredmedia":[{"embeddable":true,"href":"https:\/\/www.freeshopfrontiera.ch\/fr\/wp-json\/wp\/v2\/media\/31089"}],"wp:attachment":[{"href":"https:\/\/www.freeshopfrontiera.ch\/fr\/wp-json\/wp\/v2\/media?parent=31093"}],"wp:term":[{"taxonomy":"pwb-brand","embeddable":true,"href":"https:\/\/www.freeshopfrontiera.ch\/fr\/wp-json\/wp\/v2\/pwb-brand?post=31093"},{"taxonomy":"product_brand","embeddable":true,"href":"https:\/\/www.freeshopfrontiera.ch\/fr\/wp-json\/wp\/v2\/product_brand?post=31093"},{"taxonomy":"product_cat","embeddable":true,"href":"https:\/\/www.freeshopfrontiera.ch\/fr\/wp-json\/wp\/v2\/product_cat?post=31093"},{"taxonomy":"product_tag","embeddable":true,"href":"https:\/\/www.freeshopfrontiera.ch\/fr\/wp-json\/wp\/v2\/product_tag?post=31093"}],"curies":[{"name":"wp","href":"https:\/\/api.w.org\/{rel}","templated":true}]}}