{"id":31109,"date":"2025-05-23T08:52:21","date_gmt":"2025-05-23T08:52:21","guid":{"rendered":"https:\/\/www.freeshopfrontiera.ch\/shop\/clarins-set-men-gel-energisant\/"},"modified":"2025-05-23T08:57:14","modified_gmt":"2025-05-23T08:57:14","slug":"clarins-set-men-gel-energisant","status":"publish","type":"product","link":"https:\/\/www.freeshopfrontiera.ch\/fr\/shop\/clarins-set-men-gel-energisant\/","title":{"rendered":"CLARINS SET Men Gel Energisant"},"content":{"rendered":"<p data-start=\"0\" data-end=\"127\"><strong data-start=\"0\" data-end=\"127\">CLARINS SET Men \u2013 Gel \u00c9nergisant 50ml + Shampooing Douche 30ml + Nettoyant Visage 30ml + Gel \u00c9nergisant Yeux 3ml + Pochette<\/strong><\/p>\n<p data-start=\"129\" data-end=\"468\">Offrez \u00e0 votre peau l\u2019\u00e9nergie dont elle a besoin avec le <strong data-start=\"186\" data-end=\"205\">CLARINS SET Men<\/strong>, un coffret complet et pratique, pens\u00e9 pour les hommes actifs et exigeants. Ce set contient cinq essentiels pour une routine de soins rafra\u00eechissante, tonifiante et revitalisante, \u00e0 utiliser \u00e0 la maison ou en voyage gr\u00e2ce \u00e0 sa pochette \u00e9l\u00e9gante et fonctionnelle.<\/p>\n<p data-start=\"470\" data-end=\"792\"><strong data-start=\"470\" data-end=\"502\">Gel \u00c9nergisant Visage (50ml)<\/strong><br data-start=\"502\" data-end=\"505\" \/>Un soin hydratant et dynamisant qui r\u00e9veille instantan\u00e9ment les peaux fatigu\u00e9es. Sa texture fra\u00eeche et non grasse p\u00e9n\u00e8tre rapidement, laissant la peau plus lisse, tonifi\u00e9e et prot\u00e9g\u00e9e contre les agressions ext\u00e9rieures. Enrichi en extraits v\u00e9g\u00e9taux, il stimule l\u2019\u00e9clat naturel de la peau.<\/p>\n<p data-start=\"794\" data-end=\"1065\"><strong data-start=\"794\" data-end=\"822\">Shampooing Douche (30ml)<\/strong><br data-start=\"822\" data-end=\"825\" \/>Un gel 2-en-1 pour le corps et les cheveux, id\u00e9al pour un usage quotidien. Il nettoie en douceur, tonifie la peau et laisse une sensation de fra\u00eecheur intense. Sa mousse l\u00e9g\u00e8re se rince facilement et respecte l\u2019\u00e9quilibre naturel de la peau.<\/p>\n<p data-start=\"1067\" data-end=\"1289\"><strong data-start=\"1067\" data-end=\"1094\">Nettoyant Visage (30ml)<\/strong><br data-start=\"1094\" data-end=\"1097\" \/>Un nettoyant visage \u00e9nergisant qui \u00e9limine impuret\u00e9s, s\u00e9bum et traces de pollution. Il pr\u00e9pare parfaitement la peau \u00e0 la routine de soin ou au rasage, tout en la laissant nette et revitalis\u00e9e.<\/p>\n<p data-start=\"1291\" data-end=\"1536\"><strong data-start=\"1291\" data-end=\"1320\">Gel \u00c9nergisant Yeux (3ml)<\/strong><br data-start=\"1320\" data-end=\"1323\" \/>Un soin cibl\u00e9 pour le contour des yeux, qui att\u00e9nue visiblement les poches et les signes de fatigue. Son applicateur roll-on offre un effet rafra\u00eechissant imm\u00e9diat, id\u00e9al pour r\u00e9veiller le regard en un seul geste.<\/p>\n<p data-start=\"1538\" data-end=\"1665\"><strong data-start=\"1538\" data-end=\"1560\">Pochette de voyage<\/strong><br data-start=\"1560\" data-end=\"1563\" \/>Un accessoire \u00e9l\u00e9gant et pratique pour transporter tous vos essentiels Clarins Men o\u00f9 que vous alliez.<\/p>\n<p data-start=\"1538\" data-end=\"1665\">Follow us!\u00a0<a href=\"https:\/\/www.instagram.com\/freeshopswiss\/\" target=\"_blank\" rel=\"noopener\">@freeshopswiss<\/a><\/p>\n","protected":false},"excerpt":{"rendered":"<p>CLARINS SET Men \u2013 Gel \u00c9nergisant 50ml + Shampooing Douche 30ml + Nettoyant Visage 30ml + Gel \u00c9nergisant Yeux 3ml + Pochette Offrez \u00e0 votre peau l\u2019\u00e9nergie dont elle a besoin avec le CLARINS SET Men, un coffret complet et pratique, pens\u00e9 pour les hommes actifs et exigeants. Ce set contient cinq essentiels pour une [&hellip;]<\/p>\n","protected":false},"featured_media":31105,"comment_status":"open","ping_status":"closed","template":"","meta":[],"pwb-brand":[311],"product_brand":[],"product_cat":[89,295,484],"product_tag":[459,464,143],"class_list":{"0":"post-31109","1":"product","2":"type-product","3":"status-publish","4":"has-post-thumbnail","6":"pwb-brand-clarins","7":"product_cat-pour-lui","8":"product_cat-traitements","9":"product_cat-coffret","10":"product_tag-coffret","11":"product_tag-coffret-homme","12":"product_tag-homme","14":"first","15":"outofstock","16":"sale","17":"taxable","18":"shipping-taxable","19":"purchasable","20":"product-type-simple"},"brands":[{"id":311,"name":"Clarins","slug":"clarins"}],"_links":{"self":[{"href":"https:\/\/www.freeshopfrontiera.ch\/fr\/wp-json\/wp\/v2\/product\/31109","targetHints":{"allow":["GET"]}}],"collection":[{"href":"https:\/\/www.freeshopfrontiera.ch\/fr\/wp-json\/wp\/v2\/product"}],"about":[{"href":"https:\/\/www.freeshopfrontiera.ch\/fr\/wp-json\/wp\/v2\/types\/product"}],"replies":[{"embeddable":true,"href":"https:\/\/www.freeshopfrontiera.ch\/fr\/wp-json\/wp\/v2\/comments?post=31109"}],"version-history":[{"count":2,"href":"https:\/\/www.freeshopfrontiera.ch\/fr\/wp-json\/wp\/v2\/product\/31109\/revisions"}],"predecessor-version":[{"id":31117,"href":"https:\/\/www.freeshopfrontiera.ch\/fr\/wp-json\/wp\/v2\/product\/31109\/revisions\/31117"}],"wp:featuredmedia":[{"embeddable":true,"href":"https:\/\/www.freeshopfrontiera.ch\/fr\/wp-json\/wp\/v2\/media\/31105"}],"wp:attachment":[{"href":"https:\/\/www.freeshopfrontiera.ch\/fr\/wp-json\/wp\/v2\/media?parent=31109"}],"wp:term":[{"taxonomy":"pwb-brand","embeddable":true,"href":"https:\/\/www.freeshopfrontiera.ch\/fr\/wp-json\/wp\/v2\/pwb-brand?post=31109"},{"taxonomy":"product_brand","embeddable":true,"href":"https:\/\/www.freeshopfrontiera.ch\/fr\/wp-json\/wp\/v2\/product_brand?post=31109"},{"taxonomy":"product_cat","embeddable":true,"href":"https:\/\/www.freeshopfrontiera.ch\/fr\/wp-json\/wp\/v2\/product_cat?post=31109"},{"taxonomy":"product_tag","embeddable":true,"href":"https:\/\/www.freeshopfrontiera.ch\/fr\/wp-json\/wp\/v2\/product_tag?post=31109"}],"curies":[{"name":"wp","href":"https:\/\/api.w.org\/{rel}","templated":true}]}}