{"id":31171,"date":"2025-05-26T13:49:14","date_gmt":"2025-05-26T13:49:14","guid":{"rendered":"https:\/\/www.freeshopfrontiera.ch\/shop\/clarins-set-lip-comfort-oil\/"},"modified":"2025-05-26T14:01:58","modified_gmt":"2025-05-26T14:01:58","slug":"clarins-set-lip-comfort-oil","status":"publish","type":"product","link":"https:\/\/www.freeshopfrontiera.ch\/fr\/shop\/clarins-set-lip-comfort-oil\/","title":{"rendered":"CLARINS SET Lip Comfort Oil"},"content":{"rendered":"<h3 data-start=\"1521\" data-end=\"1585\">COFFRET CLARINS Lip Comfort Oil \u2013 04 Pitaya + Mini 01 &amp; 03<\/h3>\n<p data-start=\"1651\" data-end=\"2019\">Offrez \u00e0 vos l\u00e8vres un soin alliant couleur, brillance et confort absolu avec le <strong data-start=\"1732\" data-end=\"1767\">COFFRET CLARINS Lip Comfort Oil<\/strong>. Ce coffret exclusif comprend une <strong data-start=\"1802\" data-end=\"1849\">huile l\u00e8vres format 7ml en teinte 04 Pitaya<\/strong>, un fuchsia \u00e9clatant au fini brillant, ainsi que <strong data-start=\"1899\" data-end=\"1928\">deux mini huiles de 1,4ml<\/strong> dans les teintes <strong data-start=\"1946\" data-end=\"1958\">01 Honey<\/strong> et <strong data-start=\"1962\" data-end=\"1975\">03 Cherry<\/strong>, parfaites pour tester ou emporter partout.<\/p>\n<p data-start=\"2021\" data-end=\"2460\">Compos\u00e9es \u00e0 plus de <strong data-start=\"2041\" data-end=\"2083\">90 % d\u2019ingr\u00e9dients d\u2019origine naturelle<\/strong>, dont des huiles de <strong data-start=\"2104\" data-end=\"2141\">jojoba, noisette et \u00e9glantier bio<\/strong>, ces huiles-soins nourrissent intens\u00e9ment, procurent une sensation de douceur et apportent une brillance miroir sans effet collant. Leur texture enveloppante et non grasse transforme chaque application en un v\u00e9ritable moment de bien-\u00eatre, tandis que les teintes d\u00e9licates subliment naturellement toutes les carnations.<\/p>\n<p data-start=\"2462\" data-end=\"2567\">Parfait pour offrir ou se faire plaisir, ce coffret Clarins est un indispensable de votre routine beaut\u00e9.<\/p>\n<p data-start=\"2569\" data-end=\"2771\"><strong data-start=\"2569\" data-end=\"2585\">Id\u00e9al pour :<\/strong><br data-start=\"2585\" data-end=\"2588\" \/>\u2013 Nourrir intens\u00e9ment les l\u00e8vres<br data-start=\"2620\" data-end=\"2623\" \/>\u2013 Apporter couleur et brillance<br data-start=\"2654\" data-end=\"2657\" \/>\u2013 Prot\u00e9ger du dess\u00e8chement et des agressions ext\u00e9rieures<br data-start=\"2713\" data-end=\"2716\" \/>\u2013 Ajouter une touche de glamour au maquillage quotidien<\/p>\n<p data-start=\"2773\" data-end=\"2799\"><strong data-start=\"2773\" data-end=\"2797\">Contenu du coffret :<\/strong><\/p>\n<ul data-start=\"2800\" data-end=\"2927\">\n<li data-start=\"2800\" data-end=\"2854\">\n<p data-start=\"2802\" data-end=\"2854\">Lip Comfort Oil 04 Pitaya \u2013 7ml (format classique)<\/p>\n<\/li>\n<li data-start=\"2855\" data-end=\"2891\">\n<p data-start=\"2857\" data-end=\"2891\">Lip Comfort Oil 01 Honey \u2013 1,4ml<\/p>\n<\/li>\n<li data-start=\"2892\" data-end=\"2927\">\n<p data-start=\"2894\" data-end=\"2927\">Lip Comfort Oil 03 Cherry \u2013 1,4ml<\/p>\n<\/li>\n<\/ul>\n<p>&nbsp;<\/p>\n<p>Follow us!\u00a0<a href=\"https:\/\/www.instagram.com\/freeshopswiss\/\" target=\"_blank\" rel=\"noopener\">@freeshopswiss<\/a><\/p>\n","protected":false},"excerpt":{"rendered":"<p>COFFRET CLARINS Lip Comfort Oil \u2013 04 Pitaya + Mini 01 &amp; 03 Offrez \u00e0 vos l\u00e8vres un soin alliant couleur, brillance et confort absolu avec le COFFRET CLARINS Lip Comfort Oil. Ce coffret exclusif comprend une huile l\u00e8vres format 7ml en teinte 04 Pitaya, un fuchsia \u00e9clatant au fini brillant, ainsi que deux mini [&hellip;]<\/p>\n","protected":false},"featured_media":31167,"comment_status":"open","ping_status":"closed","template":"","meta":[],"pwb-brand":[311],"product_brand":[],"product_cat":[484,566,586],"product_tag":[459,461,477,587],"class_list":{"0":"post-31171","1":"product","2":"type-product","3":"status-publish","4":"has-post-thumbnail","6":"pwb-brand-clarins","7":"product_cat-coffret","8":"product_cat-make-up-fr-2","9":"product_cat-maquillage-de-slevres-fr","10":"product_tag-coffret","11":"product_tag-coffrets-femme","12":"product_tag-maquillage","13":"product_tag-maquillage-des-levres-fr","15":"first","16":"outofstock","17":"sale","18":"taxable","19":"shipping-taxable","20":"purchasable","21":"product-type-simple"},"brands":[{"id":311,"name":"Clarins","slug":"clarins"}],"_links":{"self":[{"href":"https:\/\/www.freeshopfrontiera.ch\/fr\/wp-json\/wp\/v2\/product\/31171","targetHints":{"allow":["GET"]}}],"collection":[{"href":"https:\/\/www.freeshopfrontiera.ch\/fr\/wp-json\/wp\/v2\/product"}],"about":[{"href":"https:\/\/www.freeshopfrontiera.ch\/fr\/wp-json\/wp\/v2\/types\/product"}],"replies":[{"embeddable":true,"href":"https:\/\/www.freeshopfrontiera.ch\/fr\/wp-json\/wp\/v2\/comments?post=31171"}],"version-history":[{"count":3,"href":"https:\/\/www.freeshopfrontiera.ch\/fr\/wp-json\/wp\/v2\/product\/31171\/revisions"}],"predecessor-version":[{"id":31179,"href":"https:\/\/www.freeshopfrontiera.ch\/fr\/wp-json\/wp\/v2\/product\/31171\/revisions\/31179"}],"wp:featuredmedia":[{"embeddable":true,"href":"https:\/\/www.freeshopfrontiera.ch\/fr\/wp-json\/wp\/v2\/media\/31167"}],"wp:attachment":[{"href":"https:\/\/www.freeshopfrontiera.ch\/fr\/wp-json\/wp\/v2\/media?parent=31171"}],"wp:term":[{"taxonomy":"pwb-brand","embeddable":true,"href":"https:\/\/www.freeshopfrontiera.ch\/fr\/wp-json\/wp\/v2\/pwb-brand?post=31171"},{"taxonomy":"product_brand","embeddable":true,"href":"https:\/\/www.freeshopfrontiera.ch\/fr\/wp-json\/wp\/v2\/product_brand?post=31171"},{"taxonomy":"product_cat","embeddable":true,"href":"https:\/\/www.freeshopfrontiera.ch\/fr\/wp-json\/wp\/v2\/product_cat?post=31171"},{"taxonomy":"product_tag","embeddable":true,"href":"https:\/\/www.freeshopfrontiera.ch\/fr\/wp-json\/wp\/v2\/product_tag?post=31171"}],"curies":[{"name":"wp","href":"https:\/\/api.w.org\/{rel}","templated":true}]}}