{"id":31198,"date":"2025-05-26T15:09:32","date_gmt":"2025-05-26T15:09:32","guid":{"rendered":"https:\/\/www.freeshopfrontiera.ch\/shop\/roundlab-birch-juice-moisturizing-cream-80ml\/"},"modified":"2025-05-26T15:17:23","modified_gmt":"2025-05-26T15:17:23","slug":"roundlab-birch-juice-moisturizing-cream-80ml","status":"publish","type":"product","link":"https:\/\/www.freeshopfrontiera.ch\/fr\/shop\/roundlab-birch-juice-moisturizing-cream-80ml\/","title":{"rendered":"ROUNDLAB Birch Juice Moisturizing Cream 80ml"},"content":{"rendered":"<p data-start=\"2950\" data-end=\"2998\"><strong data-start=\"2950\" data-end=\"2998\">ROUNDLAB Birch Juice Moisturizing Cream 80ml<\/strong><\/p>\n<p data-start=\"3000\" data-end=\"3437\">La Birch Juice Moisturizing Cream de ROUNDLAB est une cr\u00e8me hydratante visage intensive formul\u00e9e avec de la s\u00e8ve de bouleau provenant de la r\u00e9gion d\u2019Inje, riche en min\u00e9raux et acides amin\u00e9s, reconnue pour ses propri\u00e9t\u00e9s apaisantes, r\u00e9g\u00e9n\u00e9rantes et \u00e9quilibrantes. Convient \u00e0 tous les types de peau, m\u00eame les plus sensibles, elle est id\u00e9ale pour celles et ceux qui recherchent une texture l\u00e9g\u00e8re mais une hydratation efficace au quotidien.<\/p>\n<p data-start=\"3439\" data-end=\"3743\">Enrichie en acide hyaluronique de diff\u00e9rents poids mol\u00e9culaires, cette formule aide \u00e0 retenir l\u2019humidit\u00e9 dans la peau, am\u00e9liore son \u00e9lasticit\u00e9 et offre un effet repulpant et rafra\u00eechissant. Sa texture gel-cr\u00e8me p\u00e9n\u00e8tre rapidement sans effet gras, laissant la peau douce, souple et visiblement plus saine.<\/p>\n<p data-start=\"3745\" data-end=\"3991\">Sans parfums artificiels, huiles min\u00e9rales ni alcool, cette cr\u00e8me est test\u00e9e dermatologiquement, m\u00eame pour les peaux r\u00e9actives. \u00c0 utiliser matin et soir, en derni\u00e8re \u00e9tape de votre routine, pour une hydratation continue et une protection durable.<\/p>\n<p data-start=\"3993\" data-end=\"4070\"><strong data-start=\"3993\" data-end=\"4070\">Hydratation profonde et douce pour une peau souple, repulp\u00e9e et prot\u00e9g\u00e9e.<\/strong><\/p>\n<p data-start=\"4072\" data-end=\"4244\"><strong data-start=\"4072\" data-end=\"4098\">Principaux b\u00e9n\u00e9fices :<\/strong><br data-start=\"4098\" data-end=\"4101\" \/>\u2013 Hydrate intens\u00e9ment sans alourdir<br data-start=\"4136\" data-end=\"4139\" \/>\u2013 Apaise et \u00e9quilibre les peaux sensibles<br data-start=\"4180\" data-end=\"4183\" \/>\u2013 Renforce la barri\u00e8re cutan\u00e9e<br data-start=\"4213\" data-end=\"4216\" \/>\u2013 Apporte douceur et \u00e9clat<\/p>\n<p data-start=\"4246\" data-end=\"4338\"><strong data-start=\"4246\" data-end=\"4268\">Ingr\u00e9dients cl\u00e9s :<\/strong><br data-start=\"4268\" data-end=\"4271\" \/>\u2013 S\u00e8ve de bouleau<br data-start=\"4288\" data-end=\"4291\" \/>\u2013 Acide hyaluronique<br data-start=\"4311\" data-end=\"4314\" \/>\u2013 Panth\u00e9nol et b\u00e9ta\u00efne<\/p>\n<p data-start=\"1360\" data-end=\"1583\">Follow us!\u00a0<a href=\"https:\/\/www.instagram.com\/freeshopswiss\/\" target=\"_blank\" rel=\"noopener\">@freeshopswiss<\/a><\/p>\n","protected":false},"excerpt":{"rendered":"<p>ROUNDLAB Birch Juice Moisturizing Cream 80ml La Birch Juice Moisturizing Cream de ROUNDLAB est une cr\u00e8me hydratante visage intensive formul\u00e9e avec de la s\u00e8ve de bouleau provenant de la r\u00e9gion d\u2019Inje, riche en min\u00e9raux et acides amin\u00e9s, reconnue pour ses propri\u00e9t\u00e9s apaisantes, r\u00e9g\u00e9n\u00e9rantes et \u00e9quilibrantes. Convient \u00e0 tous les types de peau, m\u00eame les plus [&hellip;]<\/p>\n","protected":false},"featured_media":31188,"comment_status":"open","ping_status":"closed","template":"","meta":[],"pwb-brand":[1001],"product_brand":[],"product_cat":[109,295,3768],"product_tag":[296,5050,3611,5046,417,301],"class_list":{"0":"post-31198","1":"product","2":"type-product","3":"status-publish","4":"has-post-thumbnail","6":"pwb-brand-roundlab","7":"product_cat-pour-elle","8":"product_cat-traitements","9":"product_cat-k-beauty-fr","10":"product_tag-femme","11":"product_tag-fete-des-meres","12":"product_tag-k-beauty-fr","13":"product_tag-moins-de-30-chf","14":"product_tag-soins-fr","15":"product_tag-soins-du-visage","17":"first","18":"instock","19":"sale","20":"taxable","21":"shipping-taxable","22":"purchasable","23":"product-type-simple"},"brands":[{"id":1001,"name":"Roundlab","slug":"roundlab"}],"_links":{"self":[{"href":"https:\/\/www.freeshopfrontiera.ch\/fr\/wp-json\/wp\/v2\/product\/31198","targetHints":{"allow":["GET"]}}],"collection":[{"href":"https:\/\/www.freeshopfrontiera.ch\/fr\/wp-json\/wp\/v2\/product"}],"about":[{"href":"https:\/\/www.freeshopfrontiera.ch\/fr\/wp-json\/wp\/v2\/types\/product"}],"replies":[{"embeddable":true,"href":"https:\/\/www.freeshopfrontiera.ch\/fr\/wp-json\/wp\/v2\/comments?post=31198"}],"version-history":[{"count":2,"href":"https:\/\/www.freeshopfrontiera.ch\/fr\/wp-json\/wp\/v2\/product\/31198\/revisions"}],"predecessor-version":[{"id":31202,"href":"https:\/\/www.freeshopfrontiera.ch\/fr\/wp-json\/wp\/v2\/product\/31198\/revisions\/31202"}],"wp:featuredmedia":[{"embeddable":true,"href":"https:\/\/www.freeshopfrontiera.ch\/fr\/wp-json\/wp\/v2\/media\/31188"}],"wp:attachment":[{"href":"https:\/\/www.freeshopfrontiera.ch\/fr\/wp-json\/wp\/v2\/media?parent=31198"}],"wp:term":[{"taxonomy":"pwb-brand","embeddable":true,"href":"https:\/\/www.freeshopfrontiera.ch\/fr\/wp-json\/wp\/v2\/pwb-brand?post=31198"},{"taxonomy":"product_brand","embeddable":true,"href":"https:\/\/www.freeshopfrontiera.ch\/fr\/wp-json\/wp\/v2\/product_brand?post=31198"},{"taxonomy":"product_cat","embeddable":true,"href":"https:\/\/www.freeshopfrontiera.ch\/fr\/wp-json\/wp\/v2\/product_cat?post=31198"},{"taxonomy":"product_tag","embeddable":true,"href":"https:\/\/www.freeshopfrontiera.ch\/fr\/wp-json\/wp\/v2\/product_tag?post=31198"}],"curies":[{"name":"wp","href":"https:\/\/api.w.org\/{rel}","templated":true}]}}