{"id":31253,"date":"2025-05-27T08:42:45","date_gmt":"2025-05-27T08:42:45","guid":{"rendered":"https:\/\/www.freeshopfrontiera.ch\/shop\/michael-kors-set-gorgeous\/"},"modified":"2025-05-27T12:28:58","modified_gmt":"2025-05-27T12:28:58","slug":"michael-kors-set-gorgeous","status":"publish","type":"product","link":"https:\/\/www.freeshopfrontiera.ch\/fr\/shop\/michael-kors-set-gorgeous\/","title":{"rendered":"MICHAEL KORS SET Gorgeous!"},"content":{"rendered":"<p data-start=\"2957\" data-end=\"3069\"><strong data-start=\"2957\" data-end=\"3069\">Coffret Michael Kors Gorgeous! \u2013 Eau de Parfum 100ml + Lait Corps 100ml + Gel Douche 100ml + Mini Spray 10ml<\/strong><\/p>\n<p data-start=\"3071\" data-end=\"3326\">D\u00e9couvrez l\u2019essence de la f\u00e9minit\u00e9 moderne avec <strong data-start=\"3119\" data-end=\"3145\">Michael Kors Gorgeous!<\/strong>, une c\u00e9l\u00e9bration de la force, de la beaut\u00e9 et de l\u2019authenticit\u00e9. Ce coffret \u00e9l\u00e9gant contient tout le n\u00e9cessaire pour un rituel parfum\u00e9 sophistiqu\u00e9 \u2014 parfait \u00e0 offrir ou \u00e0 s\u2019offrir.<\/p>\n<p data-start=\"3328\" data-end=\"3353\"><strong data-start=\"3328\" data-end=\"3353\">Le coffret contient :<\/strong><\/p>\n<ul data-start=\"3355\" data-end=\"4051\">\n<li data-start=\"3355\" data-end=\"3637\">\n<p data-start=\"3357\" data-end=\"3637\"><strong data-start=\"3357\" data-end=\"3380\">Eau de Parfum 100ml<\/strong> : une fragrance florale-bois\u00e9e irr\u00e9sistible. Des notes p\u00e9tillantes de bergamote ouvrent le parfum, suivies d\u2019un c\u0153ur opulent de fleurs blanches. En fond, des bois doux et une touche de tabac apportent chaleur et sensualit\u00e9. Un sillage audacieux et f\u00e9minin.<\/p>\n<\/li>\n<li data-start=\"3638\" data-end=\"3817\">\n<p data-start=\"3640\" data-end=\"3817\"><strong data-start=\"3640\" data-end=\"3668\">Lait pour le corps 100ml<\/strong> : une lotion parfum\u00e9e qui hydrate intens\u00e9ment la peau tout en la laissant douce et d\u00e9licatement parfum\u00e9e. Parfait pour prolonger la tenue du parfum.<\/p>\n<\/li>\n<li data-start=\"3818\" data-end=\"3949\">\n<p data-start=\"3820\" data-end=\"3949\"><strong data-start=\"3820\" data-end=\"3840\">Gel Douche 100ml<\/strong> : un gel douche d\u00e9licat qui nettoie la peau en douceur tout en l\u2019enveloppant du parfum \u00e9l\u00e9gant de Gorgeous!.<\/p>\n<\/li>\n<li data-start=\"3950\" data-end=\"4051\">\n<p data-start=\"3952\" data-end=\"4051\"><strong data-start=\"3952\" data-end=\"3979\">Mini Eau de Parfum 10ml<\/strong> : le format id\u00e9al pour emporter votre parfum pr\u00e9f\u00e9r\u00e9 partout avec vous.<\/p>\n<\/li>\n<\/ul>\n<p data-start=\"4053\" data-end=\"4258\">Avec le coffret <strong data-start=\"4069\" data-end=\"4095\">Michael Kors Gorgeous!<\/strong>, chaque geste devient un rituel de beaut\u00e9 et d\u2019\u00e9l\u00e9gance. Pr\u00e9sent\u00e9 dans un \u00e9crin raffin\u00e9, c\u2019est le cadeau parfait pour une femme moderne, affirm\u00e9e et sophistiqu\u00e9e.<\/p>\n<p data-start=\"4260\" data-end=\"4314\"><strong data-start=\"4260\" data-end=\"4314\">Soyez audacieuse, soyez vous-m\u00eame. Soyez Gorgeous!<\/strong><\/p>\n<p data-start=\"1431\" data-end=\"1675\">Follow us!\u00a0<a href=\"https:\/\/www.instagram.com\/freeshopswiss\/\" target=\"_blank\" rel=\"noopener\">@freeshopswiss<\/a><\/p>\n","protected":false},"excerpt":{"rendered":"<p>Coffret Michael Kors Gorgeous! \u2013 Eau de Parfum 100ml + Lait Corps 100ml + Gel Douche 100ml + Mini Spray 10ml D\u00e9couvrez l\u2019essence de la f\u00e9minit\u00e9 moderne avec Michael Kors Gorgeous!, une c\u00e9l\u00e9bration de la force, de la beaut\u00e9 et de l\u2019authenticit\u00e9. Ce coffret \u00e9l\u00e9gant contient tout le n\u00e9cessaire pour un rituel parfum\u00e9 sophistiqu\u00e9 \u2014 [&hellip;]<\/p>\n","protected":false},"featured_media":31248,"comment_status":"open","ping_status":"closed","template":"","meta":[],"pwb-brand":[118],"product_brand":[],"product_cat":[109,484],"product_tag":[459,461,296,417],"class_list":{"0":"post-31253","1":"product","2":"type-product","3":"status-publish","4":"has-post-thumbnail","6":"pwb-brand-michael-kors","7":"product_cat-pour-elle","8":"product_cat-coffret","9":"product_tag-coffret","10":"product_tag-coffrets-femme","11":"product_tag-femme","12":"product_tag-soins-fr","14":"first","15":"outofstock","16":"sale","17":"taxable","18":"shipping-taxable","19":"purchasable","20":"product-type-simple"},"brands":[{"id":118,"name":"Michael Kors","slug":"michael-kors"}],"_links":{"self":[{"href":"https:\/\/www.freeshopfrontiera.ch\/fr\/wp-json\/wp\/v2\/product\/31253","targetHints":{"allow":["GET"]}}],"collection":[{"href":"https:\/\/www.freeshopfrontiera.ch\/fr\/wp-json\/wp\/v2\/product"}],"about":[{"href":"https:\/\/www.freeshopfrontiera.ch\/fr\/wp-json\/wp\/v2\/types\/product"}],"replies":[{"embeddable":true,"href":"https:\/\/www.freeshopfrontiera.ch\/fr\/wp-json\/wp\/v2\/comments?post=31253"}],"version-history":[{"count":3,"href":"https:\/\/www.freeshopfrontiera.ch\/fr\/wp-json\/wp\/v2\/product\/31253\/revisions"}],"predecessor-version":[{"id":31260,"href":"https:\/\/www.freeshopfrontiera.ch\/fr\/wp-json\/wp\/v2\/product\/31253\/revisions\/31260"}],"wp:featuredmedia":[{"embeddable":true,"href":"https:\/\/www.freeshopfrontiera.ch\/fr\/wp-json\/wp\/v2\/media\/31248"}],"wp:attachment":[{"href":"https:\/\/www.freeshopfrontiera.ch\/fr\/wp-json\/wp\/v2\/media?parent=31253"}],"wp:term":[{"taxonomy":"pwb-brand","embeddable":true,"href":"https:\/\/www.freeshopfrontiera.ch\/fr\/wp-json\/wp\/v2\/pwb-brand?post=31253"},{"taxonomy":"product_brand","embeddable":true,"href":"https:\/\/www.freeshopfrontiera.ch\/fr\/wp-json\/wp\/v2\/product_brand?post=31253"},{"taxonomy":"product_cat","embeddable":true,"href":"https:\/\/www.freeshopfrontiera.ch\/fr\/wp-json\/wp\/v2\/product_cat?post=31253"},{"taxonomy":"product_tag","embeddable":true,"href":"https:\/\/www.freeshopfrontiera.ch\/fr\/wp-json\/wp\/v2\/product_tag?post=31253"}],"curies":[{"name":"wp","href":"https:\/\/api.w.org\/{rel}","templated":true}]}}