{"id":31267,"date":"2025-02-07T15:29:41","date_gmt":"2025-02-07T15:29:41","guid":{"rendered":"https:\/\/www.freeshopfrontiera.ch\/shop\/rabanne-invictus-le-parfum-eau-de-parfum\/"},"modified":"2025-05-27T11:31:18","modified_gmt":"2025-05-27T11:31:18","slug":"rabanne-invictus-le-parfum-eau-de-parfum","status":"publish","type":"product","link":"https:\/\/www.freeshopfrontiera.ch\/fr\/shop\/rabanne-invictus-le-parfum-eau-de-parfum\/","title":{"rendered":"RABANNE Invictus Le Parfum"},"content":{"rendered":"<p><strong>RABANNE Invictus Le Parfum Eau de Parfum Vapo<\/strong> est l\u2019interpr\u00e9tation la plus intense et s\u00e9duisante du l\u00e9gendaire parfum Invictus \u2013 con\u00e7u pour l\u2019homme qui incarne la victoire, la force et la passion dans chaque aspect de sa vie. Cette eau de parfum c\u00e9l\u00e8bre l\u2019\u00e9nergie irr\u00e9sistible d\u2019un homme qui repousse sans cesse ses limites, transformant chacun de ses gestes en un triomphe.<\/p>\n<p>La premi\u00e8re impression est imm\u00e9diatement enveloppante et puissante \u2013 une fra\u00eecheur explosive de pamplemousse et de mandarine s\u2019\u00e9panouit. Ces notes d\u2019agrumes se m\u00ealent \u00e0 la force et \u00e0 la chaleur du bois de ga\u00efac, cr\u00e9ant un contraste parfait entre fra\u00eecheur et intensit\u00e9 qui captive les sens.<\/p>\n<p>Le c\u0153ur du parfum r\u00e9v\u00e8le la sauge sclar\u00e9e, qui apporte au parfum une profondeur raffin\u00e9e et \u00e9l\u00e9gante. Cette note florale et \u00e9pic\u00e9e ajoute une dimension plus complexe et cr\u00e9e un \u00e9quilibre sophistiqu\u00e9 entre fra\u00eecheur et sensualit\u00e9.<\/p>\n<p>Le fond de musc, de vanille et de bois de c\u00e8dre est une v\u00e9ritable explosion de sensualit\u00e9 et de puissance. Le musc laisse un sillage persistant et enveloppant, tandis que la vanille offre un contraste doux et envo\u00fbtant. Le bois de c\u00e8dre apporte structure et long\u00e9vit\u00e9 au parfum.<\/p>\n<p>Le flacon, \u00e9l\u00e9gant et raffin\u00e9, rappelle la forme d\u2019un troph\u00e9e \u2013 symbole de victoire et de succ\u00e8s \u2013 et incarne parfaitement l\u2019essence d\u2019un homme audacieux et d\u00e9termin\u00e9. Avec son design imposant, il rend hommage au triomphe et \u00e0 l\u2019esprit de conqu\u00eate indomptable.<\/p>\n<p><strong>Invictus Le Parfum<\/strong> est le parfum id\u00e9al pour l\u2019homme qui affronte la vie avec courage, passion et d\u00e9termination. Parfait pour les occasions sp\u00e9ciales \u2013 pour ceux qui veulent laisser une empreinte inoubliable et \u00eatre rappel\u00e9s comme un v\u00e9ritable vainqueur.<\/p>\n<p>\ud83d\udc49 Suivez-nous pour toutes nos nouveaut\u00e9s sur <a href=\"https:\/\/www.instagram.com\/freeshopswiss\/\" target=\"_blank\" rel=\"noopener\">@freeshopswiss<\/a><\/p>\n","protected":false},"excerpt":{"rendered":"<p><em><strong>Eau de\u00a0 Parfum<\/strong><\/em><\/p>\n","protected":false},"featured_media":11281,"comment_status":"open","ping_status":"closed","template":"","meta":[],"pwb-brand":[378],"product_brand":[],"product_cat":[87,89],"product_tag":[141,1629,143,97],"class_list":{"0":"post-31267","1":"product","2":"type-product","3":"status-publish","4":"has-post-thumbnail","6":"pwb-brand-rabanne","7":"product_cat-parfums","8":"product_cat-pour-lui","9":"product_tag-eau-de-toilette-fr","10":"product_tag-mens-fragrances-fr","11":"product_tag-homme","12":"product_tag-parfums","14":"first","15":"instock","16":"sale","17":"taxable","18":"shipping-taxable","19":"purchasable","20":"product-type-variable","21":"has-default-attributes"},"brands":[{"id":378,"name":"Rabanne","slug":"rabanne"}],"_links":{"self":[{"href":"https:\/\/www.freeshopfrontiera.ch\/fr\/wp-json\/wp\/v2\/product\/31267","targetHints":{"allow":["GET"]}}],"collection":[{"href":"https:\/\/www.freeshopfrontiera.ch\/fr\/wp-json\/wp\/v2\/product"}],"about":[{"href":"https:\/\/www.freeshopfrontiera.ch\/fr\/wp-json\/wp\/v2\/types\/product"}],"replies":[{"embeddable":true,"href":"https:\/\/www.freeshopfrontiera.ch\/fr\/wp-json\/wp\/v2\/comments?post=31267"}],"version-history":[{"count":2,"href":"https:\/\/www.freeshopfrontiera.ch\/fr\/wp-json\/wp\/v2\/product\/31267\/revisions"}],"predecessor-version":[{"id":31276,"href":"https:\/\/www.freeshopfrontiera.ch\/fr\/wp-json\/wp\/v2\/product\/31267\/revisions\/31276"}],"wp:featuredmedia":[{"embeddable":true,"href":"https:\/\/www.freeshopfrontiera.ch\/fr\/wp-json\/wp\/v2\/media\/11281"}],"wp:attachment":[{"href":"https:\/\/www.freeshopfrontiera.ch\/fr\/wp-json\/wp\/v2\/media?parent=31267"}],"wp:term":[{"taxonomy":"pwb-brand","embeddable":true,"href":"https:\/\/www.freeshopfrontiera.ch\/fr\/wp-json\/wp\/v2\/pwb-brand?post=31267"},{"taxonomy":"product_brand","embeddable":true,"href":"https:\/\/www.freeshopfrontiera.ch\/fr\/wp-json\/wp\/v2\/product_brand?post=31267"},{"taxonomy":"product_cat","embeddable":true,"href":"https:\/\/www.freeshopfrontiera.ch\/fr\/wp-json\/wp\/v2\/product_cat?post=31267"},{"taxonomy":"product_tag","embeddable":true,"href":"https:\/\/www.freeshopfrontiera.ch\/fr\/wp-json\/wp\/v2\/product_tag?post=31267"}],"curies":[{"name":"wp","href":"https:\/\/api.w.org\/{rel}","templated":true}]}}