{"id":31442,"date":"2025-05-26T16:00:35","date_gmt":"2025-05-26T16:00:35","guid":{"rendered":"https:\/\/www.freeshopfrontiera.ch\/shop\/house-of-perfumes-mashair-class-100ml\/"},"modified":"2025-05-28T09:45:41","modified_gmt":"2025-05-28T09:45:41","slug":"house-of-perfumes-mashair-class-100ml","status":"publish","type":"product","link":"https:\/\/www.freeshopfrontiera.ch\/fr\/shop\/house-of-perfumes-mashair-class-100ml\/","title":{"rendered":"HOUSE OF PERFUMES Mashair Class 100ml"},"content":{"rendered":"<p data-start=\"3293\" data-end=\"3408\"><strong data-start=\"3293\" data-end=\"3408\">HOUSE OF PERFUMES Mashair Class Eau de Parfum 100ml \u2013 L&rsquo;\u00e9l\u00e9gance intemporelle dans un parfum intense et raffin\u00e9<\/strong><\/p>\n<p data-start=\"3410\" data-end=\"3746\">D\u00e9couvrez l&rsquo;essence du charme oriental avec Mashair Class Eau de Parfum de HOUSE OF PERFUMES, un parfum exclusif de 100 ml incarnant la classe, la sensualit\u00e9 et le raffinement. Con\u00e7ue pour ceux qui souhaitent se distinguer avec \u00e9l\u00e9gance, cette fragrance unisexe enveloppe les sens dans un parfait \u00e9quilibre entre tradition et modernit\u00e9.<\/p>\n<p data-start=\"3748\" data-end=\"4088\">Mashair Class s\u2019ouvre sur un \u00e9clat d\u2019agrumes et d\u2019\u00e9pices captivant. Le c\u0153ur d\u00e9voile un bouquet riche et enveloppant, o\u00f9 fleurs pr\u00e9cieuses et accents bois\u00e9s se fondent en parfaite harmonie. La base chaude et persistante, domin\u00e9e par l\u2019ambre, le musc et les bois orientaux, laisse un sillage profond et irr\u00e9sistible qui dure toute la journ\u00e9e.<\/p>\n<p data-start=\"4090\" data-end=\"4319\">Parfait pour toutes les occasions, ce parfum est id\u00e9al pour les amateurs de senteurs intenses, \u00e9l\u00e9gantes et sophistiqu\u00e9es. Adapt\u00e9 aussi bien de jour que de nuit, Mashair Class laisse une empreinte olfactive unique et inoubliable.<\/p>\n<p data-start=\"4321\" data-end=\"4530\">Le flacon de 100 ml, \u00e9l\u00e9gant et minimaliste, refl\u00e8te l\u2019\u00e2me luxueuse de la fragrance, en faisant \u00e9galement une excellente id\u00e9e cadeau pour les amateurs de parfums de niche et d\u2019exp\u00e9riences sensorielles uniques.<\/p>\n<p data-start=\"4532\" data-end=\"4566\"><strong data-start=\"4532\" data-end=\"4566\">Caract\u00e9ristiques principales :<\/strong><\/p>\n<ul data-start=\"4568\" data-end=\"4833\">\n<li data-start=\"4568\" data-end=\"4599\">\n<p data-start=\"4570\" data-end=\"4599\">Eau de Parfum unisexe 100ml<\/p>\n<\/li>\n<li data-start=\"4600\" data-end=\"4628\">\n<p data-start=\"4602\" data-end=\"4628\">Parfum oriental et \u00e9pic\u00e9<\/p>\n<\/li>\n<li data-start=\"4629\" data-end=\"4664\">\n<p data-start=\"4631\" data-end=\"4664\">Notes de t\u00eate : agrumes, \u00e9pices<\/p>\n<\/li>\n<li data-start=\"4665\" data-end=\"4704\">\n<p data-start=\"4667\" data-end=\"4704\">Notes de c\u0153ur : fleurs nobles, bois<\/p>\n<\/li>\n<li data-start=\"4705\" data-end=\"4752\">\n<p data-start=\"4707\" data-end=\"4752\">Notes de fond : ambre, musc, bois orientaux<\/p>\n<\/li>\n<li data-start=\"4753\" data-end=\"4799\">\n<p data-start=\"4755\" data-end=\"4799\">Id\u00e9al pour toutes les saisons et occasions<\/p>\n<\/li>\n<li data-start=\"4800\" data-end=\"4833\">\n<p data-start=\"4802\" data-end=\"4833\">Tenue intense et longue dur\u00e9e<\/p>\n<\/li>\n<\/ul>\n<p>&nbsp;<\/p>\n<p>Follow us!\u00a0<a href=\"https:\/\/www.instagram.com\/freeshopswiss\/\" target=\"_blank\" rel=\"noopener\">@freeshopswiss<\/a><\/p>\n","protected":false},"excerpt":{"rendered":"<p>HOUSE OF PERFUMES Mashair Class Eau de Parfum 100ml \u2013 L&rsquo;\u00e9l\u00e9gance intemporelle dans un parfum intense et raffin\u00e9 D\u00e9couvrez l&rsquo;essence du charme oriental avec Mashair Class Eau de Parfum de HOUSE OF PERFUMES, un parfum exclusif de 100 ml incarnant la classe, la sensualit\u00e9 et le raffinement. Con\u00e7ue pour ceux qui souhaitent se distinguer avec [&hellip;]<\/p>\n","protected":false},"featured_media":31210,"comment_status":"open","ping_status":"closed","template":"","meta":[],"pwb-brand":[391],"product_brand":[],"product_cat":[87],"product_tag":[252,296,789,1629,143,594],"class_list":{"0":"post-31442","1":"product","2":"type-product","3":"status-publish","4":"has-post-thumbnail","6":"pwb-brand-house-of-perfumes","7":"product_cat-parfums","8":"product_tag-eau-de-parfum-fr","9":"product_tag-femme","10":"product_tag-womens-fragrances-fr","11":"product_tag-mens-fragrances-fr","12":"product_tag-homme","13":"product_tag-unisex-fr-2","15":"first","16":"instock","17":"sale","18":"taxable","19":"shipping-taxable","20":"purchasable","21":"product-type-simple"},"brands":[{"id":391,"name":"House of Perfumes","slug":"house-of-perfumes"}],"_links":{"self":[{"href":"https:\/\/www.freeshopfrontiera.ch\/fr\/wp-json\/wp\/v2\/product\/31442","targetHints":{"allow":["GET"]}}],"collection":[{"href":"https:\/\/www.freeshopfrontiera.ch\/fr\/wp-json\/wp\/v2\/product"}],"about":[{"href":"https:\/\/www.freeshopfrontiera.ch\/fr\/wp-json\/wp\/v2\/types\/product"}],"replies":[{"embeddable":true,"href":"https:\/\/www.freeshopfrontiera.ch\/fr\/wp-json\/wp\/v2\/comments?post=31442"}],"version-history":[{"count":1,"href":"https:\/\/www.freeshopfrontiera.ch\/fr\/wp-json\/wp\/v2\/product\/31442\/revisions"}],"predecessor-version":[{"id":31447,"href":"https:\/\/www.freeshopfrontiera.ch\/fr\/wp-json\/wp\/v2\/product\/31442\/revisions\/31447"}],"wp:featuredmedia":[{"embeddable":true,"href":"https:\/\/www.freeshopfrontiera.ch\/fr\/wp-json\/wp\/v2\/media\/31210"}],"wp:attachment":[{"href":"https:\/\/www.freeshopfrontiera.ch\/fr\/wp-json\/wp\/v2\/media?parent=31442"}],"wp:term":[{"taxonomy":"pwb-brand","embeddable":true,"href":"https:\/\/www.freeshopfrontiera.ch\/fr\/wp-json\/wp\/v2\/pwb-brand?post=31442"},{"taxonomy":"product_brand","embeddable":true,"href":"https:\/\/www.freeshopfrontiera.ch\/fr\/wp-json\/wp\/v2\/product_brand?post=31442"},{"taxonomy":"product_cat","embeddable":true,"href":"https:\/\/www.freeshopfrontiera.ch\/fr\/wp-json\/wp\/v2\/product_cat?post=31442"},{"taxonomy":"product_tag","embeddable":true,"href":"https:\/\/www.freeshopfrontiera.ch\/fr\/wp-json\/wp\/v2\/product_tag?post=31442"}],"curies":[{"name":"wp","href":"https:\/\/api.w.org\/{rel}","templated":true}]}}