{"id":31509,"date":"2025-05-28T11:28:22","date_gmt":"2025-05-28T11:28:22","guid":{"rendered":"https:\/\/www.freeshopfrontiera.ch\/shop\/elizabeth-arden-set-green-tea\/"},"modified":"2025-05-28T11:34:03","modified_gmt":"2025-05-28T11:34:03","slug":"elizabeth-arden-set-green-tea","status":"publish","type":"product","link":"https:\/\/www.freeshopfrontiera.ch\/fr\/shop\/elizabeth-arden-set-green-tea\/","title":{"rendered":"ELIZABETH ARDEN SET Green Tea"},"content":{"rendered":"<p data-start=\"3123\" data-end=\"3205\"><strong data-start=\"3123\" data-end=\"3205\">ELIZABETH ARDEN SET Green Tea \u2013 Fra\u00eecheur et \u00e9nergie pour le corps et l\u2019esprit<\/strong><\/p>\n<p data-start=\"3207\" data-end=\"3636\">Retrouvez votre vitalit\u00e9 quotidienne avec le <strong data-start=\"3252\" data-end=\"3291\">coffret Green Tea d\u2019Elizabeth Arden<\/strong>, une alliance parfaite entre fra\u00eecheur et bien-\u00eatre, pens\u00e9e pour revitaliser les sens et choyer la peau. Ce coffret contient deux produits embl\u00e9matiques : <strong data-start=\"3447\" data-end=\"3485\">Green Tea Eau Parfum\u00e9e Spray 100ml<\/strong> et <strong data-start=\"3489\" data-end=\"3531\">Green Tea Honey Drops Body Cream 100ml<\/strong>, tous deux inspir\u00e9s par le parfum vivifiant du th\u00e9 vert, symbole de puret\u00e9, d\u2019\u00e9quilibre et de renouveau.<\/p>\n<p data-start=\"3638\" data-end=\"4059\">La fragrance, l\u00e9g\u00e8re et rafra\u00eechissante, s\u2019ouvre sur des notes d\u2019agrumes p\u00e9tillantes de citron, de bergamote et de menthe, suivies d\u2019un c\u0153ur d\u00e9licat de th\u00e9 vert, de jasmin et de girofle. Le fond, doux et apaisant, procure une sensation durable de confort. Green Tea est un classique intemporel, id\u00e9al pour une utilisation quotidienne et parfait pour celles qui aiment les parfums frais, propres et naturellement \u00e9l\u00e9gants.<\/p>\n<p data-start=\"4061\" data-end=\"4379\">La <strong data-start=\"4064\" data-end=\"4109\">cr\u00e8me pour le corps Green Tea Honey Drops<\/strong>, enrichie en miel et en capsules \u00e9mollientes, nourrit intens\u00e9ment la peau en la laissant douce, soyeuse et subtilement parfum\u00e9e. Sa texture velout\u00e9e p\u00e9n\u00e8tre rapidement et offre une sensation imm\u00e9diate de bien-\u00eatre, parfaite apr\u00e8s la douche ou pour un moment de d\u00e9tente.<\/p>\n<p data-start=\"4381\" data-end=\"4596\">Ce coffret est un cadeau parfait pour une personne ch\u00e8re ou une belle attention \u00e0 s\u2019offrir pour une routine de soins simple mais raffin\u00e9e. Une harmonie de fra\u00eecheur, de douceur et de f\u00e9minit\u00e9 sign\u00e9e Elizabeth Arden.<\/p>\n<p data-start=\"4381\" data-end=\"4596\">\n<p data-start=\"1453\" data-end=\"1668\">Follow us!\u00a0<a href=\"https:\/\/www.instagram.com\/freeshopswiss\/\" target=\"_blank\" rel=\"noopener\">@freeshopswiss<\/a><\/p>\n","protected":false},"excerpt":{"rendered":"<p>ELIZABETH ARDEN SET Green Tea \u2013 Fra\u00eecheur et \u00e9nergie pour le corps et l\u2019esprit Retrouvez votre vitalit\u00e9 quotidienne avec le coffret Green Tea d\u2019Elizabeth Arden, une alliance parfaite entre fra\u00eecheur et bien-\u00eatre, pens\u00e9e pour revitaliser les sens et choyer la peau. Ce coffret contient deux produits embl\u00e9matiques : Green Tea Eau Parfum\u00e9e Spray 100ml et [&hellip;]<\/p>\n","protected":false},"featured_media":31505,"comment_status":"open","ping_status":"closed","template":"","meta":[],"pwb-brand":[289],"product_brand":[],"product_cat":[87,109],"product_tag":[459,461,296],"class_list":{"0":"post-31509","1":"product","2":"type-product","3":"status-publish","4":"has-post-thumbnail","6":"pwb-brand-elizabeth-arden","7":"product_cat-parfums","8":"product_cat-pour-elle","9":"product_tag-coffret","10":"product_tag-coffrets-femme","11":"product_tag-femme","13":"first","14":"outofstock","15":"sale","16":"taxable","17":"shipping-taxable","18":"purchasable","19":"product-type-simple"},"brands":[{"id":289,"name":"Elizabeth Arden","slug":"elizabeth-arden"}],"_links":{"self":[{"href":"https:\/\/www.freeshopfrontiera.ch\/fr\/wp-json\/wp\/v2\/product\/31509","targetHints":{"allow":["GET"]}}],"collection":[{"href":"https:\/\/www.freeshopfrontiera.ch\/fr\/wp-json\/wp\/v2\/product"}],"about":[{"href":"https:\/\/www.freeshopfrontiera.ch\/fr\/wp-json\/wp\/v2\/types\/product"}],"replies":[{"embeddable":true,"href":"https:\/\/www.freeshopfrontiera.ch\/fr\/wp-json\/wp\/v2\/comments?post=31509"}],"version-history":[{"count":2,"href":"https:\/\/www.freeshopfrontiera.ch\/fr\/wp-json\/wp\/v2\/product\/31509\/revisions"}],"predecessor-version":[{"id":31514,"href":"https:\/\/www.freeshopfrontiera.ch\/fr\/wp-json\/wp\/v2\/product\/31509\/revisions\/31514"}],"wp:featuredmedia":[{"embeddable":true,"href":"https:\/\/www.freeshopfrontiera.ch\/fr\/wp-json\/wp\/v2\/media\/31505"}],"wp:attachment":[{"href":"https:\/\/www.freeshopfrontiera.ch\/fr\/wp-json\/wp\/v2\/media?parent=31509"}],"wp:term":[{"taxonomy":"pwb-brand","embeddable":true,"href":"https:\/\/www.freeshopfrontiera.ch\/fr\/wp-json\/wp\/v2\/pwb-brand?post=31509"},{"taxonomy":"product_brand","embeddable":true,"href":"https:\/\/www.freeshopfrontiera.ch\/fr\/wp-json\/wp\/v2\/product_brand?post=31509"},{"taxonomy":"product_cat","embeddable":true,"href":"https:\/\/www.freeshopfrontiera.ch\/fr\/wp-json\/wp\/v2\/product_cat?post=31509"},{"taxonomy":"product_tag","embeddable":true,"href":"https:\/\/www.freeshopfrontiera.ch\/fr\/wp-json\/wp\/v2\/product_tag?post=31509"}],"curies":[{"name":"wp","href":"https:\/\/api.w.org\/{rel}","templated":true}]}}