{"id":31554,"date":"2025-05-30T09:33:20","date_gmt":"2025-05-30T09:33:20","guid":{"rendered":"https:\/\/www.freeshopfrontiera.ch\/shop\/house-of-perfumes-mashair-oud-eau-de-parfum-vapo-100ml\/"},"modified":"2025-06-02T09:34:00","modified_gmt":"2025-06-02T09:34:00","slug":"house-of-perfumes-mashair-oud-eau-de-parfum-vapo-100ml","status":"publish","type":"product","link":"https:\/\/www.freeshopfrontiera.ch\/fr\/shop\/house-of-perfumes-mashair-oud-eau-de-parfum-vapo-100ml\/","title":{"rendered":"HOUSE OF PERFUMES Mashair Oud Eau de Parfum Vapo 100ml"},"content":{"rendered":"<p data-start=\"1396\" data-end=\"1454\"><strong data-start=\"1396\" data-end=\"1454\">HOUSE OF PERFUMES Mashair Oud Eau de Parfum Vapo 100ml<\/strong><\/p>\n<p data-start=\"1456\" data-end=\"1821\">D\u00e9couvrez l&rsquo;\u00e9l\u00e9gance intemporelle de Mashair Oud Eau de Parfum de House of Perfumes, une fragrance intense et enveloppante qui incarne l\u2019essence de l\u2019Orient. Con\u00e7ue pour les amateurs de parfums sophistiqu\u00e9s et persistants, cette eau de parfum rend hommage \u00e0 la parfumerie arabe en alliant tradition et modernit\u00e9 dans une composition \u00e0 la fois sensuelle et raffin\u00e9e.<\/p>\n<p data-start=\"1823\" data-end=\"2215\">Mashair Oud s\u2019ouvre sur des notes \u00e9pic\u00e9es et chaleureuses qui \u00e9veillent les sens d\u00e8s la premi\u00e8re vaporisation. En c\u0153ur, l\u2019oud \u2013 ingr\u00e9dient vedette \u2013 d\u00e9ploie toute sa puissance : bois\u00e9, r\u00e9sineux et profond, il est sublim\u00e9 par des accords ambr\u00e9s et une touche florale qui apporte \u00e9quilibre et intensit\u00e9. La base r\u00e9v\u00e8le des notes musqu\u00e9es et des bois pr\u00e9cieux pour un sillage intense et durable.<\/p>\n<p data-start=\"2217\" data-end=\"2384\">Parfait pour les soir\u00e9es \u00e9l\u00e9gantes ou pour se d\u00e9marquer, ce parfum mixte est pr\u00e9sent\u00e9 dans un flacon de 100ml \u00e9l\u00e9gant et raffin\u00e9, id\u00e9al aussi comme cadeau de prestige.<\/p>\n<p data-start=\"2386\" data-end=\"2683\">Mashair Oud Eau de Parfum est un choix exclusif pour ceux qui recherchent une fragrance avec du caract\u00e8re, capable d\u2019\u00e9voquer des \u00e9motions profondes et un voile de myst\u00e8re. Un parfum qui raconte une histoire de luxe et d&rsquo;identit\u00e9, id\u00e9al pour les amoureux d\u2019essences orientales riches et sensuelles.<\/p>\n<p data-start=\"1160\" data-end=\"1437\">Follow us! \u00a0<a href=\"https:\/\/www.instagram.com\/freeshopswiss\/\" target=\"_blank\" rel=\"noopener\">@freeshopswiss<\/a><\/p>\n","protected":false},"excerpt":{"rendered":"<p>HOUSE OF PERFUMES Mashair Oud Eau de Parfum Vapo 100ml D\u00e9couvrez l&rsquo;\u00e9l\u00e9gance intemporelle de Mashair Oud Eau de Parfum de House of Perfumes, une fragrance intense et enveloppante qui incarne l\u2019essence de l\u2019Orient. Con\u00e7ue pour les amateurs de parfums sophistiqu\u00e9s et persistants, cette eau de parfum rend hommage \u00e0 la parfumerie arabe en alliant tradition [&hellip;]<\/p>\n","protected":false},"featured_media":31545,"comment_status":"open","ping_status":"closed","template":"","meta":[],"pwb-brand":[391],"product_brand":[],"product_cat":[87,109],"product_tag":[252,296,789,1629,143,97,594],"class_list":{"0":"post-31554","1":"product","2":"type-product","3":"status-publish","4":"has-post-thumbnail","6":"pwb-brand-house-of-perfumes","7":"product_cat-parfums","8":"product_cat-pour-elle","9":"product_tag-eau-de-parfum-fr","10":"product_tag-femme","11":"product_tag-womens-fragrances-fr","12":"product_tag-mens-fragrances-fr","13":"product_tag-homme","14":"product_tag-parfums","15":"product_tag-unisex-fr-2","17":"first","18":"instock","19":"sale","20":"taxable","21":"shipping-taxable","22":"purchasable","23":"product-type-simple"},"brands":[{"id":391,"name":"House of Perfumes","slug":"house-of-perfumes"}],"_links":{"self":[{"href":"https:\/\/www.freeshopfrontiera.ch\/fr\/wp-json\/wp\/v2\/product\/31554","targetHints":{"allow":["GET"]}}],"collection":[{"href":"https:\/\/www.freeshopfrontiera.ch\/fr\/wp-json\/wp\/v2\/product"}],"about":[{"href":"https:\/\/www.freeshopfrontiera.ch\/fr\/wp-json\/wp\/v2\/types\/product"}],"replies":[{"embeddable":true,"href":"https:\/\/www.freeshopfrontiera.ch\/fr\/wp-json\/wp\/v2\/comments?post=31554"}],"version-history":[{"count":1,"href":"https:\/\/www.freeshopfrontiera.ch\/fr\/wp-json\/wp\/v2\/product\/31554\/revisions"}],"predecessor-version":[{"id":31558,"href":"https:\/\/www.freeshopfrontiera.ch\/fr\/wp-json\/wp\/v2\/product\/31554\/revisions\/31558"}],"wp:featuredmedia":[{"embeddable":true,"href":"https:\/\/www.freeshopfrontiera.ch\/fr\/wp-json\/wp\/v2\/media\/31545"}],"wp:attachment":[{"href":"https:\/\/www.freeshopfrontiera.ch\/fr\/wp-json\/wp\/v2\/media?parent=31554"}],"wp:term":[{"taxonomy":"pwb-brand","embeddable":true,"href":"https:\/\/www.freeshopfrontiera.ch\/fr\/wp-json\/wp\/v2\/pwb-brand?post=31554"},{"taxonomy":"product_brand","embeddable":true,"href":"https:\/\/www.freeshopfrontiera.ch\/fr\/wp-json\/wp\/v2\/product_brand?post=31554"},{"taxonomy":"product_cat","embeddable":true,"href":"https:\/\/www.freeshopfrontiera.ch\/fr\/wp-json\/wp\/v2\/product_cat?post=31554"},{"taxonomy":"product_tag","embeddable":true,"href":"https:\/\/www.freeshopfrontiera.ch\/fr\/wp-json\/wp\/v2\/product_tag?post=31554"}],"curies":[{"name":"wp","href":"https:\/\/api.w.org\/{rel}","templated":true}]}}