{"id":31589,"date":"2025-05-30T11:44:34","date_gmt":"2025-05-30T11:44:34","guid":{"rendered":"https:\/\/www.freeshopfrontiera.ch\/shop\/yves-saint-laurent-libre-leau-nue-parfum-de-peau\/"},"modified":"2025-05-30T11:55:02","modified_gmt":"2025-05-30T11:55:02","slug":"yves-saint-laurent-libre-leau-nue-parfum-de-peau","status":"publish","type":"product","link":"https:\/\/www.freeshopfrontiera.ch\/fr\/shop\/yves-saint-laurent-libre-leau-nue-parfum-de-peau\/","title":{"rendered":"YVES SAINT LAURENT Libre L&rsquo;Eau Nue Parfum De Peau"},"content":{"rendered":"<h3 data-start=\"150\" data-end=\"212\"><strong data-start=\"154\" data-end=\"212\">YVES SAINT LAURENT Libre L&rsquo;Eau Nue Parfum De Peau\u00a0<\/strong><\/h3>\n<p data-start=\"2939\" data-end=\"3302\">Plongez dans la fra\u00eecheur et l\u2019\u00e9l\u00e9gance moderne de <strong data-start=\"2990\" data-end=\"3024\">Libre L\u2019Eau Nue Parfum De Peau<\/strong> de <strong data-start=\"3028\" data-end=\"3050\">Yves Saint Laurent<\/strong>, une fragrance audacieuse qui c\u00e9l\u00e8bre la libert\u00e9, la sensualit\u00e9 et la beaut\u00e9 naturelle de la peau nue. Con\u00e7ue pour les femmes s\u00fbres d\u2019elles et affirm\u00e9es, cette eau de parfum r\u00e9unit douceur, fra\u00eecheur et intensit\u00e9 dans une composition olfactive unique.<\/p>\n<p data-start=\"3304\" data-end=\"3699\">D\u00e8s les premi\u00e8res notes, la mandarine et le pamplemousse \u00e9clatent en bouche avec vitalit\u00e9 et \u00e9clat. Le c\u0153ur floral r\u00e9v\u00e8le la signature embl\u00e9matique de Libre : fleur d\u2019oranger et lavande, un duo d\u00e9licat et puissant \u00e0 la fois, qui incarne f\u00e9minit\u00e9 et affirmation de soi. En fond, le musc blanc et les notes de peau forment un sillage intime et enveloppant, qui reste sur la peau comme une caresse.<\/p>\n<p data-start=\"3701\" data-end=\"3943\">Id\u00e9al au quotidien et pendant les saisons chaudes, ce parfum s\u00e9duit par son \u00e9quilibre parfait entre fra\u00eecheur l\u00e9g\u00e8re et sophistication olfactive. Le flacon, au design \u00e9pur\u00e9 et \u00e9l\u00e9gant, refl\u00e8te parfaitement l&rsquo;esprit audacieux de la maison YSL.<\/p>\n<p data-start=\"3945\" data-end=\"4111\"><strong data-start=\"3945\" data-end=\"3964\">Libre L\u2019Eau Nue<\/strong> est plus qu\u2019un simple parfum : c\u2019est une d\u00e9claration de libert\u00e9, un hommage \u00e0 la femme moderne qui assume sa personnalit\u00e9 avec \u00e9l\u00e9gance et audace.<\/p>\n<p data-start=\"1431\" data-end=\"1695\">Follow us! <a href=\"https:\/\/www.instagram.com\/freeshopswiss\/\" target=\"_blank\" rel=\"noopener\">@freeshopswiss<\/a><\/p>\n","protected":false},"excerpt":{"rendered":"<p>YVES SAINT LAURENT Libre L&rsquo;Eau Nue Parfum De Peau\u00a0 Plongez dans la fra\u00eecheur et l\u2019\u00e9l\u00e9gance moderne de Libre L\u2019Eau Nue Parfum De Peau de Yves Saint Laurent, une fragrance audacieuse qui c\u00e9l\u00e8bre la libert\u00e9, la sensualit\u00e9 et la beaut\u00e9 naturelle de la peau nue. Con\u00e7ue pour les femmes s\u00fbres d\u2019elles et affirm\u00e9es, cette eau de [&hellip;]<\/p>\n","protected":false},"featured_media":31581,"comment_status":"open","ping_status":"closed","template":"","meta":[],"pwb-brand":[268],"product_brand":[],"product_cat":[87,109],"product_tag":[252,296,5050,789,97],"class_list":{"0":"post-31589","1":"product","2":"type-product","3":"status-publish","4":"has-post-thumbnail","6":"pwb-brand-yves-saint-laurent","7":"product_cat-parfums","8":"product_cat-pour-elle","9":"product_tag-eau-de-parfum-fr","10":"product_tag-femme","11":"product_tag-fete-des-meres","12":"product_tag-womens-fragrances-fr","13":"product_tag-parfums","15":"first","16":"instock","17":"sale","18":"taxable","19":"shipping-taxable","20":"purchasable","21":"product-type-simple"},"brands":[{"id":268,"name":"Yves Saint Laurent","slug":"yves-saint-laurent"}],"_links":{"self":[{"href":"https:\/\/www.freeshopfrontiera.ch\/fr\/wp-json\/wp\/v2\/product\/31589","targetHints":{"allow":["GET"]}}],"collection":[{"href":"https:\/\/www.freeshopfrontiera.ch\/fr\/wp-json\/wp\/v2\/product"}],"about":[{"href":"https:\/\/www.freeshopfrontiera.ch\/fr\/wp-json\/wp\/v2\/types\/product"}],"replies":[{"embeddable":true,"href":"https:\/\/www.freeshopfrontiera.ch\/fr\/wp-json\/wp\/v2\/comments?post=31589"}],"version-history":[{"count":1,"href":"https:\/\/www.freeshopfrontiera.ch\/fr\/wp-json\/wp\/v2\/product\/31589\/revisions"}],"predecessor-version":[{"id":31596,"href":"https:\/\/www.freeshopfrontiera.ch\/fr\/wp-json\/wp\/v2\/product\/31589\/revisions\/31596"}],"wp:featuredmedia":[{"embeddable":true,"href":"https:\/\/www.freeshopfrontiera.ch\/fr\/wp-json\/wp\/v2\/media\/31581"}],"wp:attachment":[{"href":"https:\/\/www.freeshopfrontiera.ch\/fr\/wp-json\/wp\/v2\/media?parent=31589"}],"wp:term":[{"taxonomy":"pwb-brand","embeddable":true,"href":"https:\/\/www.freeshopfrontiera.ch\/fr\/wp-json\/wp\/v2\/pwb-brand?post=31589"},{"taxonomy":"product_brand","embeddable":true,"href":"https:\/\/www.freeshopfrontiera.ch\/fr\/wp-json\/wp\/v2\/product_brand?post=31589"},{"taxonomy":"product_cat","embeddable":true,"href":"https:\/\/www.freeshopfrontiera.ch\/fr\/wp-json\/wp\/v2\/product_cat?post=31589"},{"taxonomy":"product_tag","embeddable":true,"href":"https:\/\/www.freeshopfrontiera.ch\/fr\/wp-json\/wp\/v2\/product_tag?post=31589"}],"curies":[{"name":"wp","href":"https:\/\/api.w.org\/{rel}","templated":true}]}}