{"id":31611,"date":"2025-05-30T12:47:02","date_gmt":"2025-05-30T12:47:02","guid":{"rendered":"https:\/\/www.freeshopfrontiera.ch\/shop\/giorgio-armani-armani-code-elixir-parfum-50ml\/"},"modified":"2025-05-30T12:53:42","modified_gmt":"2025-05-30T12:53:42","slug":"giorgio-armani-armani-code-elixir-parfum-50ml","status":"publish","type":"product","link":"https:\/\/www.freeshopfrontiera.ch\/fr\/shop\/giorgio-armani-armani-code-elixir-parfum-50ml\/","title":{"rendered":"GIORGIO ARMANI Armani Code Elixir Parfum 50ml"},"content":{"rendered":"<h3 data-start=\"173\" data-end=\"228\"><strong data-start=\"182\" data-end=\"228\">GIORGIO ARMANI \u2013 Armani Code Elixir Parfum<\/strong><\/h3>\n<p data-start=\"1697\" data-end=\"2026\"><strong data-start=\"1697\" data-end=\"1726\">Armani Code Elixir Parfum<\/strong> de <strong data-start=\"1730\" data-end=\"1748\">Giorgio Armani<\/strong> est une fragrance intense, magn\u00e9tique et profond\u00e9ment masculine, con\u00e7ue pour l\u2019homme moderne qui se distingue par son \u00e9l\u00e9gance et son charisme. Cette version Elixir sublime l\u2019\u00e2me sensuelle de la ligne Armani Code, en lui apportant une profondeur et une sophistication in\u00e9dites.<\/p>\n<p data-start=\"2028\" data-end=\"2420\">La composition s\u2019ouvre sur un \u00e9clat d\u2019agrumes vif avec la bergamote et la mandarine, apportant fra\u00eecheur et luminosit\u00e9 d\u00e8s les premi\u00e8res notes. En c\u0153ur, un m\u00e9lange enveloppant de muscade et de lavande cr\u00e9e un \u00e9quilibre subtil entre \u00e9nergie et raffinement. Le fond d\u00e9voile une signature olfactive sensuelle avec la f\u00e8ve tonka, la vanille et les bois ambr\u00e9s, pour un sillage intense et durable.<\/p>\n<p data-start=\"2422\" data-end=\"2706\"><strong data-start=\"2422\" data-end=\"2444\">Armani Code Elixir<\/strong> est id\u00e9al pour les grandes occasions, les soir\u00e9es \u00e9l\u00e9gantes ou les moments o\u00f9 vous souhaitez marquer les esprits. Son intensit\u00e9 raffin\u00e9e en fait un parfum parfait pour l\u2019automne et l\u2019hiver, mais aussi pour ceux qui aiment porter un parfum affirm\u00e9 toute l\u2019ann\u00e9e.<\/p>\n<p data-start=\"2708\" data-end=\"2972\">Le flacon conserve les lignes iconiques de la collection Armani Code, rehauss\u00e9es de d\u00e9tails dor\u00e9s et noirs qui soulignent son caract\u00e8re luxueux et exclusif. C\u2019est un symbole de s\u00e9duction et de puissance, destin\u00e9 \u00e0 l\u2019homme s\u00fbr de lui et de son pouvoir de s\u00e9duction.<\/p>\n<p data-start=\"2974\" data-end=\"3176\">Choisissez <strong data-start=\"2985\" data-end=\"3014\">Armani Code Elixir Parfum<\/strong> si vous recherchez une essence profonde, chaude et irr\u00e9sistible : un \u00e9lixir contemporain qui allie \u00e9l\u00e9gance italienne, intensit\u00e9 sensorielle et style intemporel.<\/p>\n<p data-start=\"1490\" data-end=\"1683\">Follow us! <a href=\"https:\/\/www.instagram.com\/freeshopswiss\/\" target=\"_blank\" rel=\"noopener\">@freeshopswiss<\/a><\/p>\n","protected":false},"excerpt":{"rendered":"<p>GIORGIO ARMANI \u2013 Armani Code Elixir Parfum Armani Code Elixir Parfum de Giorgio Armani est une fragrance intense, magn\u00e9tique et profond\u00e9ment masculine, con\u00e7ue pour l\u2019homme moderne qui se distingue par son \u00e9l\u00e9gance et son charisme. Cette version Elixir sublime l\u2019\u00e2me sensuelle de la ligne Armani Code, en lui apportant une profondeur et une sophistication in\u00e9dites. [&hellip;]<\/p>\n","protected":false},"featured_media":31603,"comment_status":"open","ping_status":"closed","template":"","meta":[],"pwb-brand":[263],"product_brand":[],"product_cat":[87,89],"product_tag":[252,1629,143,97],"class_list":{"0":"post-31611","1":"product","2":"type-product","3":"status-publish","4":"has-post-thumbnail","6":"pwb-brand-giorgio-armani","7":"product_cat-parfums","8":"product_cat-pour-lui","9":"product_tag-eau-de-parfum-fr","10":"product_tag-mens-fragrances-fr","11":"product_tag-homme","12":"product_tag-parfums","14":"first","15":"instock","16":"sale","17":"taxable","18":"shipping-taxable","19":"purchasable","20":"product-type-simple"},"brands":[{"id":263,"name":"Giorgio Armani","slug":"giorgio-armani"}],"_links":{"self":[{"href":"https:\/\/www.freeshopfrontiera.ch\/fr\/wp-json\/wp\/v2\/product\/31611","targetHints":{"allow":["GET"]}}],"collection":[{"href":"https:\/\/www.freeshopfrontiera.ch\/fr\/wp-json\/wp\/v2\/product"}],"about":[{"href":"https:\/\/www.freeshopfrontiera.ch\/fr\/wp-json\/wp\/v2\/types\/product"}],"replies":[{"embeddable":true,"href":"https:\/\/www.freeshopfrontiera.ch\/fr\/wp-json\/wp\/v2\/comments?post=31611"}],"version-history":[{"count":2,"href":"https:\/\/www.freeshopfrontiera.ch\/fr\/wp-json\/wp\/v2\/product\/31611\/revisions"}],"predecessor-version":[{"id":31614,"href":"https:\/\/www.freeshopfrontiera.ch\/fr\/wp-json\/wp\/v2\/product\/31611\/revisions\/31614"}],"wp:featuredmedia":[{"embeddable":true,"href":"https:\/\/www.freeshopfrontiera.ch\/fr\/wp-json\/wp\/v2\/media\/31603"}],"wp:attachment":[{"href":"https:\/\/www.freeshopfrontiera.ch\/fr\/wp-json\/wp\/v2\/media?parent=31611"}],"wp:term":[{"taxonomy":"pwb-brand","embeddable":true,"href":"https:\/\/www.freeshopfrontiera.ch\/fr\/wp-json\/wp\/v2\/pwb-brand?post=31611"},{"taxonomy":"product_brand","embeddable":true,"href":"https:\/\/www.freeshopfrontiera.ch\/fr\/wp-json\/wp\/v2\/product_brand?post=31611"},{"taxonomy":"product_cat","embeddable":true,"href":"https:\/\/www.freeshopfrontiera.ch\/fr\/wp-json\/wp\/v2\/product_cat?post=31611"},{"taxonomy":"product_tag","embeddable":true,"href":"https:\/\/www.freeshopfrontiera.ch\/fr\/wp-json\/wp\/v2\/product_tag?post=31611"}],"curies":[{"name":"wp","href":"https:\/\/api.w.org\/{rel}","templated":true}]}}