{"id":31741,"date":"2025-06-02T09:18:07","date_gmt":"2025-06-02T09:18:07","guid":{"rendered":"https:\/\/www.freeshopfrontiera.ch\/shop\/gianni-versace-bright-crystal-le-parfum-90ml\/"},"modified":"2026-03-09T10:16:11","modified_gmt":"2026-03-09T10:16:11","slug":"gianni-versace-bright-crystal-le-parfum-90ml","status":"publish","type":"product","link":"https:\/\/www.freeshopfrontiera.ch\/fr\/shop\/gianni-versace-bright-crystal-le-parfum-90ml\/","title":{"rendered":"VERSACE Bright Crystal Le Parfum 90ml"},"content":{"rendered":"<h3 data-start=\"3359\" data-end=\"3453\"><strong data-start=\"3368\" data-end=\"3453\">VERSACE Bright Crystal Le Parfum 90ml \u2013 L\u2019\u00e9l\u00e9gance radieuse de la f\u00e9minit\u00e9<\/strong><\/h3>\n<p data-start=\"3455\" data-end=\"3838\">D\u00e9couvrez <strong data-start=\"3465\" data-end=\"3493\">Bright Crystal Le Parfum<\/strong> de <strong data-start=\"3497\" data-end=\"3515\">Gianni Versace<\/strong>, une version r\u00e9invent\u00e9e d\u2019un parfum embl\u00e9matique, qui c\u00e9l\u00e8bre la beaut\u00e9 raffin\u00e9e, l\u2019\u00e9l\u00e9gance intemporelle et la force int\u00e9rieure des femmes. Cette nouvelle \u00e9dition Le Parfum intensifie la composition originale avec une touche plus profonde et sensuelle \u2013 parfaite pour celles qui veulent laisser une empreinte inoubliable.<\/p>\n<p data-start=\"3840\" data-end=\"4226\">D\u00e8s l\u2019ouverture, le parfum s\u00e9duit avec des <strong data-start=\"3883\" data-end=\"3946\">notes de t\u00eate fra\u00eeches et p\u00e9tillantes de yuzu et de grenade<\/strong>, apportant \u00e9nergie et vitalit\u00e9. Son c\u0153ur d\u00e9voile un <strong data-start=\"3999\" data-end=\"4064\">bouquet floral d\u00e9licat de pivoine, magnolia et fleur de lotus<\/strong>, symbole de gr\u00e2ce et de f\u00e9minit\u00e9. Enfin, les notes de fond compos\u00e9es <strong data-start=\"4134\" data-end=\"4166\">d\u2019ambre, de musc et d\u2019acajou<\/strong> enveloppent la peau d\u2019une chaleur sensuelle et persistante.<\/p>\n<p data-start=\"4228\" data-end=\"4445\">Le flacon\u00a0au design cristallin et au bouchon fa\u00e7on bijou, incarne le luxe \u00e0 l\u2019\u00e9tat pur \u2013 id\u00e9al \u00e0 offrir ou \u00e0 s\u2019offrir. Une fragrance qui apporte une touche d\u2019\u00e9l\u00e9gance aux moments sp\u00e9ciaux comme au quotidien.<\/p>\n<p data-start=\"4447\" data-end=\"4659\"><strong data-start=\"4447\" data-end=\"4475\">Bright Crystal Le Parfum<\/strong> est plus qu\u2019un simple parfum \u2013 c\u2019est une signature olfactive de f\u00e9minit\u00e9 moderne, de confiance en soi et de s\u00e9duction. Laissez-vous envelopper par son sillage lumineux et inoubliable. D\u00e9couvrez Bright Crystal Le Parfum de Gianni Versace, une version r\u00e9invent\u00e9e d\u2019un parfum embl\u00e9matique qui c\u00e9l\u00e8bre la beaut\u00e9 raffin\u00e9e.<\/p>\n<p data-start=\"1253\" data-end=\"1489\">Follow us! <a href=\"https:\/\/www.instagram.com\/freeshopswiss\/\" target=\"_blank\" rel=\"noopener\">@freeshopswiss<\/a><\/p>\n","protected":false},"excerpt":{"rendered":"<p>VERSACE Bright Crystal Le Parfum 90ml \u2013 L\u2019\u00e9l\u00e9gance radieuse de la f\u00e9minit\u00e9 D\u00e9couvrez Bright Crystal Le Parfum de Gianni Versace, une version r\u00e9invent\u00e9e d\u2019un parfum embl\u00e9matique, qui c\u00e9l\u00e8bre la beaut\u00e9 raffin\u00e9e, l\u2019\u00e9l\u00e9gance intemporelle et la force int\u00e9rieure des femmes. Cette nouvelle \u00e9dition Le Parfum intensifie la composition originale avec une touche plus profonde et sensuelle [&hellip;]<\/p>\n","protected":false},"featured_media":31733,"comment_status":"open","ping_status":"closed","template":"","meta":[],"pwb-brand":[124],"product_brand":[],"product_cat":[87,109],"product_tag":[252,296,5050,789,97,5074,4367],"class_list":{"0":"post-31741","1":"product","2":"type-product","3":"status-publish","4":"has-post-thumbnail","6":"pwb-brand-versace","7":"product_cat-parfums","8":"product_cat-pour-elle","9":"product_tag-eau-de-parfum-fr","10":"product_tag-femme","11":"product_tag-fete-des-meres","12":"product_tag-womens-fragrances-fr","13":"product_tag-parfums","14":"product_tag-parfums-pour-la-fete-des-meres","15":"product_tag-special-printemps","17":"first","18":"instock","19":"sale","20":"taxable","21":"shipping-taxable","22":"purchasable","23":"product-type-simple"},"brands":[{"id":124,"name":"Versace","slug":"versace"}],"_links":{"self":[{"href":"https:\/\/www.freeshopfrontiera.ch\/fr\/wp-json\/wp\/v2\/product\/31741","targetHints":{"allow":["GET"]}}],"collection":[{"href":"https:\/\/www.freeshopfrontiera.ch\/fr\/wp-json\/wp\/v2\/product"}],"about":[{"href":"https:\/\/www.freeshopfrontiera.ch\/fr\/wp-json\/wp\/v2\/types\/product"}],"replies":[{"embeddable":true,"href":"https:\/\/www.freeshopfrontiera.ch\/fr\/wp-json\/wp\/v2\/comments?post=31741"}],"version-history":[{"count":4,"href":"https:\/\/www.freeshopfrontiera.ch\/fr\/wp-json\/wp\/v2\/product\/31741\/revisions"}],"predecessor-version":[{"id":40817,"href":"https:\/\/www.freeshopfrontiera.ch\/fr\/wp-json\/wp\/v2\/product\/31741\/revisions\/40817"}],"wp:featuredmedia":[{"embeddable":true,"href":"https:\/\/www.freeshopfrontiera.ch\/fr\/wp-json\/wp\/v2\/media\/31733"}],"wp:attachment":[{"href":"https:\/\/www.freeshopfrontiera.ch\/fr\/wp-json\/wp\/v2\/media?parent=31741"}],"wp:term":[{"taxonomy":"pwb-brand","embeddable":true,"href":"https:\/\/www.freeshopfrontiera.ch\/fr\/wp-json\/wp\/v2\/pwb-brand?post=31741"},{"taxonomy":"product_brand","embeddable":true,"href":"https:\/\/www.freeshopfrontiera.ch\/fr\/wp-json\/wp\/v2\/product_brand?post=31741"},{"taxonomy":"product_cat","embeddable":true,"href":"https:\/\/www.freeshopfrontiera.ch\/fr\/wp-json\/wp\/v2\/product_cat?post=31741"},{"taxonomy":"product_tag","embeddable":true,"href":"https:\/\/www.freeshopfrontiera.ch\/fr\/wp-json\/wp\/v2\/product_tag?post=31741"}],"curies":[{"name":"wp","href":"https:\/\/api.w.org\/{rel}","templated":true}]}}