{"id":31768,"date":"2025-06-02T11:01:09","date_gmt":"2025-06-02T11:01:09","guid":{"rendered":"https:\/\/www.freeshopfrontiera.ch\/shop\/roberto-cavalli-signature-eau-de-parfum-100ml\/"},"modified":"2025-06-02T11:04:17","modified_gmt":"2025-06-02T11:04:17","slug":"roberto-cavalli-signature-eau-de-parfum-100ml","status":"publish","type":"product","link":"https:\/\/www.freeshopfrontiera.ch\/fr\/shop\/roberto-cavalli-signature-eau-de-parfum-100ml\/","title":{"rendered":"ROBERTO CAVALLI Signature Eau de Parfum 100ml"},"content":{"rendered":"<h3 data-start=\"2019\" data-end=\"2142\"><strong data-start=\"2028\" data-end=\"2142\">ROBERTO CAVALLI Signature Eau de Parfum Vaporisateur 100ml \u2013 L\u2019essence audacieuse de la f\u00e9minit\u00e9 contemporaine<\/strong><\/h3>\n<p data-start=\"2144\" data-end=\"2491\"><strong data-start=\"2144\" data-end=\"2187\">Roberto Cavalli Signature Eau de Parfum<\/strong> est une c\u00e9l\u00e9bration de la f\u00e9minit\u00e9 moderne, audacieuse et sophistiqu\u00e9e, con\u00e7ue pour les femmes qui aiment exprimer leur personnalit\u00e9 avec confiance et style. Ce parfum iconique capture parfaitement l\u2019univers glamour et sensuel de la maison Cavalli, offrant une exp\u00e9rience olfactive unique et captivante.<\/p>\n<p data-start=\"2493\" data-end=\"3003\">L\u2019ouverture s\u2019ouvre sur une note brillante et p\u00e9tillante de <strong data-start=\"2553\" data-end=\"2568\">poivre rose<\/strong>, attirant imm\u00e9diatement l\u2019attention avec sa vivacit\u00e9 \u00e9pic\u00e9e et raffin\u00e9e. Au c\u0153ur se trouve la richesse cr\u00e9meuse et chaleureuse de la <strong data-start=\"2702\" data-end=\"2716\">f\u00e8ve tonka<\/strong>, qui conf\u00e8re au parfum une sensualit\u00e9 profonde et une aura enveloppante. Les notes de fond r\u00e9v\u00e8lent un m\u00e9lange raffin\u00e9 de <strong data-start=\"2839\" data-end=\"2885\">vanille douce, d\u2019ambre et de bois pr\u00e9cieux<\/strong>, cr\u00e9ant un sillage intense, durable et irr\u00e9sistible, parfait pour laisser une impression m\u00e9morable en toute occasion.<\/p>\n<p data-start=\"3005\" data-end=\"3281\">Le flacon <strong data-start=\"3015\" data-end=\"3024\">100ml<\/strong> est un v\u00e9ritable bijou de design, avec sa silhouette \u00e9l\u00e9gante et luxueuse, sublim\u00e9e par un bouchon dor\u00e9 orn\u00e9 du c\u00e9l\u00e8bre logo Roberto Cavalli. Un symbole d\u2019\u00e9l\u00e9gance et de style italien qui refl\u00e8te la personnalit\u00e9 forte et sophistiqu\u00e9e de celle qui le porte.<\/p>\n<p data-start=\"3283\" data-end=\"3533\">Id\u00e9al pour un usage quotidien comme pour les soir\u00e9es sp\u00e9ciales, <strong data-start=\"3347\" data-end=\"3376\">Roberto Cavalli Signature<\/strong> est un parfum qui combine harmonieusement force et f\u00e9minit\u00e9. Parfait pour les femmes qui veulent se d\u00e9marquer avec classe, passion et une touche de myst\u00e8re.<\/p>\n<p data-start=\"1440\" data-end=\"1648\">Follow us! <a href=\"https:\/\/www.instagram.com\/freeshopswiss\/\" target=\"_blank\" rel=\"noopener\">@freeshopswiss<\/a><\/p>\n","protected":false},"excerpt":{"rendered":"<p>ROBERTO CAVALLI Signature Eau de Parfum Vaporisateur 100ml \u2013 L\u2019essence audacieuse de la f\u00e9minit\u00e9 contemporaine Roberto Cavalli Signature Eau de Parfum est une c\u00e9l\u00e9bration de la f\u00e9minit\u00e9 moderne, audacieuse et sophistiqu\u00e9e, con\u00e7ue pour les femmes qui aiment exprimer leur personnalit\u00e9 avec confiance et style. Ce parfum iconique capture parfaitement l\u2019univers glamour et sensuel de la [&hellip;]<\/p>\n","protected":false},"featured_media":31764,"comment_status":"open","ping_status":"closed","template":"","meta":[],"pwb-brand":[269],"product_brand":[],"product_cat":[87,109],"product_tag":[252,296,789,97],"class_list":{"0":"post-31768","1":"product","2":"type-product","3":"status-publish","4":"has-post-thumbnail","6":"pwb-brand-roberto-cavalli","7":"product_cat-parfums","8":"product_cat-pour-elle","9":"product_tag-eau-de-parfum-fr","10":"product_tag-femme","11":"product_tag-womens-fragrances-fr","12":"product_tag-parfums","14":"first","15":"outofstock","16":"sale","17":"taxable","18":"shipping-taxable","19":"purchasable","20":"product-type-simple"},"brands":[{"id":269,"name":"Roberto Cavalli","slug":"roberto-cavalli"}],"_links":{"self":[{"href":"https:\/\/www.freeshopfrontiera.ch\/fr\/wp-json\/wp\/v2\/product\/31768","targetHints":{"allow":["GET"]}}],"collection":[{"href":"https:\/\/www.freeshopfrontiera.ch\/fr\/wp-json\/wp\/v2\/product"}],"about":[{"href":"https:\/\/www.freeshopfrontiera.ch\/fr\/wp-json\/wp\/v2\/types\/product"}],"replies":[{"embeddable":true,"href":"https:\/\/www.freeshopfrontiera.ch\/fr\/wp-json\/wp\/v2\/comments?post=31768"}],"version-history":[{"count":1,"href":"https:\/\/www.freeshopfrontiera.ch\/fr\/wp-json\/wp\/v2\/product\/31768\/revisions"}],"predecessor-version":[{"id":31771,"href":"https:\/\/www.freeshopfrontiera.ch\/fr\/wp-json\/wp\/v2\/product\/31768\/revisions\/31771"}],"wp:featuredmedia":[{"embeddable":true,"href":"https:\/\/www.freeshopfrontiera.ch\/fr\/wp-json\/wp\/v2\/media\/31764"}],"wp:attachment":[{"href":"https:\/\/www.freeshopfrontiera.ch\/fr\/wp-json\/wp\/v2\/media?parent=31768"}],"wp:term":[{"taxonomy":"pwb-brand","embeddable":true,"href":"https:\/\/www.freeshopfrontiera.ch\/fr\/wp-json\/wp\/v2\/pwb-brand?post=31768"},{"taxonomy":"product_brand","embeddable":true,"href":"https:\/\/www.freeshopfrontiera.ch\/fr\/wp-json\/wp\/v2\/product_brand?post=31768"},{"taxonomy":"product_cat","embeddable":true,"href":"https:\/\/www.freeshopfrontiera.ch\/fr\/wp-json\/wp\/v2\/product_cat?post=31768"},{"taxonomy":"product_tag","embeddable":true,"href":"https:\/\/www.freeshopfrontiera.ch\/fr\/wp-json\/wp\/v2\/product_tag?post=31768"}],"curies":[{"name":"wp","href":"https:\/\/api.w.org\/{rel}","templated":true}]}}