{"id":31799,"date":"2025-06-02T12:37:11","date_gmt":"2025-06-02T12:37:11","guid":{"rendered":"https:\/\/www.freeshopfrontiera.ch\/shop\/tom-ford-eau-de-soleil-blanc-eau-de-toilette\/"},"modified":"2025-06-02T12:42:26","modified_gmt":"2025-06-02T12:42:26","slug":"tom-ford-eau-de-soleil-blanc-eau-de-toilette","status":"publish","type":"product","link":"https:\/\/www.freeshopfrontiera.ch\/fr\/shop\/tom-ford-eau-de-soleil-blanc-eau-de-toilette\/","title":{"rendered":"TOM FORD Eau De Soleil Blanc Eau de Toilette"},"content":{"rendered":"<h3 data-start=\"3557\" data-end=\"3623\"><strong data-start=\"3566\" data-end=\"3623\">TOM FORD Eau De Soleil Blanc Eau de Toilette\u00a0<\/strong><\/h3>\n<p data-start=\"3625\" data-end=\"3971\">D\u00e9couvrez l\u2019\u00e9l\u00e9gance solaire et luxueuse de <strong data-start=\"3669\" data-end=\"3701\">TOM FORD Eau De Soleil Blanc<\/strong>, l\u2019eau de toilette qui capture l\u2019essence vibrante des \u00eeles exotiques. Inspir\u00e9e du parfum embl\u00e9matique Soleil Blanc, cette version plus l\u00e9g\u00e8re et p\u00e9tillante est parfaite pour ceux qui recherchent un parfum frais, sophistiqu\u00e9 et sensuel, id\u00e9al pour le printemps et l\u2019\u00e9t\u00e9.<\/p>\n<p data-start=\"3973\" data-end=\"4437\">D\u00e8s la premi\u00e8re vaporisation, Eau De Soleil Blanc s\u00e9duit avec une explosion lumineuse d\u2019<strong data-start=\"4061\" data-end=\"4083\">agrumes p\u00e9tillants<\/strong>, dont la bergamote, l\u2019orange am\u00e8re et le petitgrain. Le c\u0153ur d\u00e9voile une symphonie cr\u00e9meuse et sensuelle de <strong data-start=\"4192\" data-end=\"4211\">fleurs blanches<\/strong>, <strong data-start=\"4213\" data-end=\"4228\">ylang-ylang<\/strong>, <strong data-start=\"4230\" data-end=\"4240\">jasmin<\/strong> et <strong data-start=\"4244\" data-end=\"4257\">tub\u00e9reuse<\/strong>, tandis que le fond se r\u00e9chauffe avec des notes enveloppantes de <strong data-start=\"4323\" data-end=\"4339\">noix de coco<\/strong>, <strong data-start=\"4341\" data-end=\"4350\">ambre<\/strong>, <strong data-start=\"4352\" data-end=\"4363\">vanille<\/strong> et <strong data-start=\"4367\" data-end=\"4381\">f\u00e8ve tonka<\/strong>, laissant un sillage raffin\u00e9 et persistant sur la peau.<\/p>\n<p data-start=\"4439\" data-end=\"4761\">La composition \u00e9l\u00e9gante et transparente de cette eau de toilette exprime la perfection d\u2019une peau dor\u00e9e par le soleil et incarne l\u2019\u00e9quilibre entre chaleur et fra\u00eecheur. Con\u00e7ue pour les femmes et les hommes, <strong data-start=\"4646\" data-end=\"4678\">TOM FORD Eau De Soleil Blanc<\/strong> est une <strong data-start=\"4687\" data-end=\"4708\">fragrance unisexe<\/strong> qui \u00e9voque le luxe insouciant d\u2019un paradis tropical.<\/p>\n<p data-start=\"4763\" data-end=\"4908\">Pr\u00e9sent\u00e9 dans le flacon blanc translucide iconique aux d\u00e9tails dor\u00e9s, c\u2019est un incontournable pour les amateurs de parfums exclusifs et modernes.<\/p>\n<p data-start=\"4910\" data-end=\"5059\">Parfait en toutes occasions, de la journ\u00e9e en ville \u00e0 la soir\u00e9e en bord de mer, ce parfum vous accompagne avec classe et style partout o\u00f9 vous allez.<\/p>\n<p data-start=\"1493\" data-end=\"1627\">Follow us! <a href=\"https:\/\/www.instagram.com\/freeshopswiss\/\" target=\"_blank\" rel=\"noopener\">@freeshopswiss<\/a><\/p>\n","protected":false},"excerpt":{"rendered":"<p>TOM FORD Eau De Soleil Blanc Eau de Toilette\u00a0 D\u00e9couvrez l\u2019\u00e9l\u00e9gance solaire et luxueuse de TOM FORD Eau De Soleil Blanc, l\u2019eau de toilette qui capture l\u2019essence vibrante des \u00eeles exotiques. Inspir\u00e9e du parfum embl\u00e9matique Soleil Blanc, cette version plus l\u00e9g\u00e8re et p\u00e9tillante est parfaite pour ceux qui recherchent un parfum frais, sophistiqu\u00e9 et sensuel, [&hellip;]<\/p>\n","protected":false},"featured_media":31776,"comment_status":"open","ping_status":"closed","template":"","meta":[],"pwb-brand":[396],"product_brand":[],"product_cat":[87,109],"product_tag":[141,296,789,1629,143,97],"class_list":{"0":"post-31799","1":"product","2":"type-product","3":"status-publish","4":"has-post-thumbnail","6":"pwb-brand-tom-ford","7":"product_cat-parfums","8":"product_cat-pour-elle","9":"product_tag-eau-de-toilette-fr","10":"product_tag-femme","11":"product_tag-womens-fragrances-fr","12":"product_tag-mens-fragrances-fr","13":"product_tag-homme","14":"product_tag-parfums","16":"first","17":"instock","18":"sale","19":"taxable","20":"shipping-taxable","21":"purchasable","22":"product-type-variable"},"brands":[{"id":396,"name":"Tom Ford","slug":"tom-ford"}],"_links":{"self":[{"href":"https:\/\/www.freeshopfrontiera.ch\/fr\/wp-json\/wp\/v2\/product\/31799","targetHints":{"allow":["GET"]}}],"collection":[{"href":"https:\/\/www.freeshopfrontiera.ch\/fr\/wp-json\/wp\/v2\/product"}],"about":[{"href":"https:\/\/www.freeshopfrontiera.ch\/fr\/wp-json\/wp\/v2\/types\/product"}],"replies":[{"embeddable":true,"href":"https:\/\/www.freeshopfrontiera.ch\/fr\/wp-json\/wp\/v2\/comments?post=31799"}],"version-history":[{"count":1,"href":"https:\/\/www.freeshopfrontiera.ch\/fr\/wp-json\/wp\/v2\/product\/31799\/revisions"}],"predecessor-version":[{"id":31809,"href":"https:\/\/www.freeshopfrontiera.ch\/fr\/wp-json\/wp\/v2\/product\/31799\/revisions\/31809"}],"wp:featuredmedia":[{"embeddable":true,"href":"https:\/\/www.freeshopfrontiera.ch\/fr\/wp-json\/wp\/v2\/media\/31776"}],"wp:attachment":[{"href":"https:\/\/www.freeshopfrontiera.ch\/fr\/wp-json\/wp\/v2\/media?parent=31799"}],"wp:term":[{"taxonomy":"pwb-brand","embeddable":true,"href":"https:\/\/www.freeshopfrontiera.ch\/fr\/wp-json\/wp\/v2\/pwb-brand?post=31799"},{"taxonomy":"product_brand","embeddable":true,"href":"https:\/\/www.freeshopfrontiera.ch\/fr\/wp-json\/wp\/v2\/product_brand?post=31799"},{"taxonomy":"product_cat","embeddable":true,"href":"https:\/\/www.freeshopfrontiera.ch\/fr\/wp-json\/wp\/v2\/product_cat?post=31799"},{"taxonomy":"product_tag","embeddable":true,"href":"https:\/\/www.freeshopfrontiera.ch\/fr\/wp-json\/wp\/v2\/product_tag?post=31799"}],"curies":[{"name":"wp","href":"https:\/\/api.w.org\/{rel}","templated":true}]}}