{"id":31858,"date":"2025-06-11T08:16:58","date_gmt":"2025-06-11T08:16:58","guid":{"rendered":"https:\/\/www.freeshopfrontiera.ch\/shop\/yves-saint-laurent-set-y-le-parfum\/"},"modified":"2025-06-11T09:33:46","modified_gmt":"2025-06-11T09:33:46","slug":"yves-saint-laurent-set-y-le-parfum","status":"publish","type":"product","link":"https:\/\/www.freeshopfrontiera.ch\/fr\/shop\/yves-saint-laurent-set-y-le-parfum\/","title":{"rendered":"YVES SAINT LAURENT SET Y Le Parfum"},"content":{"rendered":"<p data-start=\"3187\" data-end=\"3537\">D\u00e9couvrez l\u2019essence de la force, de l\u2019\u00e9l\u00e9gance et de la d\u00e9termination avec le <strong data-start=\"3265\" data-end=\"3303\">YVES SAINT LAURENT SET Y Le Parfum<\/strong>, un coffret exclusif r\u00e9unissant le flacon iconique de 100ml et une miniature de 10ml, id\u00e9ale \u00e0 emporter partout avec vous. Une fragrance magn\u00e9tique, intense et moderne, pens\u00e9e pour l\u2019homme qui ose affirmer sa personnalit\u00e9 avec style.<\/p>\n<p data-start=\"3539\" data-end=\"3909\"><strong data-start=\"3539\" data-end=\"3554\">Y Le Parfum<\/strong> est une r\u00e9interpr\u00e9tation intense de la ligne iconique Y, con\u00e7ue pour un homme d\u00e9termin\u00e9, inspir\u00e9 et inspirant. Sa pyramide olfactive r\u00e9v\u00e8le une structure captivante et contrast\u00e9e :<br data-start=\"3735\" data-end=\"3738\" \/>elle s\u2019ouvre sur des notes fra\u00eeches et dynamiques de <strong data-start=\"3791\" data-end=\"3804\">bergamote<\/strong>, <strong data-start=\"3806\" data-end=\"3819\">gingembre<\/strong> et <strong data-start=\"3823\" data-end=\"3836\">ald\u00e9hydes<\/strong> \u00e9clatants, offrant imm\u00e9diatement une sensation de puret\u00e9 et de vitalit\u00e9.<\/p>\n<p data-start=\"3911\" data-end=\"4088\">En c\u0153ur, un bouquet aromatique raffin\u00e9 et masculin se d\u00e9ploie, domin\u00e9 par la <strong data-start=\"3988\" data-end=\"4005\">sauge sclar\u00e9e<\/strong>, la <strong data-start=\"4010\" data-end=\"4021\">lavande<\/strong> et le <strong data-start=\"4028\" data-end=\"4040\">g\u00e9ranium<\/strong>, exprimant virilit\u00e9 et fra\u00eecheur avec harmonie.<\/p>\n<p data-start=\"4090\" data-end=\"4294\">Le fond est profond, enveloppant et sensuel, avec des accents intenses d\u2019<strong data-start=\"4163\" data-end=\"4173\">encens<\/strong>, de <strong data-start=\"4178\" data-end=\"4192\">f\u00e8ve tonka<\/strong>, de <strong data-start=\"4197\" data-end=\"4210\">patchouli<\/strong> et de <strong data-start=\"4217\" data-end=\"4232\">bois ambr\u00e9s<\/strong>, pour une trace chaleureuse, \u00e9l\u00e9gante et durable sur la peau.<\/p>\n<p data-start=\"4296\" data-end=\"4478\">Un parfum sign\u00e9 <strong data-start=\"4312\" data-end=\"4334\">Yves Saint Laurent<\/strong> qui incarne le contraste entre lumi\u00e8re et obscurit\u00e9, force et sensibilit\u00e9. Parfait pour l\u2019homme moderne, ambitieux et conscient de son unicit\u00e9.<\/p>\n<p data-start=\"4480\" data-end=\"4635\">Le <strong data-start=\"4483\" data-end=\"4521\">YVES SAINT LAURENT SET Y Le Parfum<\/strong> est con\u00e7u pour vous accompagner partout : en voyage, au travail ou pour une retouche rapide au fil de la journ\u00e9e.<\/p>\n<p data-start=\"1555\" data-end=\"1760\">Follow us! <a href=\"https:\/\/www.instagram.com\/freeshopswiss\/\" target=\"_blank\" rel=\"noopener\">@freeshopswiss<\/a><\/p>\n","protected":false},"excerpt":{"rendered":"<p>D\u00e9couvrez l\u2019essence de la force, de l\u2019\u00e9l\u00e9gance et de la d\u00e9termination avec le YVES SAINT LAURENT SET Y Le Parfum, un coffret exclusif r\u00e9unissant le flacon iconique de 100ml et une miniature de 10ml, id\u00e9ale \u00e0 emporter partout avec vous. Une fragrance magn\u00e9tique, intense et moderne, pens\u00e9e pour l\u2019homme qui ose affirmer sa personnalit\u00e9 avec [&hellip;]<\/p>\n","protected":false},"featured_media":31850,"comment_status":"open","ping_status":"closed","template":"","meta":[],"pwb-brand":[268],"product_brand":[],"product_cat":[87,89,484],"product_tag":[459,464,252,1629,97],"class_list":{"0":"post-31858","1":"product","2":"type-product","3":"status-publish","4":"has-post-thumbnail","6":"pwb-brand-yves-saint-laurent","7":"product_cat-parfums","8":"product_cat-pour-lui","9":"product_cat-coffret","10":"product_tag-coffret","11":"product_tag-coffret-homme","12":"product_tag-eau-de-parfum-fr","13":"product_tag-mens-fragrances-fr","14":"product_tag-parfums","16":"first","17":"outofstock","18":"sale","19":"taxable","20":"shipping-taxable","21":"purchasable","22":"product-type-simple"},"brands":[{"id":268,"name":"Yves Saint Laurent","slug":"yves-saint-laurent"}],"_links":{"self":[{"href":"https:\/\/www.freeshopfrontiera.ch\/fr\/wp-json\/wp\/v2\/product\/31858","targetHints":{"allow":["GET"]}}],"collection":[{"href":"https:\/\/www.freeshopfrontiera.ch\/fr\/wp-json\/wp\/v2\/product"}],"about":[{"href":"https:\/\/www.freeshopfrontiera.ch\/fr\/wp-json\/wp\/v2\/types\/product"}],"replies":[{"embeddable":true,"href":"https:\/\/www.freeshopfrontiera.ch\/fr\/wp-json\/wp\/v2\/comments?post=31858"}],"version-history":[{"count":2,"href":"https:\/\/www.freeshopfrontiera.ch\/fr\/wp-json\/wp\/v2\/product\/31858\/revisions"}],"predecessor-version":[{"id":31894,"href":"https:\/\/www.freeshopfrontiera.ch\/fr\/wp-json\/wp\/v2\/product\/31858\/revisions\/31894"}],"wp:featuredmedia":[{"embeddable":true,"href":"https:\/\/www.freeshopfrontiera.ch\/fr\/wp-json\/wp\/v2\/media\/31850"}],"wp:attachment":[{"href":"https:\/\/www.freeshopfrontiera.ch\/fr\/wp-json\/wp\/v2\/media?parent=31858"}],"wp:term":[{"taxonomy":"pwb-brand","embeddable":true,"href":"https:\/\/www.freeshopfrontiera.ch\/fr\/wp-json\/wp\/v2\/pwb-brand?post=31858"},{"taxonomy":"product_brand","embeddable":true,"href":"https:\/\/www.freeshopfrontiera.ch\/fr\/wp-json\/wp\/v2\/product_brand?post=31858"},{"taxonomy":"product_cat","embeddable":true,"href":"https:\/\/www.freeshopfrontiera.ch\/fr\/wp-json\/wp\/v2\/product_cat?post=31858"},{"taxonomy":"product_tag","embeddable":true,"href":"https:\/\/www.freeshopfrontiera.ch\/fr\/wp-json\/wp\/v2\/product_tag?post=31858"}],"curies":[{"name":"wp","href":"https:\/\/api.w.org\/{rel}","templated":true}]}}