{"id":31890,"date":"2025-06-11T09:25:48","date_gmt":"2025-06-11T09:25:48","guid":{"rendered":"https:\/\/www.freeshopfrontiera.ch\/shop\/yves-saint-laurent-set-black-opium\/"},"modified":"2025-10-21T07:47:56","modified_gmt":"2025-10-21T07:47:56","slug":"yves-saint-laurent-set-black-opium","status":"publish","type":"product","link":"https:\/\/www.freeshopfrontiera.ch\/fr\/shop\/yves-saint-laurent-set-black-opium\/","title":{"rendered":"YVES SAINT LAURENT SET Black Opium"},"content":{"rendered":"<p data-start=\"2752\" data-end=\"2924\">C\u00e9l\u00e9brez la magie des f\u00eates 2025 avec le <strong data-start=\"2793\" data-end=\"2849\">coffret YVES SAINT LAURENT Black Opium Eau de Parfum<\/strong>, une \u00e9dition exclusive alliant \u00e9l\u00e9gance couture et audace contemporaine.<\/p>\n<p data-start=\"2926\" data-end=\"3351\">Ce coffret raffin\u00e9 contient l\u2019embl\u00e9matique <strong data-start=\"2969\" data-end=\"3004\">Black Opium Eau de Parfum 50 ml<\/strong>, accompagn\u00e9 de son format <strong data-start=\"3031\" data-end=\"3050\">voyage de 10 ml<\/strong> pour emporter partout sa trace irr\u00e9sistible. Symbole d\u2019une f\u00e9minit\u00e9 libre et magn\u00e9tique, la fragrance r\u00e9v\u00e8le un contraste envo\u00fbtant entre l\u2019accord intense de <strong data-start=\"3209\" data-end=\"3222\">caf\u00e9 noir<\/strong>, l\u2019\u00e9clat des <strong data-start=\"3236\" data-end=\"3255\">fleurs blanches<\/strong> et la douceur sensuelle de la <strong data-start=\"3286\" data-end=\"3297\">vanille<\/strong>, pour un parfum \u00e0 la fois \u00e9nergique et inoubliable.<\/p>\n<p data-start=\"3353\" data-end=\"3612\">Pour parfaire le tout, la <strong data-start=\"3379\" data-end=\"3406\">Mini Mascara Lash Clash<\/strong> sublime le regard d\u2019une intensit\u00e9 incomparable. Sa formule innovante offre <strong data-start=\"3482\" data-end=\"3500\">volume extr\u00eame<\/strong>, <strong data-start=\"3502\" data-end=\"3528\">longueur spectaculaire<\/strong> et <strong data-start=\"3532\" data-end=\"3550\">tenue parfaite<\/strong>, id\u00e9ale pour les soir\u00e9es festives et les grandes occasions.<\/p>\n<p data-start=\"3614\" data-end=\"3787\">Pr\u00e9sent\u00e9 dans un <strong data-start=\"3631\" data-end=\"3662\">coffret dor\u00e9 bross\u00e9 luxueux<\/strong>, ce set est un v\u00e9ritable objet de collection, pens\u00e9 pour celles qui aiment affirmer leur style avec assurance et \u00e9l\u00e9gance.<\/p>\n<p data-start=\"3789\" data-end=\"3979\">Le <strong data-start=\"3792\" data-end=\"3819\">coffret YSL Black Opium<\/strong> est le cadeau parfait pour les f\u00eates : un \u00e9quilibre exquis entre <strong data-start=\"3885\" data-end=\"3926\">glamour, sensualit\u00e9 et sophistication<\/strong>, incarnant l\u2019esprit iconique d\u2019Yves Saint Laurent.<\/p>\n<p data-start=\"1515\" data-end=\"1676\">Follow us! <a href=\"https:\/\/www.instagram.com\/freeshopswiss\/\" target=\"_blank\" rel=\"noopener\">@freeshopswiss<\/a><\/p>\n","protected":false},"excerpt":{"rendered":"<p>C\u00e9l\u00e9brez la magie des f\u00eates 2025 avec le <strong data-start=\"2793\" data-end=\"2849\">coffret YVES SAINT LAURENT Black Opium Eau de Parfum<\/strong>, une \u00e9dition exclusive alliant \u00e9l\u00e9gance couture et audace contemporaine.<\/p>\n","protected":false},"featured_media":36206,"comment_status":"open","ping_status":"closed","template":"","meta":[],"pwb-brand":[268],"product_brand":[],"product_cat":[138,87,109,484],"product_tag":[459,461,296],"class_list":{"0":"post-31890","1":"product","2":"type-product","3":"status-publish","4":"has-post-thumbnail","6":"pwb-brand-yves-saint-laurent","7":"product_cat-offre","8":"product_cat-parfums","9":"product_cat-pour-elle","10":"product_cat-coffret","11":"product_tag-coffret","12":"product_tag-coffrets-femme","13":"product_tag-femme","15":"first","16":"outofstock","17":"sale","18":"taxable","19":"shipping-taxable","20":"purchasable","21":"product-type-simple"},"brands":[{"id":268,"name":"Yves Saint Laurent","slug":"yves-saint-laurent"}],"_links":{"self":[{"href":"https:\/\/www.freeshopfrontiera.ch\/fr\/wp-json\/wp\/v2\/product\/31890","targetHints":{"allow":["GET"]}}],"collection":[{"href":"https:\/\/www.freeshopfrontiera.ch\/fr\/wp-json\/wp\/v2\/product"}],"about":[{"href":"https:\/\/www.freeshopfrontiera.ch\/fr\/wp-json\/wp\/v2\/types\/product"}],"replies":[{"embeddable":true,"href":"https:\/\/www.freeshopfrontiera.ch\/fr\/wp-json\/wp\/v2\/comments?post=31890"}],"version-history":[{"count":2,"href":"https:\/\/www.freeshopfrontiera.ch\/fr\/wp-json\/wp\/v2\/product\/31890\/revisions"}],"predecessor-version":[{"id":36212,"href":"https:\/\/www.freeshopfrontiera.ch\/fr\/wp-json\/wp\/v2\/product\/31890\/revisions\/36212"}],"wp:featuredmedia":[{"embeddable":true,"href":"https:\/\/www.freeshopfrontiera.ch\/fr\/wp-json\/wp\/v2\/media\/36206"}],"wp:attachment":[{"href":"https:\/\/www.freeshopfrontiera.ch\/fr\/wp-json\/wp\/v2\/media?parent=31890"}],"wp:term":[{"taxonomy":"pwb-brand","embeddable":true,"href":"https:\/\/www.freeshopfrontiera.ch\/fr\/wp-json\/wp\/v2\/pwb-brand?post=31890"},{"taxonomy":"product_brand","embeddable":true,"href":"https:\/\/www.freeshopfrontiera.ch\/fr\/wp-json\/wp\/v2\/product_brand?post=31890"},{"taxonomy":"product_cat","embeddable":true,"href":"https:\/\/www.freeshopfrontiera.ch\/fr\/wp-json\/wp\/v2\/product_cat?post=31890"},{"taxonomy":"product_tag","embeddable":true,"href":"https:\/\/www.freeshopfrontiera.ch\/fr\/wp-json\/wp\/v2\/product_tag?post=31890"}],"curies":[{"name":"wp","href":"https:\/\/api.w.org\/{rel}","templated":true}]}}