{"id":31924,"date":"2025-06-13T07:42:54","date_gmt":"2025-06-13T07:42:54","guid":{"rendered":"https:\/\/www.freeshopfrontiera.ch\/shop\/prada-set-paradoxe\/"},"modified":"2025-12-10T12:10:40","modified_gmt":"2025-12-10T12:10:40","slug":"prada-set-paradoxe","status":"publish","type":"product","link":"https:\/\/www.freeshopfrontiera.ch\/fr\/shop\/prada-set-paradoxe\/","title":{"rendered":"PRADA SET Paradoxe"},"content":{"rendered":"<p data-start=\"2614\" data-end=\"2833\">D\u00e9couvrez l\u2019essence de la f\u00e9minit\u00e9 moderne avec le <strong data-start=\"2665\" data-end=\"2705\">coffret PRADA Paradoxe Eau de Parfum<\/strong>, une \u00e9dition exclusive qui c\u00e9l\u00e8bre la femme dans toutes ses dimensions \u2014 forte, \u00e9l\u00e9gante, curieuse et en constante \u00e9volution.<\/p>\n<p data-start=\"2835\" data-end=\"2858\">Le coffret comprend :<\/p>\n<ul data-start=\"2859\" data-end=\"3509\">\n<li data-start=\"2859\" data-end=\"3210\">\n<p data-start=\"2861\" data-end=\"3210\"><strong data-start=\"2861\" data-end=\"2893\">Paradoxe Eau de Parfum 50 ml<\/strong> \u2013 La fragrance embl\u00e9matique de Prada, \u00e0 la fois sophistiqu\u00e9e et enveloppante, red\u00e9finit la f\u00e9minit\u00e9 \u00e0 travers un \u00e9quilibre subtil entre force et douceur. Les notes de <strong data-start=\"3061\" data-end=\"3087\">n\u00e9roli et de bergamote<\/strong> se m\u00ealent \u00e0 la <strong data-start=\"3103\" data-end=\"3125\">chaleur de l\u2019ambre<\/strong> et \u00e0 la <strong data-start=\"3134\" data-end=\"3161\">tendresse du musc blanc<\/strong>, pour un bouquet contemporain et irr\u00e9sistible.<\/p>\n<\/li>\n<li data-start=\"3211\" data-end=\"3342\">\n<p data-start=\"3213\" data-end=\"3342\"><strong data-start=\"3213\" data-end=\"3245\">Paradoxe Eau de Parfum 10 ml<\/strong> \u2013 Le format voyage, pratique et \u00e9l\u00e9gant, pour emporter votre parfum pr\u00e9f\u00e9r\u00e9 partout avec vous.<\/p>\n<\/li>\n<\/ul>\n<p data-start=\"3511\" data-end=\"3672\">Pr\u00e9sent\u00e9 dans un <strong data-start=\"3528\" data-end=\"3592\">coffret \u00e9l\u00e9gant inspir\u00e9 de l\u2019esth\u00e9tique minimaliste de Prada<\/strong>, cet ensemble allie \u00e0 la perfection <strong data-start=\"3629\" data-end=\"3669\">luxe, modernit\u00e9 et f\u00e9minit\u00e9 affirm\u00e9e<\/strong>.<\/p>\n<p data-start=\"3674\" data-end=\"3812\">Le cadeau id\u00e9al pour celles qui aiment se distinguer avec \u00e9l\u00e9gance et vivre chaque jour une exp\u00e9rience olfactive unique et sophistiqu\u00e9e.<\/p>\n<p>Follow us! <a href=\"https:\/\/www.instagram.com\/freeshopswiss\/\" target=\"_blank\" rel=\"noopener\">@freeshopswiss<\/a><\/p>\n","protected":false},"excerpt":{"rendered":"<p>D\u00e9couvrez l\u2019essence de la f\u00e9minit\u00e9 moderne avec le <strong data-start=\"2665\" data-end=\"2705\">coffret PRADA Paradoxe Eau de Parfum<\/strong>, une \u00e9dition exclusive qui c\u00e9l\u00e8bre la femme dans toutes ses dimensions \u2014 forte, \u00e9l\u00e9gante, curieuse et en constante \u00e9volution.<\/p>\n","protected":false},"featured_media":37777,"comment_status":"open","ping_status":"closed","template":"","meta":[],"pwb-brand":[285],"product_brand":[],"product_cat":[138,87,109,484],"product_tag":[280,461,296,4348,789,97],"class_list":{"0":"post-31924","1":"product","2":"type-product","3":"status-publish","4":"has-post-thumbnail","6":"pwb-brand-prada","7":"product_cat-offre","8":"product_cat-parfums","9":"product_cat-pour-elle","10":"product_cat-coffret","11":"product_tag-bestseller-fr","12":"product_tag-coffrets-femme","13":"product_tag-femme","14":"product_tag-fete-des-femmes","15":"product_tag-womens-fragrances-fr","16":"product_tag-parfums","18":"first","19":"outofstock","20":"sale","21":"taxable","22":"shipping-taxable","23":"purchasable","24":"product-type-simple"},"brands":[{"id":285,"name":"Prada","slug":"prada"}],"_links":{"self":[{"href":"https:\/\/www.freeshopfrontiera.ch\/fr\/wp-json\/wp\/v2\/product\/31924","targetHints":{"allow":["GET"]}}],"collection":[{"href":"https:\/\/www.freeshopfrontiera.ch\/fr\/wp-json\/wp\/v2\/product"}],"about":[{"href":"https:\/\/www.freeshopfrontiera.ch\/fr\/wp-json\/wp\/v2\/types\/product"}],"replies":[{"embeddable":true,"href":"https:\/\/www.freeshopfrontiera.ch\/fr\/wp-json\/wp\/v2\/comments?post=31924"}],"version-history":[{"count":4,"href":"https:\/\/www.freeshopfrontiera.ch\/fr\/wp-json\/wp\/v2\/product\/31924\/revisions"}],"predecessor-version":[{"id":37782,"href":"https:\/\/www.freeshopfrontiera.ch\/fr\/wp-json\/wp\/v2\/product\/31924\/revisions\/37782"}],"wp:featuredmedia":[{"embeddable":true,"href":"https:\/\/www.freeshopfrontiera.ch\/fr\/wp-json\/wp\/v2\/media\/37777"}],"wp:attachment":[{"href":"https:\/\/www.freeshopfrontiera.ch\/fr\/wp-json\/wp\/v2\/media?parent=31924"}],"wp:term":[{"taxonomy":"pwb-brand","embeddable":true,"href":"https:\/\/www.freeshopfrontiera.ch\/fr\/wp-json\/wp\/v2\/pwb-brand?post=31924"},{"taxonomy":"product_brand","embeddable":true,"href":"https:\/\/www.freeshopfrontiera.ch\/fr\/wp-json\/wp\/v2\/product_brand?post=31924"},{"taxonomy":"product_cat","embeddable":true,"href":"https:\/\/www.freeshopfrontiera.ch\/fr\/wp-json\/wp\/v2\/product_cat?post=31924"},{"taxonomy":"product_tag","embeddable":true,"href":"https:\/\/www.freeshopfrontiera.ch\/fr\/wp-json\/wp\/v2\/product_tag?post=31924"}],"curies":[{"name":"wp","href":"https:\/\/api.w.org\/{rel}","templated":true}]}}