{"id":31979,"date":"2025-06-13T10:10:11","date_gmt":"2025-06-13T10:10:11","guid":{"rendered":"https:\/\/www.freeshopfrontiera.ch\/shop\/mixsoon-centella-sun-cream-50g\/"},"modified":"2025-06-13T10:15:25","modified_gmt":"2025-06-13T10:15:25","slug":"mixsoon-centella-sun-cream-50g","status":"publish","type":"product","link":"https:\/\/www.freeshopfrontiera.ch\/fr\/shop\/mixsoon-centella-sun-cream-50g\/","title":{"rendered":"MIXSOON Centella Sun Cream 50g"},"content":{"rendered":"<p>Prot\u00e9gez et apaisez votre peau chaque jour avec la <strong data-start=\"3031\" data-end=\"3065\">MIXSOON Centella Sun Cream 50g<\/strong>, la cr\u00e8me solaire cor\u00e9enne l\u00e9g\u00e8re et hydratante offrant une haute protection SPF50+ PA++++. Id\u00e9ale pour tous les types de peau, y compris les peaux sensibles, sa formule avanc\u00e9e associe une protection efficace contre les UVA et UVB aux bienfaits apaisants de la <strong data-start=\"3328\" data-end=\"3349\">Centella Asiatica<\/strong>, r\u00e9put\u00e9e pour ses propri\u00e9t\u00e9s calmantes, r\u00e9paratrices et anti-inflammatoires.<\/p>\n<p>Sa texture fra\u00eeche et soyeuse p\u00e9n\u00e8tre rapidement sans laisser de traces blanches, ni fini gras ou lourd, ce qui la rend parfaite comme base de maquillage quotidienne. Enrichie en extraits botaniques, sans alcool, parfums artificiels ni ingr\u00e9dients agressifs, la MIXSOON Centella Sun Cream renforce la barri\u00e8re cutan\u00e9e et aide \u00e0 pr\u00e9venir rougeurs, d\u00e9shydratation et dommages li\u00e9s au soleil. C\u2019est le choix id\u00e9al pour celles et ceux qui recherchent une protection solaire douce mais performante, qui hydrate sans obstruer les pores et r\u00e9v\u00e8le un teint sain, uniforme et \u00e9clatant jour apr\u00e8s jour. Convient pour un usage quotidien, toute l\u2019ann\u00e9e, dans le cadre d\u2019une routine de soin cor\u00e9enne. Format compact de 50g, pratique \u00e0 emporter partout.<\/p>\n<p>&nbsp;<\/p>\n<p>Follow us!\u00a0<a href=\"https:\/\/www.instagram.com\/freeshopswiss\/\" target=\"_blank\" rel=\"noopener\">@freeshopswiss<\/a><\/p>\n","protected":false},"excerpt":{"rendered":"<p>Prot\u00e9gez et apaisez votre peau chaque jour avec la MIXSOON Centella Sun Cream 50g, la cr\u00e8me solaire cor\u00e9enne l\u00e9g\u00e8re et hydratante offrant une haute protection SPF50+ PA++++. Id\u00e9ale pour tous les types de peau, y compris les peaux sensibles, sa formule avanc\u00e9e associe une protection efficace contre les UVA et UVB aux bienfaits apaisants de [&hellip;]<\/p>\n","protected":false},"featured_media":31975,"comment_status":"open","ping_status":"closed","template":"","meta":[],"pwb-brand":[299],"product_brand":[],"product_cat":[109,89,3768,424],"product_tag":[553,493,296,143,3611],"class_list":{"0":"post-31979","1":"product","2":"type-product","3":"status-publish","4":"has-post-thumbnail","6":"pwb-brand-mixsoon","7":"product_cat-pour-elle","8":"product_cat-pour-lui","9":"product_cat-k-beauty-fr","10":"product_cat-solari-fr","11":"product_tag-creme-solaire","12":"product_tag-ecrans-solaires","13":"product_tag-femme","14":"product_tag-homme","15":"product_tag-k-beauty-fr","17":"first","18":"outofstock","19":"sale","20":"taxable","21":"shipping-taxable","22":"purchasable","23":"product-type-simple"},"brands":[{"id":299,"name":"Mixsoon","slug":"mixsoon"}],"_links":{"self":[{"href":"https:\/\/www.freeshopfrontiera.ch\/fr\/wp-json\/wp\/v2\/product\/31979","targetHints":{"allow":["GET"]}}],"collection":[{"href":"https:\/\/www.freeshopfrontiera.ch\/fr\/wp-json\/wp\/v2\/product"}],"about":[{"href":"https:\/\/www.freeshopfrontiera.ch\/fr\/wp-json\/wp\/v2\/types\/product"}],"replies":[{"embeddable":true,"href":"https:\/\/www.freeshopfrontiera.ch\/fr\/wp-json\/wp\/v2\/comments?post=31979"}],"version-history":[{"count":1,"href":"https:\/\/www.freeshopfrontiera.ch\/fr\/wp-json\/wp\/v2\/product\/31979\/revisions"}],"predecessor-version":[{"id":31983,"href":"https:\/\/www.freeshopfrontiera.ch\/fr\/wp-json\/wp\/v2\/product\/31979\/revisions\/31983"}],"wp:featuredmedia":[{"embeddable":true,"href":"https:\/\/www.freeshopfrontiera.ch\/fr\/wp-json\/wp\/v2\/media\/31975"}],"wp:attachment":[{"href":"https:\/\/www.freeshopfrontiera.ch\/fr\/wp-json\/wp\/v2\/media?parent=31979"}],"wp:term":[{"taxonomy":"pwb-brand","embeddable":true,"href":"https:\/\/www.freeshopfrontiera.ch\/fr\/wp-json\/wp\/v2\/pwb-brand?post=31979"},{"taxonomy":"product_brand","embeddable":true,"href":"https:\/\/www.freeshopfrontiera.ch\/fr\/wp-json\/wp\/v2\/product_brand?post=31979"},{"taxonomy":"product_cat","embeddable":true,"href":"https:\/\/www.freeshopfrontiera.ch\/fr\/wp-json\/wp\/v2\/product_cat?post=31979"},{"taxonomy":"product_tag","embeddable":true,"href":"https:\/\/www.freeshopfrontiera.ch\/fr\/wp-json\/wp\/v2\/product_tag?post=31979"}],"curies":[{"name":"wp","href":"https:\/\/api.w.org\/{rel}","templated":true}]}}