{"id":31991,"date":"2025-06-13T10:21:02","date_gmt":"2025-06-13T10:21:02","guid":{"rendered":"https:\/\/www.freeshopfrontiera.ch\/shop\/ysl-set-mascara-lash-clash\/"},"modified":"2025-06-13T10:23:46","modified_gmt":"2025-06-13T10:23:46","slug":"ysl-set-mascara-lash-clash","status":"publish","type":"product","link":"https:\/\/www.freeshopfrontiera.ch\/fr\/shop\/ysl-set-mascara-lash-clash\/","title":{"rendered":"YSL SET Mascara Lash Clash"},"content":{"rendered":"<p data-start=\"3700\" data-end=\"4537\">D\u00e9couvrez l\u2019\u00e9l\u00e9gance sans compromis avec le <strong data-start=\"3744\" data-end=\"3823\">set YSL Mascara Lash Clash 9ml &#8211; Noir Black + Mini Libre Eau de Parfum 10ml<\/strong>, la combinaison parfaite pour sublimer votre regard et vous envelopper d\u2019un parfum iconique. Le mascara Lash Clash, dans la nuance raffin\u00e9e Noir Black, est formul\u00e9 pour offrir un volume extr\u00eame et une d\u00e9finition impeccable sans alourdir les cils. Gr\u00e2ce \u00e0 sa brosse ultra-flexible et innovante, il capture chaque cil de la racine \u00e0 la pointe, les s\u00e9parant et les allongeant pour un effet naturel mais saisissant. Sa formule r\u00e9sistante \u00e0 l\u2019humidit\u00e9 et aux bavures garantit un maquillage parfait toute la journ\u00e9e, id\u00e9al pour un usage quotidien comme pour les occasions sp\u00e9ciales. Sa texture cr\u00e9meuse et l\u00e9g\u00e8re assure un confort sans grumeaux ni s\u00e9cheresse, mettant en valeur vos yeux avec un noir intense et profond.<\/p>\n<p data-start=\"4539\" data-end=\"4966\">Le set comprend \u00e9galement le format mini de 10ml du c\u00e9l\u00e8bre <strong data-start=\"4599\" data-end=\"4622\">Libre Eau de Parfum<\/strong>, un parfum qui c\u00e9l\u00e8bre la libert\u00e9 et une f\u00e9minit\u00e9 audacieuse. Les notes de lavande fran\u00e7aise, de fleur d\u2019oranger et de vanille se fondent dans un bouquet \u00e9l\u00e9gant, chaud et enveloppant, laissant une empreinte olfactive inoubliable. Le format mini est parfait \u00e0 emporter partout, id\u00e9al pour des retouches tout au long de la journ\u00e9e ou en voyage.<\/p>\n<p data-start=\"4968\" data-end=\"5487\">Ce set YSL est le choix id\u00e9al pour celles et ceux qui souhaitent allier maquillage de haute qualit\u00e9 et parfum de luxe, que ce soit comme cadeau exclusif ou pour un moment de soin personnel. Mots-cl\u00e9s : YSL Mascara Lash Clash, mascara volume longue tenue, mascara noir, mini Libre Eau de Parfum, set maquillage et parfum YSL, maquillage de luxe, parfums f\u00e9minins iconiques. Choisissez le set YSL Lash Clash + Libre pour un regard magn\u00e9tique et un parfum raffin\u00e9 qui vous accompagne avec style tout au long de la journ\u00e9e.<\/p>\n<p data-start=\"1489\" data-end=\"2009\">Follow us!\u00a0<a href=\"https:\/\/www.instagram.com\/freeshopswiss\/\" target=\"_blank\" rel=\"noopener\">@freeshopswiss<\/a><\/p>\n","protected":false},"excerpt":{"rendered":"<p>D\u00e9couvrez l\u2019\u00e9l\u00e9gance sans compromis avec le set YSL Mascara Lash Clash 9ml &#8211; Noir Black + Mini Libre Eau de Parfum 10ml, la combinaison parfaite pour sublimer votre regard et vous envelopper d\u2019un parfum iconique. Le mascara Lash Clash, dans la nuance raffin\u00e9e Noir Black, est formul\u00e9 pour offrir un volume extr\u00eame et une d\u00e9finition [&hellip;]<\/p>\n","protected":false},"featured_media":31987,"comment_status":"open","ping_status":"closed","template":"","meta":[],"pwb-brand":[268],"product_brand":[],"product_cat":[109,295,484],"product_tag":[459,461,296,477],"class_list":{"0":"post-31991","1":"product","2":"type-product","3":"status-publish","4":"has-post-thumbnail","6":"pwb-brand-yves-saint-laurent","7":"product_cat-pour-elle","8":"product_cat-traitements","9":"product_cat-coffret","10":"product_tag-coffret","11":"product_tag-coffrets-femme","12":"product_tag-femme","13":"product_tag-maquillage","15":"first","16":"outofstock","17":"sale","18":"taxable","19":"shipping-taxable","20":"purchasable","21":"product-type-simple"},"brands":[{"id":268,"name":"Yves Saint Laurent","slug":"yves-saint-laurent"}],"_links":{"self":[{"href":"https:\/\/www.freeshopfrontiera.ch\/fr\/wp-json\/wp\/v2\/product\/31991","targetHints":{"allow":["GET"]}}],"collection":[{"href":"https:\/\/www.freeshopfrontiera.ch\/fr\/wp-json\/wp\/v2\/product"}],"about":[{"href":"https:\/\/www.freeshopfrontiera.ch\/fr\/wp-json\/wp\/v2\/types\/product"}],"replies":[{"embeddable":true,"href":"https:\/\/www.freeshopfrontiera.ch\/fr\/wp-json\/wp\/v2\/comments?post=31991"}],"version-history":[{"count":1,"href":"https:\/\/www.freeshopfrontiera.ch\/fr\/wp-json\/wp\/v2\/product\/31991\/revisions"}],"predecessor-version":[{"id":31995,"href":"https:\/\/www.freeshopfrontiera.ch\/fr\/wp-json\/wp\/v2\/product\/31991\/revisions\/31995"}],"wp:featuredmedia":[{"embeddable":true,"href":"https:\/\/www.freeshopfrontiera.ch\/fr\/wp-json\/wp\/v2\/media\/31987"}],"wp:attachment":[{"href":"https:\/\/www.freeshopfrontiera.ch\/fr\/wp-json\/wp\/v2\/media?parent=31991"}],"wp:term":[{"taxonomy":"pwb-brand","embeddable":true,"href":"https:\/\/www.freeshopfrontiera.ch\/fr\/wp-json\/wp\/v2\/pwb-brand?post=31991"},{"taxonomy":"product_brand","embeddable":true,"href":"https:\/\/www.freeshopfrontiera.ch\/fr\/wp-json\/wp\/v2\/product_brand?post=31991"},{"taxonomy":"product_cat","embeddable":true,"href":"https:\/\/www.freeshopfrontiera.ch\/fr\/wp-json\/wp\/v2\/product_cat?post=31991"},{"taxonomy":"product_tag","embeddable":true,"href":"https:\/\/www.freeshopfrontiera.ch\/fr\/wp-json\/wp\/v2\/product_tag?post=31991"}],"curies":[{"name":"wp","href":"https:\/\/api.w.org\/{rel}","templated":true}]}}