{"id":32058,"date":"2025-06-16T11:12:07","date_gmt":"2025-06-16T11:12:07","guid":{"rendered":"https:\/\/www.freeshopfrontiera.ch\/shop\/valentino-set-born-in-roma-uomo-intense\/"},"modified":"2025-06-16T12:18:09","modified_gmt":"2025-06-16T12:18:09","slug":"valentino-set-born-in-roma-uomo-intense","status":"publish","type":"product","link":"https:\/\/www.freeshopfrontiera.ch\/fr\/shop\/valentino-set-born-in-roma-uomo-intense\/","title":{"rendered":"VALENTINO SET Born in Roma Uomo Intense"},"content":{"rendered":"<h4 data-start=\"3355\" data-end=\"3450\"><strong data-start=\"3355\" data-end=\"3450\">VALENTINO SET Born in Roma Uomo Intense Eau de Parfum Vaporisateur 50ml + Mini EdP 15ml<\/strong><\/h4>\n<p data-start=\"3452\" data-end=\"3786\">D\u00e9couvrez le charme magn\u00e9tique de la nouvelle intensit\u00e9 sign\u00e9e Valentino avec le <strong data-start=\"3355\" data-end=\"3450\">VALENTINO SET <\/strong><strong data-start=\"3533\" data-end=\"3584\">Born in Roma Uomo Intense Eau de Parfum<\/strong>, un ensemble \u00e9l\u00e9gant pens\u00e9 pour l\u2019homme moderne, s\u00fbr de lui et authentique. Ce coffret exclusif contient un flacon de 50ml ainsi qu\u2019un <strong data-start=\"3720\" data-end=\"3748\">format miniature de 15ml<\/strong>, parfait \u00e0 emporter partout avec soi.<\/p>\n<p data-start=\"3788\" data-end=\"4109\"><strong data-start=\"3788\" data-end=\"3817\">Born in Roma Uomo Intense<\/strong> c\u00e9l\u00e8bre l\u2019individualit\u00e9 et la force int\u00e9rieure. Une fragrance orientale et ambr\u00e9e qui marie la fra\u00eecheur vibrante de la vanille bourbon \u00e0 la chaleur de l\u2019ambre et \u00e0 l\u2019ar\u00f4me \u00e9pic\u00e9 de la lavande. Un parfum masculin enveloppant, sensuel et sophistiqu\u00e9, con\u00e7u pour laisser une empreinte durable.<\/p>\n<p data-start=\"4111\" data-end=\"4459\">L\u2019ouverture est lumineuse et dynamique, la vanille bourbon s\u2019accorde harmonieusement au c\u0153ur aromatique de lavande. Le fond, chaud et persistant, repose sur un accord ambr\u00e9 qui apporte caract\u00e8re et intensit\u00e9. Id\u00e9al pour les soir\u00e9es ou les occasions sp\u00e9ciales, <strong>VALENTINO SET<\/strong> <strong data-start=\"4371\" data-end=\"4400\">Born in Roma Uomo Intense<\/strong> incarne l\u2019esprit rebelle et raffin\u00e9 de la Ville \u00c9ternelle.<\/p>\n<p data-start=\"4461\" data-end=\"4642\">Le flacon, inspir\u00e9 de la culture romaine et des codes couture de la Maison Valentino, allie luxe et modernit\u00e9 : le motif clout\u00e9 embl\u00e9matique devient un symbole de force et de style.<\/p>\n<p data-start=\"4644\" data-end=\"4764\">Parfait comme id\u00e9e cadeau gr\u00e2ce \u00e0 son double format, ce coffret ravira les amateurs de parfums intenses et longue dur\u00e9e.<\/p>\n<p data-start=\"4766\" data-end=\"4941\"><strong data-start=\"4766\" data-end=\"4841\">Commandez d\u00e8s maintenant le VALENTINO SET Born in Roma Uomo Intense<\/strong> et plongez dans un voyage olfactif inoubliable, entre \u00e9l\u00e9gance urbaine et sensualit\u00e9 contemporaine.<\/p>\n<p data-start=\"1687\" data-end=\"1841\">Follow us! <a href=\"https:\/\/www.instagram.com\/freeshopswiss\/\" target=\"_blank\" rel=\"noopener\">@freeshopswiss<\/a><\/p>\n","protected":false},"excerpt":{"rendered":"<p>VALENTINO SET Born in Roma Uomo Intense Eau de Parfum Vaporisateur 50ml + Mini EdP 15ml D\u00e9couvrez le charme magn\u00e9tique de la nouvelle intensit\u00e9 sign\u00e9e Valentino avec le VALENTINO SET Born in Roma Uomo Intense Eau de Parfum, un ensemble \u00e9l\u00e9gant pens\u00e9 pour l\u2019homme moderne, s\u00fbr de lui et authentique. Ce coffret exclusif contient un [&hellip;]<\/p>\n","protected":false},"featured_media":32054,"comment_status":"open","ping_status":"closed","template":"","meta":[],"pwb-brand":[298],"product_brand":[],"product_cat":[109,484],"product_tag":[459,461,252,296,97],"class_list":{"0":"post-32058","1":"product","2":"type-product","3":"status-publish","4":"has-post-thumbnail","6":"pwb-brand-valentino","7":"product_cat-pour-elle","8":"product_cat-coffret","9":"product_tag-coffret","10":"product_tag-coffrets-femme","11":"product_tag-eau-de-parfum-fr","12":"product_tag-femme","13":"product_tag-parfums","15":"first","16":"outofstock","17":"sale","18":"taxable","19":"shipping-taxable","20":"purchasable","21":"product-type-simple"},"brands":[{"id":298,"name":"Valentino","slug":"valentino"}],"_links":{"self":[{"href":"https:\/\/www.freeshopfrontiera.ch\/fr\/wp-json\/wp\/v2\/product\/32058","targetHints":{"allow":["GET"]}}],"collection":[{"href":"https:\/\/www.freeshopfrontiera.ch\/fr\/wp-json\/wp\/v2\/product"}],"about":[{"href":"https:\/\/www.freeshopfrontiera.ch\/fr\/wp-json\/wp\/v2\/types\/product"}],"replies":[{"embeddable":true,"href":"https:\/\/www.freeshopfrontiera.ch\/fr\/wp-json\/wp\/v2\/comments?post=32058"}],"version-history":[{"count":2,"href":"https:\/\/www.freeshopfrontiera.ch\/fr\/wp-json\/wp\/v2\/product\/32058\/revisions"}],"predecessor-version":[{"id":32064,"href":"https:\/\/www.freeshopfrontiera.ch\/fr\/wp-json\/wp\/v2\/product\/32058\/revisions\/32064"}],"wp:featuredmedia":[{"embeddable":true,"href":"https:\/\/www.freeshopfrontiera.ch\/fr\/wp-json\/wp\/v2\/media\/32054"}],"wp:attachment":[{"href":"https:\/\/www.freeshopfrontiera.ch\/fr\/wp-json\/wp\/v2\/media?parent=32058"}],"wp:term":[{"taxonomy":"pwb-brand","embeddable":true,"href":"https:\/\/www.freeshopfrontiera.ch\/fr\/wp-json\/wp\/v2\/pwb-brand?post=32058"},{"taxonomy":"product_brand","embeddable":true,"href":"https:\/\/www.freeshopfrontiera.ch\/fr\/wp-json\/wp\/v2\/product_brand?post=32058"},{"taxonomy":"product_cat","embeddable":true,"href":"https:\/\/www.freeshopfrontiera.ch\/fr\/wp-json\/wp\/v2\/product_cat?post=32058"},{"taxonomy":"product_tag","embeddable":true,"href":"https:\/\/www.freeshopfrontiera.ch\/fr\/wp-json\/wp\/v2\/product_tag?post=32058"}],"curies":[{"name":"wp","href":"https:\/\/api.w.org\/{rel}","templated":true}]}}