{"id":32111,"date":"2025-06-16T13:42:45","date_gmt":"2025-06-16T13:42:45","guid":{"rendered":"https:\/\/www.freeshopfrontiera.ch\/shop\/anua-peach-70-niacin-serum-30ml\/"},"modified":"2025-06-16T13:50:55","modified_gmt":"2025-06-16T13:50:55","slug":"anua-peach-70-niacin-serum-30ml","status":"publish","type":"product","link":"https:\/\/www.freeshopfrontiera.ch\/fr\/shop\/anua-peach-70-niacin-serum-30ml\/","title":{"rendered":"ANUA Peach 70+ Niacin Serum 30ml"},"content":{"rendered":"<h3 data-start=\"4393\" data-end=\"4438\"><strong data-start=\"4402\" data-end=\"4438\">ANUA Peach 70+ Niacin Serum 30ml<\/strong><\/h3>\n<p data-start=\"4440\" data-end=\"4722\">R\u00e9v\u00e9lez l\u2019\u00e9clat naturel de votre peau avec le <strong data-start=\"4486\" data-end=\"4517\">ANUA Peach 70+ Niacin Serum<\/strong>, le s\u00e9rum cor\u00e9en illuminant et unifiant qui fait sensation. Formul\u00e9 avec <strong data-start=\"4591\" data-end=\"4618\">70 % d\u2019extrait de p\u00eache<\/strong> et <strong data-start=\"4622\" data-end=\"4644\">5 % de niacinamide<\/strong>, ce s\u00e9rum l\u00e9ger hydrate et affine la peau pour un teint \u00e9clatant et uniforme.<\/p>\n<p data-start=\"4724\" data-end=\"5050\">L\u2019<strong data-start=\"4726\" data-end=\"4746\">extrait de p\u00eache<\/strong> est riche en vitamines et antioxydants, apportant fra\u00eecheur et nutrition \u00e0 la peau. La <strong data-start=\"4834\" data-end=\"4849\">niacinamide<\/strong>, ingr\u00e9dient star, agit sur les taches pigmentaires, affine le grain de peau et r\u00e9gule le s\u00e9bum. R\u00e9sultat : une peau plus lumineuse, lisse et visiblement plus saine, avec un effet \u201cglass skin\u201d naturel.<\/p>\n<p data-start=\"5052\" data-end=\"5295\">Sa texture fluide et rapidement absorb\u00e9e convient \u00e0 tous les types de peau, m\u00eame les plus sensibles. Gr\u00e2ce \u00e0 son action apaisante et \u00e9quilibrante, ce s\u00e9rum est parfait pour lutter contre le teint terne, les irr\u00e9gularit\u00e9s et les pores visibles.<\/p>\n<p data-start=\"5297\" data-end=\"5444\">Le format 30ml est pratique pour une routine matin et soir. \u00c0 appliquer apr\u00e8s le toner et avant votre cr\u00e8me hydratante pour des r\u00e9sultats optimaux.<\/p>\n<p data-start=\"5446\" data-end=\"5643\"><strong data-start=\"5446\" data-end=\"5477\">ANUA Peach 70+ Niacin Serum<\/strong> est test\u00e9 dermatologiquement, cruelty-free et sans parfum artificiel. Id\u00e9al pour une <strong data-start=\"5563\" data-end=\"5602\">routine skincare simple et efficace<\/strong>, inspir\u00e9e des rituels de beaut\u00e9 cor\u00e9ens. R\u00e9v\u00e9lez l\u2019\u00e9clat naturel de votre peau avec le <strong data-start=\"4486\" data-end=\"4517\">ANUA Peach Niacin Serum<\/strong>, le s\u00e9rum cor\u00e9en illuminant et unifiant qui fait sensation.<\/p>\n<p data-start=\"1548\" data-end=\"1654\">Follow us!\u00a0<a href=\"https:\/\/www.instagram.com\/freeshopswiss\/\" target=\"_blank\" rel=\"noopener\">@freeshopswiss<\/a><\/p>\n","protected":false},"excerpt":{"rendered":"<p>ANUA Peach 70+ Niacin Serum 30ml R\u00e9v\u00e9lez l\u2019\u00e9clat naturel de votre peau avec le ANUA Peach 70+ Niacin Serum, le s\u00e9rum cor\u00e9en illuminant et unifiant qui fait sensation. Formul\u00e9 avec 70 % d\u2019extrait de p\u00eache et 5 % de niacinamide, ce s\u00e9rum l\u00e9ger hydrate et affine la peau pour un teint \u00e9clatant et uniforme. L\u2019extrait [&hellip;]<\/p>\n","protected":false},"featured_media":32097,"comment_status":"open","ping_status":"closed","template":"","meta":[],"pwb-brand":[1502],"product_brand":[],"product_cat":[109,295,3768,545],"product_tag":[296,3611,417,301],"class_list":{"0":"post-32111","1":"product","2":"type-product","3":"status-publish","4":"has-post-thumbnail","6":"pwb-brand-anua","7":"product_cat-pour-elle","8":"product_cat-traitements","9":"product_cat-k-beauty-fr","10":"product_cat-soin-du-visage","11":"product_tag-femme","12":"product_tag-k-beauty-fr","13":"product_tag-soins-fr","14":"product_tag-soins-du-visage","16":"first","17":"instock","18":"sale","19":"taxable","20":"shipping-taxable","21":"purchasable","22":"product-type-simple"},"brands":[{"id":1502,"name":"Anua","slug":"anua"}],"_links":{"self":[{"href":"https:\/\/www.freeshopfrontiera.ch\/fr\/wp-json\/wp\/v2\/product\/32111","targetHints":{"allow":["GET"]}}],"collection":[{"href":"https:\/\/www.freeshopfrontiera.ch\/fr\/wp-json\/wp\/v2\/product"}],"about":[{"href":"https:\/\/www.freeshopfrontiera.ch\/fr\/wp-json\/wp\/v2\/types\/product"}],"replies":[{"embeddable":true,"href":"https:\/\/www.freeshopfrontiera.ch\/fr\/wp-json\/wp\/v2\/comments?post=32111"}],"version-history":[{"count":1,"href":"https:\/\/www.freeshopfrontiera.ch\/fr\/wp-json\/wp\/v2\/product\/32111\/revisions"}],"predecessor-version":[{"id":32116,"href":"https:\/\/www.freeshopfrontiera.ch\/fr\/wp-json\/wp\/v2\/product\/32111\/revisions\/32116"}],"wp:featuredmedia":[{"embeddable":true,"href":"https:\/\/www.freeshopfrontiera.ch\/fr\/wp-json\/wp\/v2\/media\/32097"}],"wp:attachment":[{"href":"https:\/\/www.freeshopfrontiera.ch\/fr\/wp-json\/wp\/v2\/media?parent=32111"}],"wp:term":[{"taxonomy":"pwb-brand","embeddable":true,"href":"https:\/\/www.freeshopfrontiera.ch\/fr\/wp-json\/wp\/v2\/pwb-brand?post=32111"},{"taxonomy":"product_brand","embeddable":true,"href":"https:\/\/www.freeshopfrontiera.ch\/fr\/wp-json\/wp\/v2\/product_brand?post=32111"},{"taxonomy":"product_cat","embeddable":true,"href":"https:\/\/www.freeshopfrontiera.ch\/fr\/wp-json\/wp\/v2\/product_cat?post=32111"},{"taxonomy":"product_tag","embeddable":true,"href":"https:\/\/www.freeshopfrontiera.ch\/fr\/wp-json\/wp\/v2\/product_tag?post=32111"}],"curies":[{"name":"wp","href":"https:\/\/api.w.org\/{rel}","templated":true}]}}