{"id":32146,"date":"2025-06-17T08:56:14","date_gmt":"2025-06-17T08:56:14","guid":{"rendered":"https:\/\/www.freeshopfrontiera.ch\/shop\/lancome-set-genifique-ultimate\/"},"modified":"2025-06-17T09:04:50","modified_gmt":"2025-06-17T09:04:50","slug":"lancome-set-genifique-ultimate","status":"publish","type":"product","link":"https:\/\/www.freeshopfrontiera.ch\/fr\/shop\/lancome-set-genifique-ultimate\/","title":{"rendered":"LANCOME SET Genifique Ultimate"},"content":{"rendered":"<h3 data-start=\"1796\" data-end=\"1889\"><strong data-start=\"1805\" data-end=\"1889\">Coffret Lanc\u00f4me G\u00e9nifique Ultimate \u2013 Rituel Complet de Soins Anti-\u00c2ge<\/strong><\/h3>\n<p data-start=\"1891\" data-end=\"2202\">Offrez \u00e0 votre peau une cure de jeunesse avec le <strong data-start=\"1940\" data-end=\"1981\">coffret G\u00e9nifique Ultimate de Lanc\u00f4me<\/strong>, une s\u00e9lection haut de gamme de trois soins anti-\u00e2ge incontournables. Ce rituel complet vise \u00e0 renforcer la peau, lisser les rides, et raviver l\u2019\u00e9clat du teint, pour une peau visiblement plus jeune et pleine de vitalit\u00e9.<\/p>\n<p data-start=\"2204\" data-end=\"2467\">Le <strong data-start=\"2207\" data-end=\"2242\">s\u00e9rum Advanced G\u00e9nifique (30ml)<\/strong>, best-seller mondial de Lanc\u00f4me, est enrichi en fractions de probiotiques et pr\u00e9biotiques pour renforcer la barri\u00e8re cutan\u00e9e et stimuler la r\u00e9g\u00e9n\u00e9ration cellulaire. D\u00e8s 7 jours, la peau para\u00eet plus douce, lumineuse et ferme.<\/p>\n<p data-start=\"2469\" data-end=\"2740\">La <strong data-start=\"2472\" data-end=\"2508\">cr\u00e8me R\u00e9nergie Multi-Lift (15ml)<\/strong>, quant \u00e0 elle, offre une action raffermissante et liftante tout en hydratant intens\u00e9ment. Elle aide \u00e0 red\u00e9finir les contours du visage et att\u00e9nue visiblement les signes du vieillissement, gr\u00e2ce \u00e0 une texture fondante et non grasse.<\/p>\n<p data-start=\"2742\" data-end=\"2892\">Enfin, le <strong data-start=\"2752\" data-end=\"2797\">contour des yeux Advanced G\u00e9nifique (5ml)<\/strong> cible les cernes, les ridules et les signes de fatigue pour un regard plus \u00e9clatant et repos\u00e9.<\/p>\n<p data-start=\"2894\" data-end=\"3014\">Ce coffret est id\u00e9al pour d\u00e9couvrir la routine anti-\u00e2ge compl\u00e8te de Lanc\u00f4me ou pour offrir un cadeau beaut\u00e9 d\u2019exception.<\/p>\n<p data-start=\"1416\" data-end=\"1588\">Follow us!\u00a0<a href=\"https:\/\/www.instagram.com\/freeshopswiss\/\" target=\"_blank\" rel=\"noopener\">@freeshopswiss<\/a><\/p>\n","protected":false},"excerpt":{"rendered":"<p>Coffret Lanc\u00f4me G\u00e9nifique Ultimate \u2013 Rituel Complet de Soins Anti-\u00c2ge Offrez \u00e0 votre peau une cure de jeunesse avec le coffret G\u00e9nifique Ultimate de Lanc\u00f4me, une s\u00e9lection haut de gamme de trois soins anti-\u00e2ge incontournables. Ce rituel complet vise \u00e0 renforcer la peau, lisser les rides, et raviver l\u2019\u00e9clat du teint, pour une peau visiblement [&hellip;]<\/p>\n","protected":false},"featured_media":32142,"comment_status":"open","ping_status":"closed","template":"","meta":[],"pwb-brand":[262],"product_brand":[],"product_cat":[109,484],"product_tag":[459,461,296],"class_list":{"0":"post-32146","1":"product","2":"type-product","3":"status-publish","4":"has-post-thumbnail","6":"pwb-brand-lancome","7":"product_cat-pour-elle","8":"product_cat-coffret","9":"product_tag-coffret","10":"product_tag-coffrets-femme","11":"product_tag-femme","13":"first","14":"outofstock","15":"sale","16":"taxable","17":"shipping-taxable","18":"purchasable","19":"product-type-simple"},"brands":[{"id":262,"name":"Lanc\u00f4me","slug":"lancome"}],"_links":{"self":[{"href":"https:\/\/www.freeshopfrontiera.ch\/fr\/wp-json\/wp\/v2\/product\/32146","targetHints":{"allow":["GET"]}}],"collection":[{"href":"https:\/\/www.freeshopfrontiera.ch\/fr\/wp-json\/wp\/v2\/product"}],"about":[{"href":"https:\/\/www.freeshopfrontiera.ch\/fr\/wp-json\/wp\/v2\/types\/product"}],"replies":[{"embeddable":true,"href":"https:\/\/www.freeshopfrontiera.ch\/fr\/wp-json\/wp\/v2\/comments?post=32146"}],"version-history":[{"count":2,"href":"https:\/\/www.freeshopfrontiera.ch\/fr\/wp-json\/wp\/v2\/product\/32146\/revisions"}],"predecessor-version":[{"id":32152,"href":"https:\/\/www.freeshopfrontiera.ch\/fr\/wp-json\/wp\/v2\/product\/32146\/revisions\/32152"}],"wp:featuredmedia":[{"embeddable":true,"href":"https:\/\/www.freeshopfrontiera.ch\/fr\/wp-json\/wp\/v2\/media\/32142"}],"wp:attachment":[{"href":"https:\/\/www.freeshopfrontiera.ch\/fr\/wp-json\/wp\/v2\/media?parent=32146"}],"wp:term":[{"taxonomy":"pwb-brand","embeddable":true,"href":"https:\/\/www.freeshopfrontiera.ch\/fr\/wp-json\/wp\/v2\/pwb-brand?post=32146"},{"taxonomy":"product_brand","embeddable":true,"href":"https:\/\/www.freeshopfrontiera.ch\/fr\/wp-json\/wp\/v2\/product_brand?post=32146"},{"taxonomy":"product_cat","embeddable":true,"href":"https:\/\/www.freeshopfrontiera.ch\/fr\/wp-json\/wp\/v2\/product_cat?post=32146"},{"taxonomy":"product_tag","embeddable":true,"href":"https:\/\/www.freeshopfrontiera.ch\/fr\/wp-json\/wp\/v2\/product_tag?post=32146"}],"curies":[{"name":"wp","href":"https:\/\/api.w.org\/{rel}","templated":true}]}}