{"id":32326,"date":"2025-06-23T15:32:58","date_gmt":"2025-06-23T15:32:58","guid":{"rendered":"https:\/\/www.freeshopfrontiera.ch\/shop\/beauty-of-joseon-relief-sun-rice-probiotics-spf50-50ml\/"},"modified":"2025-06-23T15:42:58","modified_gmt":"2025-06-23T15:42:58","slug":"beauty-of-joseon-relief-sun-rice-probiotics-spf50-50ml","status":"publish","type":"product","link":"https:\/\/www.freeshopfrontiera.ch\/fr\/shop\/beauty-of-joseon-relief-sun-rice-probiotics-spf50-50ml\/","title":{"rendered":"BEAUTY OF JOSEON Relief Sun Rice + Probiotics SPF50+ 50ml"},"content":{"rendered":"<p data-start=\"3638\" data-end=\"3946\">D\u00e9couvrez un soin solaire qui prend vraiment soin de votre peau avec la <strong data-start=\"3710\" data-end=\"3797\">cr\u00e8me solaire cor\u00e9enne Beauty of Joseon Relief Sun: Rice + Probiotics SPF50+ PA++++<\/strong>. L\u00e9g\u00e8re, hydratante et parfaitement adapt\u00e9e \u00e0 une utilisation quotidienne, cette formule convient \u00e0 tous les types de peau, m\u00eame les plus sensibles.<\/p>\n<p data-start=\"3948\" data-end=\"4313\">Sa texture cr\u00e9meuse et non grasse p\u00e9n\u00e8tre rapidement sans laisser de film blanc ni de sensation collante. <strong data-start=\"4054\" data-end=\"4081\">L\u2019extrait de riz (30\u202f%)<\/strong>, riche en acides amin\u00e9s, vitamines et min\u00e9raux, nourrit la peau en profondeur et lui apporte un \u00e9clat naturel. Les <strong data-start=\"4197\" data-end=\"4223\">probiotiques ferment\u00e9s<\/strong> renforcent la barri\u00e8re cutan\u00e9e, apaisent les rougeurs et soutiennent la sant\u00e9 de la peau.<\/p>\n<p data-start=\"4315\" data-end=\"4661\">Avec une <strong data-start=\"4324\" data-end=\"4376\">protection solaire \u00e0 large spectre SPF50+ PA++++<\/strong>, Relief Sun prot\u00e8ge efficacement contre les rayons UVA et UVB, pr\u00e9venant le vieillissement pr\u00e9matur\u00e9, les taches pigmentaires et les dommages li\u00e9s au soleil. Sans alcool, huiles min\u00e9rales, parfums artificiels ni parab\u00e8nes, elle convient aussi aux peaux grasses ou \u00e0 tendance acn\u00e9ique.<\/p>\n<p data-start=\"4663\" data-end=\"4810\">Id\u00e9ale comme derni\u00e8re \u00e9tape de votre routine du matin, elle fait \u00e9galement une excellente base de maquillage gr\u00e2ce \u00e0 sa finition douce et velout\u00e9e.<\/p>\n<p data-start=\"1436\" data-end=\"1594\">Follow us!\u00a0<a href=\"https:\/\/www.instagram.com\/freeshopswiss\/\" target=\"_blank\" rel=\"noopener\">@freeshopswiss\u00a0<\/a><\/p>\n","protected":false},"excerpt":{"rendered":"<p>D\u00e9couvrez un soin solaire qui prend vraiment soin de votre peau avec la cr\u00e8me solaire cor\u00e9enne Beauty of Joseon Relief Sun: Rice + Probiotics SPF50+ PA++++. L\u00e9g\u00e8re, hydratante et parfaitement adapt\u00e9e \u00e0 une utilisation quotidienne, cette formule convient \u00e0 tous les types de peau, m\u00eame les plus sensibles. Sa texture cr\u00e9meuse et non grasse p\u00e9n\u00e8tre [&hellip;]<\/p>\n","protected":false},"featured_media":32322,"comment_status":"open","ping_status":"closed","template":"","meta":[],"pwb-brand":[574],"product_brand":[],"product_cat":[109,89,295,3768,424],"product_tag":[553,493,296,4348,143,3611,4367],"class_list":{"0":"post-32326","1":"product","2":"type-product","3":"status-publish","4":"has-post-thumbnail","6":"pwb-brand-beauty-of-joseon","7":"product_cat-pour-elle","8":"product_cat-pour-lui","9":"product_cat-traitements","10":"product_cat-k-beauty-fr","11":"product_cat-solari-fr","12":"product_tag-creme-solaire","13":"product_tag-ecrans-solaires","14":"product_tag-femme","15":"product_tag-fete-des-femmes","16":"product_tag-homme","17":"product_tag-k-beauty-fr","18":"product_tag-special-printemps","20":"first","21":"instock","22":"sale","23":"taxable","24":"shipping-taxable","25":"purchasable","26":"product-type-simple"},"brands":[{"id":574,"name":"Beauty of Joseon","slug":"beauty-of-joseon"}],"_links":{"self":[{"href":"https:\/\/www.freeshopfrontiera.ch\/fr\/wp-json\/wp\/v2\/product\/32326","targetHints":{"allow":["GET"]}}],"collection":[{"href":"https:\/\/www.freeshopfrontiera.ch\/fr\/wp-json\/wp\/v2\/product"}],"about":[{"href":"https:\/\/www.freeshopfrontiera.ch\/fr\/wp-json\/wp\/v2\/types\/product"}],"replies":[{"embeddable":true,"href":"https:\/\/www.freeshopfrontiera.ch\/fr\/wp-json\/wp\/v2\/comments?post=32326"}],"version-history":[{"count":2,"href":"https:\/\/www.freeshopfrontiera.ch\/fr\/wp-json\/wp\/v2\/product\/32326\/revisions"}],"predecessor-version":[{"id":32334,"href":"https:\/\/www.freeshopfrontiera.ch\/fr\/wp-json\/wp\/v2\/product\/32326\/revisions\/32334"}],"wp:featuredmedia":[{"embeddable":true,"href":"https:\/\/www.freeshopfrontiera.ch\/fr\/wp-json\/wp\/v2\/media\/32322"}],"wp:attachment":[{"href":"https:\/\/www.freeshopfrontiera.ch\/fr\/wp-json\/wp\/v2\/media?parent=32326"}],"wp:term":[{"taxonomy":"pwb-brand","embeddable":true,"href":"https:\/\/www.freeshopfrontiera.ch\/fr\/wp-json\/wp\/v2\/pwb-brand?post=32326"},{"taxonomy":"product_brand","embeddable":true,"href":"https:\/\/www.freeshopfrontiera.ch\/fr\/wp-json\/wp\/v2\/product_brand?post=32326"},{"taxonomy":"product_cat","embeddable":true,"href":"https:\/\/www.freeshopfrontiera.ch\/fr\/wp-json\/wp\/v2\/product_cat?post=32326"},{"taxonomy":"product_tag","embeddable":true,"href":"https:\/\/www.freeshopfrontiera.ch\/fr\/wp-json\/wp\/v2\/product_tag?post=32326"}],"curies":[{"name":"wp","href":"https:\/\/api.w.org\/{rel}","templated":true}]}}