{"id":32520,"date":"2025-06-30T08:06:00","date_gmt":"2025-06-30T08:06:00","guid":{"rendered":"https:\/\/www.freeshopfrontiera.ch\/shop\/zadig-voltaire-this-is-her-burning-love\/"},"modified":"2025-06-30T08:10:21","modified_gmt":"2025-06-30T08:10:21","slug":"zadig-voltaire-this-is-her-burning-love","status":"publish","type":"product","link":"https:\/\/www.freeshopfrontiera.ch\/fr\/shop\/zadig-voltaire-this-is-her-burning-love\/","title":{"rendered":"ZADIG &#038; VOLTAIRE This is Her! Burning Love"},"content":{"rendered":"<h3 data-start=\"160\" data-end=\"222\"><strong data-start=\"160\" data-end=\"222\">ZADIG &amp; VOLTAIRE \u2013 This is Her! Burning Love Eau de Parfum<\/strong><\/h3>\n<p data-start=\"224\" data-end=\"2069\">ZADIG &amp; VOLTAIRE This is Her! Burning Love est un parfum qui incarne l\u2019essence d\u2019une femme libre, audacieuse et intens\u00e9ment f\u00e9minine. Une fragrance sensuelle, moderne et provocante, con\u00e7ue pour celles qui vivent avec passion et sans compromis.<\/p>\n<p data-start=\"224\" data-end=\"2069\">Avec son esprit rock et rebelle, Burning Love enveloppe les sens d\u2019une explosion olfactive chaude et irr\u00e9sistible, o\u00f9 la douceur rencontre la force, et la d\u00e9licatesse s\u2019unit au caract\u00e8re. Les premi\u00e8res notes r\u00e9v\u00e8lent un d\u00e9part vif et \u00e9pic\u00e9, gr\u00e2ce \u00e0 la fra\u00eecheur p\u00e9tillante du poivre rose, adoucie par l\u2019\u00e9l\u00e9gance lumineuse de la fleur d\u2019oranger, symbole de f\u00e9minit\u00e9 et de raffinement. Le c\u0153ur gourmand d\u00e9voile une association chaleureuse et cr\u00e9meuse\u202f: la ch\u00e2taigne grill\u00e9e s\u2019accorde \u00e0 une cr\u00e8me de vanille onctueuse, pour une sensation enveloppante, r\u00e9confortante et d\u00e9licieusement addictive. En fond, le bois de santal et le patchouli apportent une intensit\u00e9 profonde, sensuelle et persistante, laissant un sillage m\u00e9morable sur la peau. Ce parfum est id\u00e9al pour celles qui aiment se faire remarquer avec \u00e9l\u00e9gance, affirmer leur personnalit\u00e9 et laisser une empreinte olfactive durable.<\/p>\n<p data-start=\"224\" data-end=\"2069\">Parfait pour les saisons froides, les soir\u00e9es sp\u00e9ciales ou tout moment o\u00f9 l\u2019on veut se sentir forte, libre et irr\u00e9sistible. Le flacon, au design minimaliste et audacieux, refl\u00e8te parfaitement l\u2019\u00e2me du parfum\u202f: f\u00e9minin mais tranchant, doux mais intense, lumineux et envo\u00fbtant. This is Her! Burning Love est bien plus qu\u2019un simple parfum\u202f: c\u2019est un acte d\u2019amour envers soi-m\u00eame, une ode \u00e0 la libert\u00e9 d\u2019\u00eatre authentique, passionn\u00e9e et unique. Famille olfactive\u202f: bois\u00e9 gourmand. Notes principales\u202f: poivre rose, fleur d\u2019oranger, ch\u00e2taigne, cr\u00e8me de vanille, bois de santal, patchouli. Concentration\u202f: Eau de Parfum \u2013 longue tenue. Une fragrance qui r\u00e9chauffe, s\u00e9duit et embrase les sens \u2013 tout simplement irr\u00e9sistible.<\/p>\n<p data-start=\"208\" data-end=\"2032\">Follow us!\u00a0<a href=\"https:\/\/www.instagram.com\/freeshopswiss\/\" target=\"_blank\" rel=\"noopener\">@freeshopswiss\u00a0<\/a><\/p>\n","protected":false},"excerpt":{"rendered":"<p>ZADIG &amp; VOLTAIRE \u2013 This is Her! Burning Love Eau de Parfum ZADIG &amp; VOLTAIRE This is Her! Burning Love est un parfum qui incarne l\u2019essence d\u2019une femme libre, audacieuse et intens\u00e9ment f\u00e9minine. Une fragrance sensuelle, moderne et provocante, con\u00e7ue pour celles qui vivent avec passion et sans compromis. Avec son esprit rock et rebelle, [&hellip;]<\/p>\n","protected":false},"featured_media":32513,"comment_status":"open","ping_status":"closed","template":"","meta":[],"pwb-brand":[390],"product_brand":[],"product_cat":[87,109],"product_tag":[252,296,97],"class_list":{"0":"post-32520","1":"product","2":"type-product","3":"status-publish","4":"has-post-thumbnail","6":"pwb-brand-zadig-voltaire","7":"product_cat-parfums","8":"product_cat-pour-elle","9":"product_tag-eau-de-parfum-fr","10":"product_tag-femme","11":"product_tag-parfums","13":"first","14":"instock","15":"sale","16":"taxable","17":"shipping-taxable","18":"purchasable","19":"product-type-variable","20":"has-default-attributes"},"brands":[{"id":390,"name":"ZADIG &amp; VOLTAIRE","slug":"zadig-voltaire"}],"_links":{"self":[{"href":"https:\/\/www.freeshopfrontiera.ch\/fr\/wp-json\/wp\/v2\/product\/32520","targetHints":{"allow":["GET"]}}],"collection":[{"href":"https:\/\/www.freeshopfrontiera.ch\/fr\/wp-json\/wp\/v2\/product"}],"about":[{"href":"https:\/\/www.freeshopfrontiera.ch\/fr\/wp-json\/wp\/v2\/types\/product"}],"replies":[{"embeddable":true,"href":"https:\/\/www.freeshopfrontiera.ch\/fr\/wp-json\/wp\/v2\/comments?post=32520"}],"version-history":[{"count":2,"href":"https:\/\/www.freeshopfrontiera.ch\/fr\/wp-json\/wp\/v2\/product\/32520\/revisions"}],"predecessor-version":[{"id":32528,"href":"https:\/\/www.freeshopfrontiera.ch\/fr\/wp-json\/wp\/v2\/product\/32520\/revisions\/32528"}],"wp:featuredmedia":[{"embeddable":true,"href":"https:\/\/www.freeshopfrontiera.ch\/fr\/wp-json\/wp\/v2\/media\/32513"}],"wp:attachment":[{"href":"https:\/\/www.freeshopfrontiera.ch\/fr\/wp-json\/wp\/v2\/media?parent=32520"}],"wp:term":[{"taxonomy":"pwb-brand","embeddable":true,"href":"https:\/\/www.freeshopfrontiera.ch\/fr\/wp-json\/wp\/v2\/pwb-brand?post=32520"},{"taxonomy":"product_brand","embeddable":true,"href":"https:\/\/www.freeshopfrontiera.ch\/fr\/wp-json\/wp\/v2\/product_brand?post=32520"},{"taxonomy":"product_cat","embeddable":true,"href":"https:\/\/www.freeshopfrontiera.ch\/fr\/wp-json\/wp\/v2\/product_cat?post=32520"},{"taxonomy":"product_tag","embeddable":true,"href":"https:\/\/www.freeshopfrontiera.ch\/fr\/wp-json\/wp\/v2\/product_tag?post=32520"}],"curies":[{"name":"wp","href":"https:\/\/api.w.org\/{rel}","templated":true}]}}