{"id":32554,"date":"2025-06-30T13:40:01","date_gmt":"2025-06-30T13:40:01","guid":{"rendered":"https:\/\/www.freeshopfrontiera.ch\/shop\/gianni-versace-eau-fraiche-extreme-pour-homme\/"},"modified":"2026-03-09T10:09:06","modified_gmt":"2026-03-09T10:09:06","slug":"gianni-versace-eau-fraiche-extreme-pour-homme","status":"publish","type":"product","link":"https:\/\/www.freeshopfrontiera.ch\/fr\/shop\/gianni-versace-eau-fraiche-extreme-pour-homme\/","title":{"rendered":"VERSACE Eau Fraiche Extreme Pour Homme"},"content":{"rendered":"<h3 data-start=\"1812\" data-end=\"2449\">D\u00e9couvrez <strong data-start=\"1822\" data-end=\"1856\">Eau Fra\u00eeche Extreme Pour Homme<\/strong> de <strong data-start=\"1860\" data-end=\"1878\">Versace<\/strong>, un parfum qui incarne une fra\u00eecheur pure et une \u00e9l\u00e9gance audacieuse pour l\u2019homme moderne.<\/h3>\n<pre data-start=\"1812\" data-end=\"2449\">Cette eau de parfum est une r\u00e9interpr\u00e9tation plus intense et sophistiqu\u00e9e du c\u00e9l\u00e8bre Versace Man Eau Fra\u00eeche, con\u00e7ue pour ceux qui veulent exprimer leur personnalit\u00e9, leur assurance et un style irr\u00e9prochable. La fragrance s\u2019ouvre sur une explosion d\u2019agrumes dynamiques, o\u00f9 le citron, la bergamote et la carambole se m\u00ealent dans un bouquet vivifiant et tonique, rehauss\u00e9 imm\u00e9diatement par des nuances aquatiques \u00e9voquant la puret\u00e9 marine et la libert\u00e9 d\u2019une brise m\u00e9diterran\u00e9enne.<\/pre>\n<p data-start=\"2451\" data-end=\"2813\">En c\u0153ur, la composition gagne en structure gr\u00e2ce au poivre noir, qui apporte caract\u00e8re et \u00e9nergie, \u00e9quilibr\u00e9 par la sauge aromatique et le bois de c\u00e8dre raffin\u00e9. Ce c\u0153ur olfactif transmet \u00e0 la fois force et harmonie, dans un accord l\u00e9ger mais affirm\u00e9. Les notes marines apportent une touche min\u00e9rale fra\u00eeche, soulignant le caract\u00e8re r\u00e9solument moderne du parfum.<\/p>\n<p data-start=\"2815\" data-end=\"3248\">Le fond est chaleureux et enveloppant, avec du musc blanc, de l\u2019ambre et du bois de sycomore qui offrent profondeur et tenue longue dur\u00e9e. Le sillage sur la peau est propre, sensuel et parfaitement \u00e9quilibr\u00e9 \u2013 id\u00e9al pour accompagner l\u2019homme tout au long de la journ\u00e9e, du travail aux soir\u00e9es d\u00e9contract\u00e9es. L\u2019ensemble exprime une sensation de puret\u00e9 raffin\u00e9e, pens\u00e9e pour l\u2019homme dynamique qui se distingue par une \u00e9l\u00e9gance discr\u00e8te.<\/p>\n<p data-start=\"3250\" data-end=\"3538\"><strong data-start=\"3250\" data-end=\"3299\">Versace Eau Fra\u00eeche Extreme Pour Homme<\/strong> est bien plus qu\u2019un simple parfum : c\u2019est une d\u00e9claration de style contemporain, de fra\u00eecheur affirm\u00e9e et de charme naturel. Une signature olfactive pour l\u2019homme qui ne renonce jamais \u00e0 l\u2019\u00e9l\u00e9gance \u2013 m\u00eame dans sa forme la plus essentielle.<\/p>\n<p data-start=\"1582\" data-end=\"1849\">Follow us!\u00a0<a href=\"https:\/\/www.instagram.com\/freeshopswiss\/\" target=\"_blank\" rel=\"noopener\">@freeshopswiss\u00a0<\/a><\/p>\n","protected":false},"excerpt":{"rendered":"<p>D\u00e9couvrez Eau Fra\u00eeche Extreme Pour Homme de Versace, un parfum qui incarne une fra\u00eecheur pure et une \u00e9l\u00e9gance audacieuse pour l\u2019homme moderne. Cette eau de parfum est une r\u00e9interpr\u00e9tation plus intense et sophistiqu\u00e9e du c\u00e9l\u00e8bre Versace Man Eau Fra\u00eeche, con\u00e7ue pour ceux qui veulent exprimer leur personnalit\u00e9, leur assurance et un style irr\u00e9prochable. La fragrance [&hellip;]<\/p>\n","protected":false},"featured_media":32538,"comment_status":"open","ping_status":"closed","template":"","meta":[],"pwb-brand":[124],"product_brand":[],"product_cat":[87,89],"product_tag":[252,1629,143,97,4367],"class_list":{"0":"post-32554","1":"product","2":"type-product","3":"status-publish","4":"has-post-thumbnail","6":"pwb-brand-versace","7":"product_cat-parfums","8":"product_cat-pour-lui","9":"product_tag-eau-de-parfum-fr","10":"product_tag-mens-fragrances-fr","11":"product_tag-homme","12":"product_tag-parfums","13":"product_tag-special-printemps","15":"first","16":"instock","17":"sale","18":"taxable","19":"shipping-taxable","20":"purchasable","21":"product-type-variable","22":"has-default-attributes"},"brands":[{"id":124,"name":"Versace","slug":"versace"}],"_links":{"self":[{"href":"https:\/\/www.freeshopfrontiera.ch\/fr\/wp-json\/wp\/v2\/product\/32554","targetHints":{"allow":["GET"]}}],"collection":[{"href":"https:\/\/www.freeshopfrontiera.ch\/fr\/wp-json\/wp\/v2\/product"}],"about":[{"href":"https:\/\/www.freeshopfrontiera.ch\/fr\/wp-json\/wp\/v2\/types\/product"}],"replies":[{"embeddable":true,"href":"https:\/\/www.freeshopfrontiera.ch\/fr\/wp-json\/wp\/v2\/comments?post=32554"}],"version-history":[{"count":4,"href":"https:\/\/www.freeshopfrontiera.ch\/fr\/wp-json\/wp\/v2\/product\/32554\/revisions"}],"predecessor-version":[{"id":40813,"href":"https:\/\/www.freeshopfrontiera.ch\/fr\/wp-json\/wp\/v2\/product\/32554\/revisions\/40813"}],"wp:featuredmedia":[{"embeddable":true,"href":"https:\/\/www.freeshopfrontiera.ch\/fr\/wp-json\/wp\/v2\/media\/32538"}],"wp:attachment":[{"href":"https:\/\/www.freeshopfrontiera.ch\/fr\/wp-json\/wp\/v2\/media?parent=32554"}],"wp:term":[{"taxonomy":"pwb-brand","embeddable":true,"href":"https:\/\/www.freeshopfrontiera.ch\/fr\/wp-json\/wp\/v2\/pwb-brand?post=32554"},{"taxonomy":"product_brand","embeddable":true,"href":"https:\/\/www.freeshopfrontiera.ch\/fr\/wp-json\/wp\/v2\/product_brand?post=32554"},{"taxonomy":"product_cat","embeddable":true,"href":"https:\/\/www.freeshopfrontiera.ch\/fr\/wp-json\/wp\/v2\/product_cat?post=32554"},{"taxonomy":"product_tag","embeddable":true,"href":"https:\/\/www.freeshopfrontiera.ch\/fr\/wp-json\/wp\/v2\/product_tag?post=32554"}],"curies":[{"name":"wp","href":"https:\/\/api.w.org\/{rel}","templated":true}]}}