{"id":32996,"date":"2025-07-08T07:45:58","date_gmt":"2025-07-08T07:45:58","guid":{"rendered":"https:\/\/www.freeshopfrontiera.ch\/shop\/yves-saint-laurent-myslf-labsolu-parfum\/"},"modified":"2025-07-08T08:00:04","modified_gmt":"2025-07-08T08:00:04","slug":"yves-saint-laurent-myslf-labsolu-parfum","status":"publish","type":"product","link":"https:\/\/www.freeshopfrontiera.ch\/fr\/shop\/yves-saint-laurent-myslf-labsolu-parfum\/","title":{"rendered":"YVES SAINT LAURENT MYSLF L&rsquo;Absolu Parfum"},"content":{"rendered":"<h3 data-start=\"3666\" data-end=\"3888\"><strong data-start=\"3666\" data-end=\"3710\">Yves Saint Laurent MYSLF L\u2019Absolu Parfum<\/strong> est la nouvelle d\u00e9claration olfactive sign\u00e9e YSL Beauty : un parfum intense, profond et magn\u00e9tique qui c\u00e9l\u00e8bre l\u2019individualit\u00e9 masculine dans toute sa force et son authenticit\u00e9.<\/h3>\n<p data-start=\"3890\" data-end=\"4126\">Cette r\u00e9interpr\u00e9tation absolue du MYSLF classique porte l\u2019\u00e9l\u00e9gance contemporaine \u00e0 un niveau sup\u00e9rieur, en conservant l\u2019esprit lumineux et moderne de l\u2019original tout en l\u2019enrichissant de nuances plus chaudes, sensuelles et persistantes.<\/p>\n<p data-start=\"4128\" data-end=\"4649\">La composition s\u2019ouvre sur une explosion vibrante de bergamote de Calabre, fra\u00eeche et ensoleill\u00e9e, qui procure une sensation imm\u00e9diate d\u2019\u00e9nergie et de vitalit\u00e9. En c\u0153ur, l\u2019absolue de fleur d\u2019oranger d\u00e9voile une signature olfactive intense, enveloppante et s\u00e9duisante, incarnant parfaitement le dualisme entre force et douceur. En fond, un accord riche et structur\u00e9 de bois ambr\u00e9s et de patchouli apporte profondeur, caract\u00e8re et une touche de myst\u00e8re, laissant sur la peau un sillage chaud et puissant qui dure longtemps.<\/p>\n<p data-start=\"4651\" data-end=\"5088\"><strong data-start=\"4651\" data-end=\"4676\">MYSLF L\u2019Absolu Parfum<\/strong> n\u2019est pas qu\u2019un parfum, c\u2019est une v\u00e9ritable affirmation de style et de personnalit\u00e9. Il est con\u00e7u pour l\u2019homme qui vit avec intensit\u00e9, qui s\u2019exprime sans filtres et qui recherche une essence capable de refl\u00e9ter qui il est, dans toutes ses nuances.<br data-start=\"4924\" data-end=\"4927\" \/>Le flacon se distingue par un design \u00e9l\u00e9gant et affirm\u00e9 : des lignes \u00e9pur\u00e9es, une laque noire profonde et des d\u00e9tails m\u00e9tallis\u00e9s qui \u00e9voquent force et modernit\u00e9.<\/p>\n<p data-start=\"5090\" data-end=\"5412\">Id\u00e9al pour les saisons froides ou les soir\u00e9es importantes, mais suffisamment polyvalent pour accompagner aussi les journ\u00e9es les plus intenses, ce parfum s\u2019adapte \u00e0 chaque moment avec classe et assurance. Un excellent choix pour ceux qui souhaitent se d\u00e9marquer avec discr\u00e9tion et laisser une empreinte olfactive m\u00e9morable.<\/p>\n<p data-start=\"1511\" data-end=\"1810\">Follow us! <a href=\"https:\/\/www.instagram.com\/freeshopswiss\/\" target=\"_blank\" rel=\"noopener\">@freeshopswiss<\/a><\/p>\n","protected":false},"excerpt":{"rendered":"<h3 data-start=\"3666\" data-end=\"3888\"><strong data-start=\"3666\" data-end=\"3710\">Yves Saint Laurent MYSLF L\u2019Absolu Parfum<\/strong> est la nouvelle d\u00e9claration olfactive sign\u00e9e YSL Beauty : un parfum intense, profond et magn\u00e9tique qui c\u00e9l\u00e8bre l\u2019individualit\u00e9 masculine dans toute sa force et son authenticit\u00e9.<\/h3>\n","protected":false},"featured_media":32981,"comment_status":"open","ping_status":"closed","template":"","meta":[],"pwb-brand":[268],"product_brand":[],"product_cat":[87,89],"product_tag":[252,143,97],"class_list":{"0":"post-32996","1":"product","2":"type-product","3":"status-publish","4":"has-post-thumbnail","6":"pwb-brand-yves-saint-laurent","7":"product_cat-parfums","8":"product_cat-pour-lui","9":"product_tag-eau-de-parfum-fr","10":"product_tag-homme","11":"product_tag-parfums","13":"first","14":"instock","15":"sale","16":"taxable","17":"shipping-taxable","18":"purchasable","19":"product-type-variable","20":"has-default-attributes"},"brands":[{"id":268,"name":"Yves Saint Laurent","slug":"yves-saint-laurent"}],"_links":{"self":[{"href":"https:\/\/www.freeshopfrontiera.ch\/fr\/wp-json\/wp\/v2\/product\/32996","targetHints":{"allow":["GET"]}}],"collection":[{"href":"https:\/\/www.freeshopfrontiera.ch\/fr\/wp-json\/wp\/v2\/product"}],"about":[{"href":"https:\/\/www.freeshopfrontiera.ch\/fr\/wp-json\/wp\/v2\/types\/product"}],"replies":[{"embeddable":true,"href":"https:\/\/www.freeshopfrontiera.ch\/fr\/wp-json\/wp\/v2\/comments?post=32996"}],"version-history":[{"count":2,"href":"https:\/\/www.freeshopfrontiera.ch\/fr\/wp-json\/wp\/v2\/product\/32996\/revisions"}],"predecessor-version":[{"id":33008,"href":"https:\/\/www.freeshopfrontiera.ch\/fr\/wp-json\/wp\/v2\/product\/32996\/revisions\/33008"}],"wp:featuredmedia":[{"embeddable":true,"href":"https:\/\/www.freeshopfrontiera.ch\/fr\/wp-json\/wp\/v2\/media\/32981"}],"wp:attachment":[{"href":"https:\/\/www.freeshopfrontiera.ch\/fr\/wp-json\/wp\/v2\/media?parent=32996"}],"wp:term":[{"taxonomy":"pwb-brand","embeddable":true,"href":"https:\/\/www.freeshopfrontiera.ch\/fr\/wp-json\/wp\/v2\/pwb-brand?post=32996"},{"taxonomy":"product_brand","embeddable":true,"href":"https:\/\/www.freeshopfrontiera.ch\/fr\/wp-json\/wp\/v2\/product_brand?post=32996"},{"taxonomy":"product_cat","embeddable":true,"href":"https:\/\/www.freeshopfrontiera.ch\/fr\/wp-json\/wp\/v2\/product_cat?post=32996"},{"taxonomy":"product_tag","embeddable":true,"href":"https:\/\/www.freeshopfrontiera.ch\/fr\/wp-json\/wp\/v2\/product_tag?post=32996"}],"curies":[{"name":"wp","href":"https:\/\/api.w.org\/{rel}","templated":true}]}}