{"id":33017,"date":"2025-07-08T08:58:16","date_gmt":"2025-07-08T08:58:16","guid":{"rendered":"https:\/\/www.freeshopfrontiera.ch\/shop\/clarins-set-mascara-wonder-perfect\/"},"modified":"2025-07-17T18:10:35","modified_gmt":"2025-07-17T18:10:35","slug":"clarins-set-mascara-wonder-perfect","status":"publish","type":"product","link":"https:\/\/www.freeshopfrontiera.ch\/fr\/shop\/clarins-set-mascara-wonder-perfect\/","title":{"rendered":"CLARINS SET Mascara Wonder Perfect"},"content":{"rendered":"<h3 data-start=\"1816\" data-end=\"1924\"><strong data-start=\"1816\" data-end=\"1924\">Coffret CLARINS : Mascara Wonder Perfect 4D Waterproof + Mini Huile \u00e0 L\u00e8vres + Mini Cr\u00e8me Solaire SPF50+<\/strong><\/h3>\n<p data-start=\"1926\" data-end=\"2166\">D\u00e9couvrez le coffret CLARINS id\u00e9al pour un regard intense, des l\u00e8vres \u00e9clatantes et une peau parfaitement prot\u00e9g\u00e9e, \u00e0 tout moment.<br data-start=\"2056\" data-end=\"2059\" \/>Ce trio exclusif r\u00e9unit maquillage et soin dans un format pratique, parfait pour vous accompagner partout :<\/p>\n<ul data-start=\"2168\" data-end=\"2857\">\n<li data-start=\"2168\" data-end=\"2415\">\n<p data-start=\"2170\" data-end=\"2415\"><strong data-start=\"2170\" data-end=\"2229\">Mascara Wonder Perfect 4D Waterproof (8 ml \u2013 Teinte 01)<\/strong><br data-start=\"2229\" data-end=\"2232\" \/>Volume, longueur, courbure et d\u00e9finition en un seul geste. Sa formule waterproof offre un regard intense et impeccable toute la journ\u00e9e, r\u00e9sistant \u00e0 l\u2019eau, l\u2019humidit\u00e9 et aux larmes.<\/p>\n<\/li>\n<li data-start=\"2417\" data-end=\"2620\">\n<p data-start=\"2419\" data-end=\"2620\"><strong data-start=\"2419\" data-end=\"2468\">Mini Huile Confort L\u00e8vres (Teinte 01 \u2013 Honey)<\/strong><br data-start=\"2468\" data-end=\"2471\" \/>Une huile hydratante et brillante qui nourrit les l\u00e8vres et sublime le sourire. Texture l\u00e9g\u00e8re, non collante, pour des l\u00e8vres douces et lumineuses.<\/p>\n<\/li>\n<li data-start=\"2622\" data-end=\"2857\">\n<p data-start=\"2624\" data-end=\"2857\"><strong data-start=\"2624\" data-end=\"2684\">Mini Cr\u00e8me Solaire Jeunesse Tr\u00e8s Haute Protection SPF50+<\/strong><br data-start=\"2684\" data-end=\"2687\" \/>Une protection solaire anti-\u00e2ge tr\u00e8s haute, id\u00e9ale pour les peaux sensibles. Prot\u00e8ge des rayons UVA\/UVB et aide \u00e0 pr\u00e9venir le vieillissement cutan\u00e9 caus\u00e9 par le soleil.<\/p>\n<\/li>\n<\/ul>\n<p data-start=\"2859\" data-end=\"2994\">\u2728 Un coffret parfait pour les vacances, le sac \u00e0 main ou comme id\u00e9e cadeau \u00e9l\u00e9gante. Beaut\u00e9 et soin sign\u00e9s CLARINS, \u00e0 emporter partout.<\/p>\n<p data-start=\"1256\" data-end=\"1390\">Follow us!\u00a0<a href=\"https:\/\/www.instagram.com\/freeshopswiss\/\" target=\"_blank\" rel=\"noopener\">@freeshopswiss<\/a><\/p>\n","protected":false},"excerpt":{"rendered":"<h3 data-start=\"1816\" data-end=\"1924\"><strong data-start=\"1816\" data-end=\"1924\">Coffret CLARINS : Mascara Wonder Perfect 4D Waterproof + Mini Huile \u00e0 L\u00e8vres + Mini Cr\u00e8me Solaire SPF50+<\/strong><\/h3>\n","protected":false},"featured_media":33013,"comment_status":"open","ping_status":"closed","template":"","meta":[],"pwb-brand":[311],"product_brand":[],"product_cat":[109,484],"product_tag":[459,461,296],"class_list":{"0":"post-33017","1":"product","2":"type-product","3":"status-publish","4":"has-post-thumbnail","6":"pwb-brand-clarins","7":"product_cat-pour-elle","8":"product_cat-coffret","9":"product_tag-coffret","10":"product_tag-coffrets-femme","11":"product_tag-femme","13":"first","14":"outofstock","15":"sale","16":"taxable","17":"shipping-taxable","18":"purchasable","19":"product-type-simple"},"brands":[{"id":311,"name":"Clarins","slug":"clarins"}],"_links":{"self":[{"href":"https:\/\/www.freeshopfrontiera.ch\/fr\/wp-json\/wp\/v2\/product\/33017","targetHints":{"allow":["GET"]}}],"collection":[{"href":"https:\/\/www.freeshopfrontiera.ch\/fr\/wp-json\/wp\/v2\/product"}],"about":[{"href":"https:\/\/www.freeshopfrontiera.ch\/fr\/wp-json\/wp\/v2\/types\/product"}],"replies":[{"embeddable":true,"href":"https:\/\/www.freeshopfrontiera.ch\/fr\/wp-json\/wp\/v2\/comments?post=33017"}],"version-history":[{"count":1,"href":"https:\/\/www.freeshopfrontiera.ch\/fr\/wp-json\/wp\/v2\/product\/33017\/revisions"}],"predecessor-version":[{"id":33021,"href":"https:\/\/www.freeshopfrontiera.ch\/fr\/wp-json\/wp\/v2\/product\/33017\/revisions\/33021"}],"wp:featuredmedia":[{"embeddable":true,"href":"https:\/\/www.freeshopfrontiera.ch\/fr\/wp-json\/wp\/v2\/media\/33013"}],"wp:attachment":[{"href":"https:\/\/www.freeshopfrontiera.ch\/fr\/wp-json\/wp\/v2\/media?parent=33017"}],"wp:term":[{"taxonomy":"pwb-brand","embeddable":true,"href":"https:\/\/www.freeshopfrontiera.ch\/fr\/wp-json\/wp\/v2\/pwb-brand?post=33017"},{"taxonomy":"product_brand","embeddable":true,"href":"https:\/\/www.freeshopfrontiera.ch\/fr\/wp-json\/wp\/v2\/product_brand?post=33017"},{"taxonomy":"product_cat","embeddable":true,"href":"https:\/\/www.freeshopfrontiera.ch\/fr\/wp-json\/wp\/v2\/product_cat?post=33017"},{"taxonomy":"product_tag","embeddable":true,"href":"https:\/\/www.freeshopfrontiera.ch\/fr\/wp-json\/wp\/v2\/product_tag?post=33017"}],"curies":[{"name":"wp","href":"https:\/\/api.w.org\/{rel}","templated":true}]}}