{"id":33068,"date":"2025-07-14T14:18:16","date_gmt":"2025-07-14T14:18:16","guid":{"rendered":"https:\/\/www.freeshopfrontiera.ch\/shop\/issey-miyake-le-sel-dissey-eau-de-parfum\/"},"modified":"2025-07-14T14:24:25","modified_gmt":"2025-07-14T14:24:25","slug":"issey-miyake-le-sel-dissey-eau-de-parfum","status":"publish","type":"product","link":"https:\/\/www.freeshopfrontiera.ch\/fr\/shop\/issey-miyake-le-sel-dissey-eau-de-parfum\/","title":{"rendered":"ISSEY MIYAKE Le Sel d&rsquo;Issey Eau de Parfum"},"content":{"rendered":"<p data-start=\"163\" data-end=\"593\"><strong data-start=\"163\" data-end=\"208\">ISSEY MIYAKE Le Sel d&rsquo;Issey Eau de Parfum<\/strong> est un parfum qui capture l\u2019essence la plus pure de la nature : la puissance brute de l\u2019oc\u00e9an et la min\u00e9ralit\u00e9 du sel marin, transform\u00e9es en une fragrance \u00e9l\u00e9gante, intense et contemporaine. Cette Eau de Parfum pour homme sign\u00e9e Issey Miyake offre une nouvelle vision de la fra\u00eecheur, loin des agrumes classiques, en plongeant dans un univers plus profond, authentique et sophistiqu\u00e9.<\/p>\n<p data-start=\"595\" data-end=\"1096\">Le nom <em data-start=\"602\" data-end=\"622\">\u00ab Le Sel d\u2019Issey \u00bb<\/em> \u00e9voque un voyage sensoriel entre roche, vent et mer : un \u00e9quilibre parfait entre fra\u00eecheur et puissance, l\u00e9g\u00e8ret\u00e9 et mati\u00e8re. La fragrance s\u2019ouvre sur une note sal\u00e9e imm\u00e9diatement reconnaissable, pure et lumineuse, rappelant la brise marine et la peau apr\u00e8s un plongeon dans l\u2019oc\u00e9an. Le c\u0153ur d\u00e9voile des facettes min\u00e9rales et bois\u00e9es qui apportent structure et caract\u00e8re, tandis que le fond chaud et \u00e9l\u00e9gant enveloppe la peau de notes de v\u00e9tiver, de musc et de bois ambr\u00e9s.<\/p>\n<p data-start=\"1098\" data-end=\"1472\"><strong data-start=\"1098\" data-end=\"1116\">Le Sel d\u2019Issey<\/strong> est le parfum id\u00e9al pour l\u2019homme moderne, libre, raffin\u00e9 et en harmonie avec la nature. Parfait pour les saisons chaudes, il laisse une empreinte subtile mais marquante, transmettant s\u00e9r\u00e9nit\u00e9, force et authenticit\u00e9. Son flacon minimaliste, inspir\u00e9 par l\u2019essence de la nature, refl\u00e8te pleinement l\u2019univers olfactif du parfum : pur, sophistiqu\u00e9 et original.<\/p>\n<p data-start=\"1474\" data-end=\"1863\">Avec son alliance in\u00e9dite de sel marin et de notes min\u00e9rales, <strong data-start=\"1536\" data-end=\"1581\">ISSEY MIYAKE Le Sel d&rsquo;Issey Eau de Parfum<\/strong> est un choix distinctif pour ceux qui recherchent un parfum \u00e9l\u00e9gant mais hors des sentiers battus. Ajoutez-le \u00e0 votre collection ou offrez-le \u00e0 un amateur de parfums frais, authentiques et \u00e0 forte personnalit\u00e9. Une \u0153uvre contemporaine \u00e0 porter au quotidien, comme une seconde peau.<\/p>\n<p data-start=\"1604\" data-end=\"1993\">Follow us!\u00a0<a href=\"https:\/\/www.instagram.com\/freeshopswiss\/\" target=\"_blank\" rel=\"noopener\">@freeshopswiss<\/a><\/p>\n","protected":false},"excerpt":{"rendered":"<p><strong data-start=\"163\" data-end=\"208\">ISSEY MIYAKE Le Sel d&rsquo;Issey Eau de Parfum<\/strong> est un parfum qui capture l\u2019essence la plus pure de la nature : la puissance brute de l\u2019oc\u00e9an et la min\u00e9ralit\u00e9 du sel marin, transform\u00e9es en une fragrance \u00e9l\u00e9gante, intense et contemporaine.<\/p>\n","protected":false},"featured_media":33061,"comment_status":"open","ping_status":"closed","template":"","meta":[],"pwb-brand":[439],"product_brand":[],"product_cat":[87,109,89],"product_tag":[280,252,1629,143,278,97],"class_list":{"0":"post-33068","1":"product","2":"type-product","3":"status-publish","4":"has-post-thumbnail","6":"pwb-brand-issey-miyake","7":"product_cat-parfums","8":"product_cat-pour-elle","9":"product_cat-pour-lui","10":"product_tag-bestseller-fr","11":"product_tag-eau-de-parfum-fr","12":"product_tag-mens-fragrances-fr","13":"product_tag-homme","14":"product_tag-offre","15":"product_tag-parfums","17":"first","18":"instock","19":"sale","20":"taxable","21":"shipping-taxable","22":"purchasable","23":"product-type-variable","24":"has-default-attributes"},"brands":[{"id":439,"name":"Issey Miyake","slug":"issey-miyake"}],"_links":{"self":[{"href":"https:\/\/www.freeshopfrontiera.ch\/fr\/wp-json\/wp\/v2\/product\/33068","targetHints":{"allow":["GET"]}}],"collection":[{"href":"https:\/\/www.freeshopfrontiera.ch\/fr\/wp-json\/wp\/v2\/product"}],"about":[{"href":"https:\/\/www.freeshopfrontiera.ch\/fr\/wp-json\/wp\/v2\/types\/product"}],"replies":[{"embeddable":true,"href":"https:\/\/www.freeshopfrontiera.ch\/fr\/wp-json\/wp\/v2\/comments?post=33068"}],"version-history":[{"count":2,"href":"https:\/\/www.freeshopfrontiera.ch\/fr\/wp-json\/wp\/v2\/product\/33068\/revisions"}],"predecessor-version":[{"id":33077,"href":"https:\/\/www.freeshopfrontiera.ch\/fr\/wp-json\/wp\/v2\/product\/33068\/revisions\/33077"}],"wp:featuredmedia":[{"embeddable":true,"href":"https:\/\/www.freeshopfrontiera.ch\/fr\/wp-json\/wp\/v2\/media\/33061"}],"wp:attachment":[{"href":"https:\/\/www.freeshopfrontiera.ch\/fr\/wp-json\/wp\/v2\/media?parent=33068"}],"wp:term":[{"taxonomy":"pwb-brand","embeddable":true,"href":"https:\/\/www.freeshopfrontiera.ch\/fr\/wp-json\/wp\/v2\/pwb-brand?post=33068"},{"taxonomy":"product_brand","embeddable":true,"href":"https:\/\/www.freeshopfrontiera.ch\/fr\/wp-json\/wp\/v2\/product_brand?post=33068"},{"taxonomy":"product_cat","embeddable":true,"href":"https:\/\/www.freeshopfrontiera.ch\/fr\/wp-json\/wp\/v2\/product_cat?post=33068"},{"taxonomy":"product_tag","embeddable":true,"href":"https:\/\/www.freeshopfrontiera.ch\/fr\/wp-json\/wp\/v2\/product_tag?post=33068"}],"curies":[{"name":"wp","href":"https:\/\/api.w.org\/{rel}","templated":true}]}}