{"id":33087,"date":"2025-07-14T14:38:07","date_gmt":"2025-07-14T14:38:07","guid":{"rendered":"https:\/\/www.freeshopfrontiera.ch\/shop\/davidoff-cool-water-wave-men-eau-de-toilette-125ml\/"},"modified":"2025-07-14T15:20:08","modified_gmt":"2025-07-14T15:20:08","slug":"davidoff-cool-water-wave-men-eau-de-toilette-125ml","status":"publish","type":"product","link":"https:\/\/www.freeshopfrontiera.ch\/fr\/shop\/davidoff-cool-water-wave-men-eau-de-toilette-125ml\/","title":{"rendered":"DAVIDOFF Cool Water Wave Men Eau de Toilette 125ml"},"content":{"rendered":"<p data-start=\"4070\" data-end=\"4460\"><strong data-start=\"4070\" data-end=\"4124\">DAVIDOFF Cool Water Wave Men Eau de Toilette 125ml<\/strong> est un parfum masculin moderne, vibrant et plein d\u2019\u00e9nergie, con\u00e7u pour les hommes qui aiment la libert\u00e9, l\u2019oc\u00e9an et un mode de vie actif. Inspir\u00e9e par la puissance des vagues et la brise sal\u00e9e de la mer, cette Eau de Toilette incarne l\u2019esprit d\u2019aventure et de vitalit\u00e9 \u2013 parfaite pour ceux qui recherchent un parfum frais mais affirm\u00e9.<\/p>\n<p data-start=\"4462\" data-end=\"4927\">Les <strong data-start=\"4466\" data-end=\"4483\">notes de t\u00eate<\/strong> s\u2019ouvrent sur une fra\u00eecheur d\u2019agrumes m\u00ealant <strong data-start=\"4529\" data-end=\"4571\">bergamote, pamplemousse rose et citron<\/strong>, pour une sensation imm\u00e9diate de dynamisme. En <strong data-start=\"4619\" data-end=\"4627\">c\u0153ur<\/strong>, la fragrance r\u00e9v\u00e8le des accords aromatiques de <strong data-start=\"4676\" data-end=\"4719\">sauge et feuille de figuier de Barbarie<\/strong>, pour un effet vert, l\u00e9g\u00e8rement \u00e9pic\u00e9, \u00e9quilibr\u00e9 par une note marine fra\u00eeche. Le <strong data-start=\"4801\" data-end=\"4809\">fond<\/strong> est chaleureux et bois\u00e9, avec du <strong data-start=\"4843\" data-end=\"4868\">v\u00e9tiver, du patchouli<\/strong> et des touches salines qui offrent profondeur et \u00e9l\u00e9gance.<\/p>\n<p data-start=\"4929\" data-end=\"5158\">Id\u00e9al au quotidien, surtout pendant les mois chauds, <strong data-start=\"4982\" data-end=\"5005\">Cool Water Wave Men<\/strong> convient aussi parfaitement aux mi-saisons. Son flacon de 125ml, au design \u00e9pur\u00e9 inspir\u00e9 des vagues, refl\u00e8te la nature lumineuse et aquatique du parfum.<\/p>\n<p data-start=\"5160\" data-end=\"5411\">Alliant allure sportive et \u00e9l\u00e9gance urbaine, ce parfum est parfait pour l\u2019homme confiant, \u00e9nergique et libre. Gr\u00e2ce \u00e0 sa tenue remarquable et \u00e0 son identit\u00e9 fra\u00eeche et masculine, <strong data-start=\"5339\" data-end=\"5358\">Cool Water Wave<\/strong> est un indispensable de toute collection de parfums.<\/p>\n<p data-start=\"1827\" data-end=\"2102\">Follow us!\u00a0<a href=\"https:\/\/www.instagram.com\/freeshopswiss\/\" target=\"_blank\" rel=\"noopener\">@freeshopswiss<\/a><\/p>\n","protected":false},"excerpt":{"rendered":"<p><strong data-start=\"4070\" data-end=\"4124\">DAVIDOFF Cool Water Wave Men Eau de Toilette 125ml<\/strong> est un parfum masculin moderne, vibrant et plein d\u2019\u00e9nergie, con\u00e7u pour les hommes qui aiment la libert\u00e9, l\u2019oc\u00e9an et un mode de vie actif.<\/p>\n","protected":false},"featured_media":33083,"comment_status":"open","ping_status":"closed","template":"","meta":[],"pwb-brand":[200],"product_brand":[],"product_cat":[87,89],"product_tag":[141,1629,143,97],"class_list":{"0":"post-33087","1":"product","2":"type-product","3":"status-publish","4":"has-post-thumbnail","6":"pwb-brand-davidoff","7":"product_cat-parfums","8":"product_cat-pour-lui","9":"product_tag-eau-de-toilette-fr","10":"product_tag-mens-fragrances-fr","11":"product_tag-homme","12":"product_tag-parfums","14":"first","15":"outofstock","16":"sale","17":"taxable","18":"shipping-taxable","19":"purchasable","20":"product-type-simple"},"brands":[{"id":200,"name":"Davidoff","slug":"davidoff"}],"_links":{"self":[{"href":"https:\/\/www.freeshopfrontiera.ch\/fr\/wp-json\/wp\/v2\/product\/33087","targetHints":{"allow":["GET"]}}],"collection":[{"href":"https:\/\/www.freeshopfrontiera.ch\/fr\/wp-json\/wp\/v2\/product"}],"about":[{"href":"https:\/\/www.freeshopfrontiera.ch\/fr\/wp-json\/wp\/v2\/types\/product"}],"replies":[{"embeddable":true,"href":"https:\/\/www.freeshopfrontiera.ch\/fr\/wp-json\/wp\/v2\/comments?post=33087"}],"version-history":[{"count":2,"href":"https:\/\/www.freeshopfrontiera.ch\/fr\/wp-json\/wp\/v2\/product\/33087\/revisions"}],"predecessor-version":[{"id":33093,"href":"https:\/\/www.freeshopfrontiera.ch\/fr\/wp-json\/wp\/v2\/product\/33087\/revisions\/33093"}],"wp:featuredmedia":[{"embeddable":true,"href":"https:\/\/www.freeshopfrontiera.ch\/fr\/wp-json\/wp\/v2\/media\/33083"}],"wp:attachment":[{"href":"https:\/\/www.freeshopfrontiera.ch\/fr\/wp-json\/wp\/v2\/media?parent=33087"}],"wp:term":[{"taxonomy":"pwb-brand","embeddable":true,"href":"https:\/\/www.freeshopfrontiera.ch\/fr\/wp-json\/wp\/v2\/pwb-brand?post=33087"},{"taxonomy":"product_brand","embeddable":true,"href":"https:\/\/www.freeshopfrontiera.ch\/fr\/wp-json\/wp\/v2\/product_brand?post=33087"},{"taxonomy":"product_cat","embeddable":true,"href":"https:\/\/www.freeshopfrontiera.ch\/fr\/wp-json\/wp\/v2\/product_cat?post=33087"},{"taxonomy":"product_tag","embeddable":true,"href":"https:\/\/www.freeshopfrontiera.ch\/fr\/wp-json\/wp\/v2\/product_tag?post=33087"}],"curies":[{"name":"wp","href":"https:\/\/api.w.org\/{rel}","templated":true}]}}