{"id":33101,"date":"2025-07-14T15:18:08","date_gmt":"2025-07-14T15:18:08","guid":{"rendered":"https:\/\/www.freeshopfrontiera.ch\/shop\/calvin-klein-ck-all-eau-de-toilette-50ml\/"},"modified":"2025-07-14T15:24:14","modified_gmt":"2025-07-14T15:24:14","slug":"calvin-klein-ck-all-eau-de-toilette-50ml","status":"publish","type":"product","link":"https:\/\/www.freeshopfrontiera.ch\/fr\/shop\/calvin-klein-ck-all-eau-de-toilette-50ml\/","title":{"rendered":"CALVIN KLEIN Ck All Eau de Toilette 50ml"},"content":{"rendered":"<p data-start=\"4055\" data-end=\"4421\"><strong data-start=\"4055\" data-end=\"4104\">CALVIN KLEIN CK All Eau de Toilette Vapo 50ml<\/strong> est un parfum unisexe qui c\u00e9l\u00e8bre la libert\u00e9, l\u2019authenticit\u00e9 et l\u2019harmonie entre les genres. Cr\u00e9\u00e9 par Calvin Klein, CK All rend hommage \u00e0 la fluidit\u00e9 moderne et s\u2019adresse \u00e0 ceux qui vivent leur individualit\u00e9 sans \u00e9tiquette. Id\u00e9al pour elle et lui, ce parfum est un symbole d\u2019inclusivit\u00e9 et de fra\u00eecheur au quotidien.<\/p>\n<p data-start=\"4423\" data-end=\"4856\">Le d\u00e9part est p\u00e9tillant avec de la <strong data-start=\"4458\" data-end=\"4471\">bergamote<\/strong>, du <strong data-start=\"4476\" data-end=\"4492\">jasmin frais<\/strong> et une touche de <strong data-start=\"4510\" data-end=\"4523\">mandarine<\/strong>, apportant \u00e9nergie et l\u00e9g\u00e8ret\u00e9. En c\u0153ur, des notes florales douces comme la <strong data-start=\"4600\" data-end=\"4611\">pivoine<\/strong>, la <strong data-start=\"4616\" data-end=\"4639\">fleur de citronnier<\/strong> et des accords <strong data-start=\"4655\" data-end=\"4676\">verts aromatiques<\/strong> cr\u00e9ent une sensation de puret\u00e9 et de modernit\u00e9. Le fond se d\u00e9veloppe sur des notes de <strong data-start=\"4763\" data-end=\"4780\">bois de c\u00e8dre<\/strong>, <strong data-start=\"4782\" data-end=\"4793\">v\u00e9tiver<\/strong> et <strong data-start=\"4797\" data-end=\"4813\">muscs blancs<\/strong>, pour une profondeur \u00e9l\u00e9gante et discr\u00e8te.<\/p>\n<p data-start=\"4858\" data-end=\"5077\">Parfait pour un usage quotidien, notamment au printemps et en \u00e9t\u00e9, CK All s\u00e9duit par sa polyvalence et sa l\u00e9g\u00e8ret\u00e9. Le flacon de 50ml, au design minimaliste et transparent, refl\u00e8te l\u2019essence pure et inclusive du parfum.<\/p>\n<p data-start=\"5079\" data-end=\"5407\">CK All n\u2019est pas seulement une fragrance, c\u2019est une invitation \u00e0 vivre sans fronti\u00e8res et \u00e0 s\u2019exprimer librement. C\u2019est le choix id\u00e9al pour ceux qui recherchent un parfum frais, contemporain et sans genre. Ajoutez <strong data-start=\"5293\" data-end=\"5337\">CALVIN KLEIN CK All Eau de Toilette 50ml<\/strong> \u00e0 votre collection pour une exp\u00e9rience olfactive pure et lib\u00e9ratrice.<\/p>\n<p data-start=\"1516\" data-end=\"1892\">Follow us!\u00a0<a href=\"https:\/\/www.instagram.com\/freeshopswiss\/\" target=\"_blank\" rel=\"noopener\">@freeshopswiss<\/a><\/p>\n","protected":false},"excerpt":{"rendered":"<p data-start=\"5442\" data-end=\"5636\">Un parfum unisexe frais et pur qui c\u00e9l\u00e8bre la libert\u00e9 et l\u2019authenticit\u00e9. CALVIN KLEIN CK All est parfait pour un usage quotidien, en toute saison, avec des notes d\u2019agrumes, de fleurs et de bois.<\/p>\n","protected":false},"featured_media":33097,"comment_status":"open","ping_status":"closed","template":"","meta":[],"pwb-brand":[181],"product_brand":[],"product_cat":[87,109,89],"product_tag":[141,296,789,1629,143,97,594],"class_list":{"0":"post-33101","1":"product","2":"type-product","3":"status-publish","4":"has-post-thumbnail","6":"pwb-brand-calvin-klein","7":"product_cat-parfums","8":"product_cat-pour-elle","9":"product_cat-pour-lui","10":"product_tag-eau-de-toilette-fr","11":"product_tag-femme","12":"product_tag-womens-fragrances-fr","13":"product_tag-mens-fragrances-fr","14":"product_tag-homme","15":"product_tag-parfums","16":"product_tag-unisex-fr-2","18":"first","19":"outofstock","20":"sale","21":"taxable","22":"shipping-taxable","23":"purchasable","24":"product-type-simple"},"brands":[{"id":181,"name":"Calvin Klein","slug":"calvin-klein"}],"_links":{"self":[{"href":"https:\/\/www.freeshopfrontiera.ch\/fr\/wp-json\/wp\/v2\/product\/33101","targetHints":{"allow":["GET"]}}],"collection":[{"href":"https:\/\/www.freeshopfrontiera.ch\/fr\/wp-json\/wp\/v2\/product"}],"about":[{"href":"https:\/\/www.freeshopfrontiera.ch\/fr\/wp-json\/wp\/v2\/types\/product"}],"replies":[{"embeddable":true,"href":"https:\/\/www.freeshopfrontiera.ch\/fr\/wp-json\/wp\/v2\/comments?post=33101"}],"version-history":[{"count":2,"href":"https:\/\/www.freeshopfrontiera.ch\/fr\/wp-json\/wp\/v2\/product\/33101\/revisions"}],"predecessor-version":[{"id":33106,"href":"https:\/\/www.freeshopfrontiera.ch\/fr\/wp-json\/wp\/v2\/product\/33101\/revisions\/33106"}],"wp:featuredmedia":[{"embeddable":true,"href":"https:\/\/www.freeshopfrontiera.ch\/fr\/wp-json\/wp\/v2\/media\/33097"}],"wp:attachment":[{"href":"https:\/\/www.freeshopfrontiera.ch\/fr\/wp-json\/wp\/v2\/media?parent=33101"}],"wp:term":[{"taxonomy":"pwb-brand","embeddable":true,"href":"https:\/\/www.freeshopfrontiera.ch\/fr\/wp-json\/wp\/v2\/pwb-brand?post=33101"},{"taxonomy":"product_brand","embeddable":true,"href":"https:\/\/www.freeshopfrontiera.ch\/fr\/wp-json\/wp\/v2\/product_brand?post=33101"},{"taxonomy":"product_cat","embeddable":true,"href":"https:\/\/www.freeshopfrontiera.ch\/fr\/wp-json\/wp\/v2\/product_cat?post=33101"},{"taxonomy":"product_tag","embeddable":true,"href":"https:\/\/www.freeshopfrontiera.ch\/fr\/wp-json\/wp\/v2\/product_tag?post=33101"}],"curies":[{"name":"wp","href":"https:\/\/api.w.org\/{rel}","templated":true}]}}