{"id":33118,"date":"2025-07-15T08:22:52","date_gmt":"2025-07-15T08:22:52","guid":{"rendered":"https:\/\/www.freeshopfrontiera.ch\/shop\/calvin-klein-man-eau-de-toilette-100ml\/"},"modified":"2025-07-15T08:38:45","modified_gmt":"2025-07-15T08:38:45","slug":"calvin-klein-man-eau-de-toilette-100ml","status":"publish","type":"product","link":"https:\/\/www.freeshopfrontiera.ch\/fr\/shop\/calvin-klein-man-eau-de-toilette-100ml\/","title":{"rendered":"CALVIN KLEIN Man Eau de Toilette 100ml"},"content":{"rendered":"<h4 data-start=\"3416\" data-end=\"3806\">CALVIN KLEIN Man Eau de Toilette 100ml est un parfum masculin qui incarne l\u2019\u00e9l\u00e9gance moderne et la confiance en soi.<\/h4>\n<p data-start=\"3416\" data-end=\"3806\">Ce parfum iconique de Calvin Klein est con\u00e7u pour l\u2019homme contemporain qui aime se d\u00e9marquer avec un style sophistiqu\u00e9 mais naturel. Parfait pour un usage quotidien, il s\u2019adapte aux moments formels comme d\u00e9contract\u00e9s, offrant une fra\u00eecheur irr\u00e9sistible.<\/p>\n<p data-start=\"3808\" data-end=\"4137\">La fragrance s\u2019ouvre sur des notes p\u00e9tillantes de bergamote et de poivre noir, apportant \u00e9nergie et vitalit\u00e9. Le c\u0153ur r\u00e9v\u00e8le de la sauge aromatique et de la fleur d\u2019oranger, \u00e9quilibre parfait entre fra\u00eecheur et chaleur. La base est compos\u00e9e de musc, v\u00e9tiver et patchouli, qui laissent une trace masculine enveloppante et durable.<\/p>\n<p data-start=\"4139\" data-end=\"4349\">Le flacon de 100ml est id\u00e9al pour ceux qui souhaitent un parfum longue tenue, pratique et facile \u00e0 transporter. Son design minimaliste et raffin\u00e9 refl\u00e8te le style intemporel et la haute qualit\u00e9 de Calvin Klein.<\/p>\n<p data-start=\"4351\" data-end=\"4537\">Acheter CALVIN KLEIN Man Eau de Toilette 100ml sur Freeshop, c\u2019est choisir un parfum authentique \u00e0 un prix comp\u00e9titif, parfait comme cadeau ou pour enrichir votre collection personnelle.<\/p>\n<p data-start=\"4539\" data-end=\"4739\">Ne manquez pas l\u2019occasion de d\u00e9couvrir cette fragrance polyvalente et moderne, adapt\u00e9e \u00e0 toutes les saisons et occasions. Ajoutez d\u00e8s maintenant CALVIN KLEIN Man Eau de Toilette 100ml \u00e0 votre panier !<\/p>\n<p data-start=\"1489\" data-end=\"1705\">Follow us!\u00a0<a href=\"https:\/\/www.instagram.com\/freeshopswiss\/\" target=\"_blank\" rel=\"noopener\">@freeshopswiss<\/a><\/p>\n","protected":false},"excerpt":{"rendered":"<p>CALVIN KLEIN Man Eau de Toilette 100ml est un parfum masculin qui incarne l\u2019\u00e9l\u00e9gance moderne et la confiance en soi.<\/p>\n","protected":false},"featured_media":33113,"comment_status":"open","ping_status":"closed","template":"","meta":[],"pwb-brand":[181],"product_brand":[],"product_cat":[87,89],"product_tag":[141,1629,143,278,97],"class_list":{"0":"post-33118","1":"product","2":"type-product","3":"status-publish","4":"has-post-thumbnail","6":"pwb-brand-calvin-klein","7":"product_cat-parfums","8":"product_cat-pour-lui","9":"product_tag-eau-de-toilette-fr","10":"product_tag-mens-fragrances-fr","11":"product_tag-homme","12":"product_tag-offre","13":"product_tag-parfums","15":"first","16":"outofstock","17":"sale","18":"taxable","19":"shipping-taxable","20":"purchasable","21":"product-type-simple"},"brands":[{"id":181,"name":"Calvin Klein","slug":"calvin-klein"}],"_links":{"self":[{"href":"https:\/\/www.freeshopfrontiera.ch\/fr\/wp-json\/wp\/v2\/product\/33118","targetHints":{"allow":["GET"]}}],"collection":[{"href":"https:\/\/www.freeshopfrontiera.ch\/fr\/wp-json\/wp\/v2\/product"}],"about":[{"href":"https:\/\/www.freeshopfrontiera.ch\/fr\/wp-json\/wp\/v2\/types\/product"}],"replies":[{"embeddable":true,"href":"https:\/\/www.freeshopfrontiera.ch\/fr\/wp-json\/wp\/v2\/comments?post=33118"}],"version-history":[{"count":4,"href":"https:\/\/www.freeshopfrontiera.ch\/fr\/wp-json\/wp\/v2\/product\/33118\/revisions"}],"predecessor-version":[{"id":33129,"href":"https:\/\/www.freeshopfrontiera.ch\/fr\/wp-json\/wp\/v2\/product\/33118\/revisions\/33129"}],"wp:featuredmedia":[{"embeddable":true,"href":"https:\/\/www.freeshopfrontiera.ch\/fr\/wp-json\/wp\/v2\/media\/33113"}],"wp:attachment":[{"href":"https:\/\/www.freeshopfrontiera.ch\/fr\/wp-json\/wp\/v2\/media?parent=33118"}],"wp:term":[{"taxonomy":"pwb-brand","embeddable":true,"href":"https:\/\/www.freeshopfrontiera.ch\/fr\/wp-json\/wp\/v2\/pwb-brand?post=33118"},{"taxonomy":"product_brand","embeddable":true,"href":"https:\/\/www.freeshopfrontiera.ch\/fr\/wp-json\/wp\/v2\/product_brand?post=33118"},{"taxonomy":"product_cat","embeddable":true,"href":"https:\/\/www.freeshopfrontiera.ch\/fr\/wp-json\/wp\/v2\/product_cat?post=33118"},{"taxonomy":"product_tag","embeddable":true,"href":"https:\/\/www.freeshopfrontiera.ch\/fr\/wp-json\/wp\/v2\/product_tag?post=33118"}],"curies":[{"name":"wp","href":"https:\/\/api.w.org\/{rel}","templated":true}]}}