{"id":33155,"date":"2025-07-15T09:19:33","date_gmt":"2025-07-15T09:19:33","guid":{"rendered":"https:\/\/www.freeshopfrontiera.ch\/shop\/gisada-donna-eau-de-parfum-100ml\/"},"modified":"2025-12-01T15:55:32","modified_gmt":"2025-12-01T15:55:32","slug":"gisada-donna-eau-de-toilette-100ml","status":"publish","type":"product","link":"https:\/\/www.freeshopfrontiera.ch\/fr\/shop\/gisada-donna-eau-de-toilette-100ml\/","title":{"rendered":"GISADA Donna Eau de Toilette 100ml"},"content":{"rendered":"<p data-start=\"1131\" data-end=\"1183\"><strong data-start=\"1131\" data-end=\"1183\">GISADA Donna Eau de Toilette Vaporisateur 100 ml<\/strong><\/p>\n<p data-start=\"1185\" data-end=\"1433\">D\u00e9couvrez <em data-start=\"1195\" data-end=\"1209\">GISADA Donna<\/em>, une Eau de Toilette f\u00e9minine \u00e9l\u00e9gante et lumineuse, cr\u00e9\u00e9e pour la femme moderne qui aime se distinguer avec raffinement. Sa fragrance enveloppante combine fra\u00eecheur, douceur et sensualit\u00e9, id\u00e9ale pour toutes les occasions.<\/p>\n<p data-start=\"1435\" data-end=\"1459\"><strong data-start=\"1435\" data-end=\"1457\">Pyramide olfactive<\/strong><\/p>\n<ul data-start=\"1460\" data-end=\"1724\">\n<li data-start=\"1460\" data-end=\"1551\">\n<p data-start=\"1462\" data-end=\"1551\"><strong data-start=\"1462\" data-end=\"1481\">Notes de t\u00eate :<\/strong> agrumes p\u00e9tillants et accents fruit\u00e9s pour une fra\u00eecheur imm\u00e9diate.<\/p>\n<\/li>\n<li data-start=\"1552\" data-end=\"1643\">\n<p data-start=\"1554\" data-end=\"1643\"><strong data-start=\"1554\" data-end=\"1573\">Notes de c\u0153ur :<\/strong> un bouquet floral harmonieux qui sublime la f\u00e9minit\u00e9 avec \u00e9l\u00e9gance.<\/p>\n<\/li>\n<li data-start=\"1644\" data-end=\"1724\">\n<p data-start=\"1646\" data-end=\"1724\"><strong data-start=\"1646\" data-end=\"1665\">Notes de fond :<\/strong> muscs doux et touches bois\u00e9es pour une profondeur durable.<\/p>\n<\/li>\n<\/ul>\n<p data-start=\"1726\" data-end=\"1923\"><strong data-start=\"1726\" data-end=\"1750\">Pourquoi l\u2019adopter :<\/strong><br data-start=\"1750\" data-end=\"1753\" \/>\u2713 Fra\u00eeche et sophistiqu\u00e9e, parfaite pour un usage quotidien<br data-start=\"1812\" data-end=\"1815\" \/>\u2713 Une fragrance polyvalente, du matin au soir<br data-start=\"1860\" data-end=\"1863\" \/>\u2713 Flacon vaporisateur 100 ml, pratique et id\u00e9al comme cadeau<\/p>\n<p data-start=\"1925\" data-end=\"2110\">Laissez-vous s\u00e9duire par l\u2019\u00e9quilibre parfait entre fra\u00eecheur, douceur et sensualit\u00e9 : <em data-start=\"2011\" data-end=\"2025\">GISADA Donna<\/em> est le choix parfait pour celles qui recherchent un parfum discret mais inoubliable.<\/p>\n<p data-start=\"1239\" data-end=\"1435\">Follow us!\u00a0<a href=\"https:\/\/www.instagram.com\/freeshopswiss\/\" target=\"_blank\" rel=\"noopener\">@freeshopswiss<\/a><\/p>\n","protected":false},"excerpt":{"rendered":"<p>D\u00e9couvrez <em data-start=\"1195\" data-end=\"1209\">GISADA Donna<\/em>, une Eau de Toilette f\u00e9minine \u00e9l\u00e9gante et lumineuse, cr\u00e9\u00e9e pour la femme moderne qui aime se distinguer avec raffinement.<\/p>\n","protected":false},"featured_media":37521,"comment_status":"open","ping_status":"closed","template":"","meta":[],"pwb-brand":[1718],"product_brand":[],"product_cat":[138,87,109,4195],"product_tag":[141,296,4348,789,278,97],"class_list":{"0":"post-33155","1":"product","2":"type-product","3":"status-publish","4":"has-post-thumbnail","6":"pwb-brand-gisada","7":"product_cat-offre","8":"product_cat-parfums","9":"product_cat-pour-elle","10":"product_cat-parfums-offer","11":"product_tag-eau-de-toilette-fr","12":"product_tag-femme","13":"product_tag-fete-des-femmes","14":"product_tag-womens-fragrances-fr","15":"product_tag-offre","16":"product_tag-parfums","18":"first","19":"instock","20":"sale","21":"taxable","22":"shipping-taxable","23":"purchasable","24":"product-type-simple"},"brands":[{"id":1718,"name":"Gisada","slug":"gisada"}],"_links":{"self":[{"href":"https:\/\/www.freeshopfrontiera.ch\/fr\/wp-json\/wp\/v2\/product\/33155","targetHints":{"allow":["GET"]}}],"collection":[{"href":"https:\/\/www.freeshopfrontiera.ch\/fr\/wp-json\/wp\/v2\/product"}],"about":[{"href":"https:\/\/www.freeshopfrontiera.ch\/fr\/wp-json\/wp\/v2\/types\/product"}],"replies":[{"embeddable":true,"href":"https:\/\/www.freeshopfrontiera.ch\/fr\/wp-json\/wp\/v2\/comments?post=33155"}],"version-history":[{"count":4,"href":"https:\/\/www.freeshopfrontiera.ch\/fr\/wp-json\/wp\/v2\/product\/33155\/revisions"}],"predecessor-version":[{"id":37526,"href":"https:\/\/www.freeshopfrontiera.ch\/fr\/wp-json\/wp\/v2\/product\/33155\/revisions\/37526"}],"wp:featuredmedia":[{"embeddable":true,"href":"https:\/\/www.freeshopfrontiera.ch\/fr\/wp-json\/wp\/v2\/media\/37521"}],"wp:attachment":[{"href":"https:\/\/www.freeshopfrontiera.ch\/fr\/wp-json\/wp\/v2\/media?parent=33155"}],"wp:term":[{"taxonomy":"pwb-brand","embeddable":true,"href":"https:\/\/www.freeshopfrontiera.ch\/fr\/wp-json\/wp\/v2\/pwb-brand?post=33155"},{"taxonomy":"product_brand","embeddable":true,"href":"https:\/\/www.freeshopfrontiera.ch\/fr\/wp-json\/wp\/v2\/product_brand?post=33155"},{"taxonomy":"product_cat","embeddable":true,"href":"https:\/\/www.freeshopfrontiera.ch\/fr\/wp-json\/wp\/v2\/product_cat?post=33155"},{"taxonomy":"product_tag","embeddable":true,"href":"https:\/\/www.freeshopfrontiera.ch\/fr\/wp-json\/wp\/v2\/product_tag?post=33155"}],"curies":[{"name":"wp","href":"https:\/\/api.w.org\/{rel}","templated":true}]}}