{"id":33171,"date":"2025-07-15T09:32:46","date_gmt":"2025-07-15T09:32:46","guid":{"rendered":"https:\/\/www.freeshopfrontiera.ch\/shop\/elizabeth-arden-5th-avenue-eau-de-parfum-125ml\/"},"modified":"2025-07-15T09:36:02","modified_gmt":"2025-07-15T09:36:02","slug":"elizabeth-arden-5th-avenue-eau-de-parfum-125ml","status":"publish","type":"product","link":"https:\/\/www.freeshopfrontiera.ch\/fr\/shop\/elizabeth-arden-5th-avenue-eau-de-parfum-125ml\/","title":{"rendered":"ELIZABETH ARDEN 5th Avenue Eau de Parfum 125ml"},"content":{"rendered":"<p data-start=\"3431\" data-end=\"3698\"><strong data-start=\"3431\" data-end=\"3481\">ELIZABETH ARDEN 5th Avenue Eau de Parfum 125ml<\/strong> est un parfum embl\u00e9matique inspir\u00e9 par la c\u00e9l\u00e8bre Cinqui\u00e8me Avenue de New York \u2014 symbole de sophistication, d\u2019\u00e9l\u00e9gance urbaine et de confiance en soi. Une fragrance d\u00e9di\u00e9e \u00e0 la femme moderne, s\u00fbre d\u2019elle et raffin\u00e9e.<\/p>\n<p data-start=\"3700\" data-end=\"4001\">L\u2019ouverture r\u00e9v\u00e8le un accord floral frais de fleur de tilleul, magnolia, lilas et mandarine. Le c\u0153ur romantique m\u00eale rose bulgare, ylang-ylang, violette et muscade, offrant une f\u00e9minit\u00e9 d\u00e9licate et affirm\u00e9e. En fond, des notes chaudes d\u2019ambre, de musc et de vanille apportent profondeur et sensualit\u00e9.<\/p>\n<p data-start=\"4003\" data-end=\"4230\"><strong data-start=\"4003\" data-end=\"4017\">5th Avenue<\/strong> est id\u00e9ale pour toutes les occasions \u2014 du quotidien professionnel aux soir\u00e9es \u00e9l\u00e9gantes. Son flacon \u00e9lanc\u00e9 de 125ml, inspir\u00e9 de l\u2019architecture new-yorkaise, exprime la force et la gr\u00e2ce de la femme contemporaine.<\/p>\n<p data-start=\"4232\" data-end=\"4394\">Disponible chez <strong data-start=\"4248\" data-end=\"4260\">Freeshop<\/strong> avec livraison rapide et authenticit\u00e9 garantie. Laissez-vous s\u00e9duire par cette fragrance culte, reflet d\u2019un charme urbain intemporel.<\/p>\n<p data-start=\"1240\" data-end=\"1390\">Follow us!\u00a0<a href=\"https:\/\/www.instagram.com\/freeshopswiss\/\" target=\"_blank\" rel=\"noopener\">@freeshopswiss<\/a><\/p>\n","protected":false},"excerpt":{"rendered":"<p><strong data-start=\"3431\" data-end=\"3481\">ELIZABETH ARDEN 5th Avenue Eau de Parfum 125ml<\/strong> est un parfum embl\u00e9matique inspir\u00e9 par la c\u00e9l\u00e8bre Cinqui\u00e8me Avenue de New York \u2014 symbole de sophistication, d\u2019\u00e9l\u00e9gance urbaine et de confiance en soi. Une fragrance d\u00e9di\u00e9e \u00e0 la femme moderne, s\u00fbre d\u2019elle et raffin\u00e9e.<\/p>\n","protected":false},"featured_media":33167,"comment_status":"open","ping_status":"closed","template":"","meta":[],"pwb-brand":[289],"product_brand":[],"product_cat":[87,109],"product_tag":[252,296,97,4367],"class_list":{"0":"post-33171","1":"product","2":"type-product","3":"status-publish","4":"has-post-thumbnail","6":"pwb-brand-elizabeth-arden","7":"product_cat-parfums","8":"product_cat-pour-elle","9":"product_tag-eau-de-parfum-fr","10":"product_tag-femme","11":"product_tag-parfums","12":"product_tag-special-printemps","14":"first","15":"instock","16":"sale","17":"taxable","18":"shipping-taxable","19":"purchasable","20":"product-type-simple"},"brands":[{"id":289,"name":"Elizabeth Arden","slug":"elizabeth-arden"}],"_links":{"self":[{"href":"https:\/\/www.freeshopfrontiera.ch\/fr\/wp-json\/wp\/v2\/product\/33171","targetHints":{"allow":["GET"]}}],"collection":[{"href":"https:\/\/www.freeshopfrontiera.ch\/fr\/wp-json\/wp\/v2\/product"}],"about":[{"href":"https:\/\/www.freeshopfrontiera.ch\/fr\/wp-json\/wp\/v2\/types\/product"}],"replies":[{"embeddable":true,"href":"https:\/\/www.freeshopfrontiera.ch\/fr\/wp-json\/wp\/v2\/comments?post=33171"}],"version-history":[{"count":1,"href":"https:\/\/www.freeshopfrontiera.ch\/fr\/wp-json\/wp\/v2\/product\/33171\/revisions"}],"predecessor-version":[{"id":33175,"href":"https:\/\/www.freeshopfrontiera.ch\/fr\/wp-json\/wp\/v2\/product\/33171\/revisions\/33175"}],"wp:featuredmedia":[{"embeddable":true,"href":"https:\/\/www.freeshopfrontiera.ch\/fr\/wp-json\/wp\/v2\/media\/33167"}],"wp:attachment":[{"href":"https:\/\/www.freeshopfrontiera.ch\/fr\/wp-json\/wp\/v2\/media?parent=33171"}],"wp:term":[{"taxonomy":"pwb-brand","embeddable":true,"href":"https:\/\/www.freeshopfrontiera.ch\/fr\/wp-json\/wp\/v2\/pwb-brand?post=33171"},{"taxonomy":"product_brand","embeddable":true,"href":"https:\/\/www.freeshopfrontiera.ch\/fr\/wp-json\/wp\/v2\/product_brand?post=33171"},{"taxonomy":"product_cat","embeddable":true,"href":"https:\/\/www.freeshopfrontiera.ch\/fr\/wp-json\/wp\/v2\/product_cat?post=33171"},{"taxonomy":"product_tag","embeddable":true,"href":"https:\/\/www.freeshopfrontiera.ch\/fr\/wp-json\/wp\/v2\/product_tag?post=33171"}],"curies":[{"name":"wp","href":"https:\/\/api.w.org\/{rel}","templated":true}]}}