{"id":33197,"date":"2025-07-15T09:53:49","date_gmt":"2025-07-15T09:53:49","guid":{"rendered":"https:\/\/www.freeshopfrontiera.ch\/shop\/diesel-loverdose-red-kiss-eau-de-parfum-50ml\/"},"modified":"2025-07-15T10:18:35","modified_gmt":"2025-07-15T10:18:35","slug":"diesel-loverdose-red-kiss-eau-de-parfum-50ml","status":"publish","type":"product","link":"https:\/\/www.freeshopfrontiera.ch\/fr\/shop\/diesel-loverdose-red-kiss-eau-de-parfum-50ml\/","title":{"rendered":"DIESEL Loverdose Red Kiss Eau de Parfum 50ml"},"content":{"rendered":"<h4 data-start=\"1624\" data-end=\"2227\">Diesel Loverdose Red Kiss Eau de Parfum est une fragrance envo\u00fbtante et passionn\u00e9e, con\u00e7ue pour la femme moderne qui assume pleinement son audace et sa sensualit\u00e9.<\/h4>\n<p data-start=\"1624\" data-end=\"2227\">Ce parfum captivant s\u2019ouvre sur des notes fruit\u00e9es et juteuses de cassis rouge et de pomme croquante, offrant une explosion imm\u00e9diate de douceur fra\u00eeche. Le c\u0153ur r\u00e9v\u00e8le un bouquet floral \u00e9l\u00e9gant avec du jasmin et de la pivoine d\u00e9licate, ajoutant une touche douce et s\u00e9duisante au parfum. En fond, des notes de vanille cr\u00e9meuse et de bois de c\u00e8dre chaud apportent une chaleur enveloppante et durable qui persiste d\u00e9licatement sur la peau.<\/p>\n<p data-start=\"2229\" data-end=\"2586\">Id\u00e9al pour les soir\u00e9es et les occasions sp\u00e9ciales, Loverdose Red Kiss \u00e9quilibre parfaitement f\u00e9minit\u00e9 et force, ce qui en fait un choix polyvalent pour les femmes souhaitant laisser une impression m\u00e9morable. Sa tenue longue dur\u00e9e vous accompagne du jour \u00e0 la nuit, tandis que son flacon \u00e9l\u00e9gant refl\u00e8te l\u2019esprit audacieux et passionn\u00e9 de la marque Diesel.<\/p>\n<p data-start=\"2588\" data-end=\"2973\">Que ce soit pour un d\u00eener romantique, une sortie entre amis ou simplement pour se sentir puissante au quotidien, Diesel Loverdose Red Kiss Eau de Parfum est votre alli\u00e9 id\u00e9al. Commandez-le d\u00e8s maintenant sur notre boutique en ligne et d\u00e9couvrez ce parfum irr\u00e9sistible qui allie fra\u00eecheur fruit\u00e9e, \u00e9l\u00e9gance florale et sensualit\u00e9 chaleureuse dans une harmonie c\u00e9l\u00e9brant la femme moderne.<\/p>\n<p data-start=\"1115\" data-end=\"1276\">Follow us!\u00a0<a href=\"https:\/\/www.instagram.com\/freeshopswiss\/\" target=\"_blank\" rel=\"noopener\">@freeshopswiss<\/a><\/p>\n","protected":false},"excerpt":{"rendered":"<p>Diesel Loverdose Red Kiss Eau de Parfum est une fragrance envo\u00fbtante et passionn\u00e9e, con\u00e7ue pour la femme moderne qui assume pleinement son audace et sa sensualit\u00e9.<\/p>\n","protected":false},"featured_media":33189,"comment_status":"open","ping_status":"closed","template":"","meta":[],"pwb-brand":[438],"product_brand":[],"product_cat":[87,109],"product_tag":[252,296,789,97],"class_list":{"0":"post-33197","1":"product","2":"type-product","3":"status-publish","4":"has-post-thumbnail","6":"pwb-brand-diesel","7":"product_cat-parfums","8":"product_cat-pour-elle","9":"product_tag-eau-de-parfum-fr","10":"product_tag-femme","11":"product_tag-womens-fragrances-fr","12":"product_tag-parfums","14":"first","15":"outofstock","16":"sale","17":"taxable","18":"shipping-taxable","19":"purchasable","20":"product-type-simple"},"brands":[{"id":438,"name":"Diesel","slug":"diesel"}],"_links":{"self":[{"href":"https:\/\/www.freeshopfrontiera.ch\/fr\/wp-json\/wp\/v2\/product\/33197","targetHints":{"allow":["GET"]}}],"collection":[{"href":"https:\/\/www.freeshopfrontiera.ch\/fr\/wp-json\/wp\/v2\/product"}],"about":[{"href":"https:\/\/www.freeshopfrontiera.ch\/fr\/wp-json\/wp\/v2\/types\/product"}],"replies":[{"embeddable":true,"href":"https:\/\/www.freeshopfrontiera.ch\/fr\/wp-json\/wp\/v2\/comments?post=33197"}],"version-history":[{"count":3,"href":"https:\/\/www.freeshopfrontiera.ch\/fr\/wp-json\/wp\/v2\/product\/33197\/revisions"}],"predecessor-version":[{"id":33204,"href":"https:\/\/www.freeshopfrontiera.ch\/fr\/wp-json\/wp\/v2\/product\/33197\/revisions\/33204"}],"wp:featuredmedia":[{"embeddable":true,"href":"https:\/\/www.freeshopfrontiera.ch\/fr\/wp-json\/wp\/v2\/media\/33189"}],"wp:attachment":[{"href":"https:\/\/www.freeshopfrontiera.ch\/fr\/wp-json\/wp\/v2\/media?parent=33197"}],"wp:term":[{"taxonomy":"pwb-brand","embeddable":true,"href":"https:\/\/www.freeshopfrontiera.ch\/fr\/wp-json\/wp\/v2\/pwb-brand?post=33197"},{"taxonomy":"product_brand","embeddable":true,"href":"https:\/\/www.freeshopfrontiera.ch\/fr\/wp-json\/wp\/v2\/product_brand?post=33197"},{"taxonomy":"product_cat","embeddable":true,"href":"https:\/\/www.freeshopfrontiera.ch\/fr\/wp-json\/wp\/v2\/product_cat?post=33197"},{"taxonomy":"product_tag","embeddable":true,"href":"https:\/\/www.freeshopfrontiera.ch\/fr\/wp-json\/wp\/v2\/product_tag?post=33197"}],"curies":[{"name":"wp","href":"https:\/\/api.w.org\/{rel}","templated":true}]}}