{"id":33215,"date":"2025-07-15T10:33:09","date_gmt":"2025-07-15T10:33:09","guid":{"rendered":"https:\/\/www.freeshopfrontiera.ch\/shop\/lattafa-tharwah-silver-eau-de-parfum-100ml\/"},"modified":"2025-07-15T10:44:25","modified_gmt":"2025-07-15T10:44:25","slug":"lattafa-tharwah-silver-eau-de-parfum-100ml","status":"publish","type":"product","link":"https:\/\/www.freeshopfrontiera.ch\/fr\/shop\/lattafa-tharwah-silver-eau-de-parfum-100ml\/","title":{"rendered":"LATTAFA Tharwah Silver Eau de Parfum 100ml"},"content":{"rendered":"<h4 data-start=\"3010\" data-end=\"3734\">LATTAFA Tharwah Silver Eau de Parfum 100ml est un parfum unisexe qui allie parfaitement fra\u00eecheur, \u00e9l\u00e9gance et raffinement.<\/h4>\n<p data-start=\"3010\" data-end=\"3734\">D\u00e8s l\u2019ouverture, les notes fra\u00eeches de menthe et de bergamote vibrante offrent une sensation imm\u00e9diate de propret\u00e9 et de vitalit\u00e9, id\u00e9ale pour ceux qui recherchent un parfum \u00e9nergisant mais discret. Le c\u0153ur de la fragrance est compos\u00e9 d\u2019un bouquet herbac\u00e9 et floral de sauge sclar\u00e9e et de lavande, apportant profondeur et une touche sophistiqu\u00e9e, enveloppant celui qui le porte d\u2019une aura de calme et de charme. La base est chaude et enveloppante gr\u00e2ce aux notes de bois de c\u00e8dre, de musc et de v\u00e9tiver, laissant une tra\u00een\u00e9e \u00e9l\u00e9gante et durable, parfaite pour accompagner chaque moment de la journ\u00e9e.<\/p>\n<p data-start=\"3736\" data-end=\"4194\">Cette composition olfactive polyvalente rend Tharwah Silver adapt\u00e9 \u00e0 toutes les saisons et \u00e0 de nombreuses occasions, du travail aux \u00e9v\u00e9nements sp\u00e9ciaux, exprimant une personnalit\u00e9 \u00e9quilibr\u00e9e et moderne. Sa tenue d\u00e9passe facilement les 8 heures, tandis que sa projection mod\u00e9r\u00e9e assure une pr\u00e9sence discr\u00e8te mais persistante. Le flacon au design sobre et contemporain refl\u00e8te la puret\u00e9 et l\u2019essence du parfum, en faisant \u00e9galement une excellente id\u00e9e cadeau.<\/p>\n<p data-start=\"4196\" data-end=\"4523\">LATTAFA Tharwah Silver est le choix id\u00e9al pour ceux qui recherchent un parfum unisexe capable d\u2019allier fra\u00eecheur et chaleur, sans renoncer \u00e0 un caract\u00e8re unique et raffin\u00e9. Achetez-le d\u00e8s maintenant dans notre boutique en ligne et laissez-vous s\u00e9duire par une fragrance qui parle d\u2019\u00e9l\u00e9gance au quotidien et de style intemporel.<\/p>\n<p data-start=\"1323\" data-end=\"1621\">Follow us!\u00a0<a href=\"https:\/\/www.instagram.com\/freeshopswiss\/\" target=\"_blank\" rel=\"noopener\">@freeshopswiss<\/a><\/p>\n","protected":false},"excerpt":{"rendered":"<p data-start=\"326\" data-end=\"712\">LATTAFA Tharwah Silver \u00e8 un profumo unisex fresco e sofisticato con note di menta, bergamotto, lavanda e legno di cedro. Perfetto per ogni occasione, con lunga durata e proiezione moderata.<\/p>\n","protected":false},"featured_media":33210,"comment_status":"open","ping_status":"closed","template":"","meta":[],"pwb-brand":[772],"product_brand":[],"product_cat":[87,109,89],"product_tag":[252,296,789,1629,143,97],"class_list":{"0":"post-33215","1":"product","2":"type-product","3":"status-publish","4":"has-post-thumbnail","6":"pwb-brand-lattafa","7":"product_cat-parfums","8":"product_cat-pour-elle","9":"product_cat-pour-lui","10":"product_tag-eau-de-parfum-fr","11":"product_tag-femme","12":"product_tag-womens-fragrances-fr","13":"product_tag-mens-fragrances-fr","14":"product_tag-homme","15":"product_tag-parfums","17":"first","18":"outofstock","19":"sale","20":"taxable","21":"shipping-taxable","22":"purchasable","23":"product-type-simple"},"brands":[{"id":772,"name":"Lattafa","slug":"lattafa"}],"_links":{"self":[{"href":"https:\/\/www.freeshopfrontiera.ch\/fr\/wp-json\/wp\/v2\/product\/33215","targetHints":{"allow":["GET"]}}],"collection":[{"href":"https:\/\/www.freeshopfrontiera.ch\/fr\/wp-json\/wp\/v2\/product"}],"about":[{"href":"https:\/\/www.freeshopfrontiera.ch\/fr\/wp-json\/wp\/v2\/types\/product"}],"replies":[{"embeddable":true,"href":"https:\/\/www.freeshopfrontiera.ch\/fr\/wp-json\/wp\/v2\/comments?post=33215"}],"version-history":[{"count":2,"href":"https:\/\/www.freeshopfrontiera.ch\/fr\/wp-json\/wp\/v2\/product\/33215\/revisions"}],"predecessor-version":[{"id":33220,"href":"https:\/\/www.freeshopfrontiera.ch\/fr\/wp-json\/wp\/v2\/product\/33215\/revisions\/33220"}],"wp:featuredmedia":[{"embeddable":true,"href":"https:\/\/www.freeshopfrontiera.ch\/fr\/wp-json\/wp\/v2\/media\/33210"}],"wp:attachment":[{"href":"https:\/\/www.freeshopfrontiera.ch\/fr\/wp-json\/wp\/v2\/media?parent=33215"}],"wp:term":[{"taxonomy":"pwb-brand","embeddable":true,"href":"https:\/\/www.freeshopfrontiera.ch\/fr\/wp-json\/wp\/v2\/pwb-brand?post=33215"},{"taxonomy":"product_brand","embeddable":true,"href":"https:\/\/www.freeshopfrontiera.ch\/fr\/wp-json\/wp\/v2\/product_brand?post=33215"},{"taxonomy":"product_cat","embeddable":true,"href":"https:\/\/www.freeshopfrontiera.ch\/fr\/wp-json\/wp\/v2\/product_cat?post=33215"},{"taxonomy":"product_tag","embeddable":true,"href":"https:\/\/www.freeshopfrontiera.ch\/fr\/wp-json\/wp\/v2\/product_tag?post=33215"}],"curies":[{"name":"wp","href":"https:\/\/api.w.org\/{rel}","templated":true}]}}