{"id":33263,"date":"2025-07-15T13:41:15","date_gmt":"2025-07-15T13:41:15","guid":{"rendered":"https:\/\/www.freeshopfrontiera.ch\/shop\/lattafa-yara-candy-eau-de-parfum-100ml\/"},"modified":"2025-07-15T15:30:04","modified_gmt":"2025-07-15T15:30:04","slug":"lattafa-yara-candy-eau-de-parfum-100ml","status":"publish","type":"product","link":"https:\/\/www.freeshopfrontiera.ch\/fr\/shop\/lattafa-yara-candy-eau-de-parfum-100ml\/","title":{"rendered":"LATTAFA Yara Candy Eau de Parfum 100ml"},"content":{"rendered":"<p data-start=\"1555\" data-end=\"1849\">LATTAFA Yara Candy Eau de Parfum est un parfum gourmand et envo\u00fbtant, con\u00e7u pour les femmes qui aiment les senteurs sucr\u00e9es, modernes et ultra-f\u00e9minines. D\u00e8s l\u2019ouverture, les notes fruit\u00e9es et sucr\u00e9es de fruits rouges et de caramel \u00e9veillent les sens avec vivacit\u00e9.<\/p>\n<p data-start=\"1851\" data-end=\"2066\">Le c\u0153ur floral et d\u00e9licat, enrichi de vanille cr\u00e9meuse et de musc blanc doux, apporte \u00e9quilibre, raffinement et douceur. En fond, l\u2019ambre et les bois chauds prolongent la tenue du parfum avec \u00e9l\u00e9gance et sensualit\u00e9.<\/p>\n<p data-start=\"2068\" data-end=\"2333\">Yara Candy est parfait pour exprimer une personnalit\u00e9 romantique, joyeuse et s\u00fbre d\u2019elle. Id\u00e9al en hiver ou pour les occasions sp\u00e9ciales, il reste suffisamment polyvalent pour un usage quotidien. Il offre une excellente tenue et une diffusion subtile mais pr\u00e9sente.<\/p>\n<p data-start=\"2335\" data-end=\"2466\">Le flacon rose pastel aux d\u00e9tails dor\u00e9s refl\u00e8te parfaitement l\u2019esprit doux et f\u00e9minin de la fragrance \u2014 un superbe cadeau \u00e0 offrir.<\/p>\n<p data-start=\"1287\" data-end=\"1464\">Follow us!\u00a0<a href=\"https:\/\/www.instagram.com\/freeshopswiss\/\" target=\"_blank\" rel=\"noopener\">@freeshopswiss<\/a><\/p>\n","protected":false},"excerpt":{"rendered":"<p>Un parfum sucr\u00e9 et irr\u00e9sistible aux fruits rouges, \u00e0 la vanille et au musc. Yara Candy s\u00e9duit les amatrices de senteurs gourmandes et f\u00e9minines.<\/p>\n","protected":false},"featured_media":33255,"comment_status":"open","ping_status":"closed","template":"","meta":[],"pwb-brand":[772],"product_brand":[],"product_cat":[87,109],"product_tag":[252,296,4348,789,4367],"class_list":{"0":"post-33263","1":"product","2":"type-product","3":"status-publish","4":"has-post-thumbnail","6":"pwb-brand-lattafa","7":"product_cat-parfums","8":"product_cat-pour-elle","9":"product_tag-eau-de-parfum-fr","10":"product_tag-femme","11":"product_tag-fete-des-femmes","12":"product_tag-womens-fragrances-fr","13":"product_tag-special-printemps","15":"first","16":"instock","17":"sale","18":"taxable","19":"shipping-taxable","20":"purchasable","21":"product-type-simple"},"brands":[{"id":772,"name":"Lattafa","slug":"lattafa"}],"_links":{"self":[{"href":"https:\/\/www.freeshopfrontiera.ch\/fr\/wp-json\/wp\/v2\/product\/33263","targetHints":{"allow":["GET"]}}],"collection":[{"href":"https:\/\/www.freeshopfrontiera.ch\/fr\/wp-json\/wp\/v2\/product"}],"about":[{"href":"https:\/\/www.freeshopfrontiera.ch\/fr\/wp-json\/wp\/v2\/types\/product"}],"replies":[{"embeddable":true,"href":"https:\/\/www.freeshopfrontiera.ch\/fr\/wp-json\/wp\/v2\/comments?post=33263"}],"version-history":[{"count":2,"href":"https:\/\/www.freeshopfrontiera.ch\/fr\/wp-json\/wp\/v2\/product\/33263\/revisions"}],"predecessor-version":[{"id":33266,"href":"https:\/\/www.freeshopfrontiera.ch\/fr\/wp-json\/wp\/v2\/product\/33263\/revisions\/33266"}],"wp:featuredmedia":[{"embeddable":true,"href":"https:\/\/www.freeshopfrontiera.ch\/fr\/wp-json\/wp\/v2\/media\/33255"}],"wp:attachment":[{"href":"https:\/\/www.freeshopfrontiera.ch\/fr\/wp-json\/wp\/v2\/media?parent=33263"}],"wp:term":[{"taxonomy":"pwb-brand","embeddable":true,"href":"https:\/\/www.freeshopfrontiera.ch\/fr\/wp-json\/wp\/v2\/pwb-brand?post=33263"},{"taxonomy":"product_brand","embeddable":true,"href":"https:\/\/www.freeshopfrontiera.ch\/fr\/wp-json\/wp\/v2\/product_brand?post=33263"},{"taxonomy":"product_cat","embeddable":true,"href":"https:\/\/www.freeshopfrontiera.ch\/fr\/wp-json\/wp\/v2\/product_cat?post=33263"},{"taxonomy":"product_tag","embeddable":true,"href":"https:\/\/www.freeshopfrontiera.ch\/fr\/wp-json\/wp\/v2\/product_tag?post=33263"}],"curies":[{"name":"wp","href":"https:\/\/api.w.org\/{rel}","templated":true}]}}