{"id":33286,"date":"2025-07-15T15:45:05","date_gmt":"2025-07-15T15:45:05","guid":{"rendered":"https:\/\/www.freeshopfrontiera.ch\/shop\/gisada-titanium-eau-de-parfum-100ml\/"},"modified":"2025-07-16T07:07:43","modified_gmt":"2025-07-16T07:07:43","slug":"gisada-titanium-eau-de-parfum-100ml","status":"publish","type":"product","link":"https:\/\/www.freeshopfrontiera.ch\/fr\/shop\/gisada-titanium-eau-de-parfum-100ml\/","title":{"rendered":"GISADA Titanium Eau de Parfum 100ml"},"content":{"rendered":"<h3 data-start=\"1672\" data-end=\"1731\"><strong data-start=\"1681\" data-end=\"1731\"> Gisada Titanium Eau de Parfum 100ml<\/strong><\/h3>\n<p data-start=\"1733\" data-end=\"3197\"><strong data-start=\"1733\" data-end=\"1772\">Gisada Titanium Eau de Parfum 100ml<\/strong> est un parfum masculin qui incarne la force, l\u2019\u00e9l\u00e9gance et l\u2019ambition. Cr\u00e9\u00e9e en Suisse, cette fragrance associe une qualit\u00e9 artisanale \u00e0 une identit\u00e9 olfactive moderne et affirm\u00e9e, pens\u00e9e pour l\u2019homme s\u00fbr de lui qui aime se d\u00e9marquer avec style et personnalit\u00e9.<\/p>\n<p data-start=\"1733\" data-end=\"3197\">La composition s\u2019ouvre sur des notes de t\u00eate fra\u00eeches et \u00e9pic\u00e9es de poivre rose, cardamome, sauge et armoise, pour une entr\u00e9e vive et dynamique. En c\u0153ur, la lavande se marie harmonieusement au bois de c\u00e8dre, au cuir, au bois de santal et \u00e0 une touche de cannelle, apportant structure et raffinement. Les notes de fond \u2013 iris, vanille, f\u00e8ve tonka, patchouli et baume de sapin \u2013 offrent chaleur et sensualit\u00e9, laissant un sillage profond, enveloppant et persistant. Gisada Titanium est id\u00e9al pour l\u2019automne et l\u2019hiver, mais sa composition \u00e9quilibr\u00e9e permet un usage toute l\u2019ann\u00e9e. Parfait pour les occasions sp\u00e9ciales, les rendez-vous importants ou comme parfum de tous les jours.<\/p>\n<p data-start=\"1733\" data-end=\"3197\">Son flacon \u00e9l\u00e9gant de 100ml refl\u00e8te le caract\u00e8re sophistiqu\u00e9 de la fragrance, ce qui en fait \u00e9galement une excellente id\u00e9e cadeau. Avec une bonne tenue sur la peau (environ 6 \u00e0 8 heures) et une projection mod\u00e9r\u00e9e, cette Eau de Parfum s\u2019adresse \u00e0 l\u2019homme moderne en qu\u00eate d\u2019un parfum intense mais ma\u00eetris\u00e9, capable de laisser une empreinte discr\u00e8te mais inoubliable. D\u00e9couvrez Gisada Titanium et laissez-vous s\u00e9duire par une exp\u00e9rience olfactive puissante, authentique et inoubliable.<\/p>\n<p data-start=\"930\" data-end=\"1190\">Follow us!\u00a0<a href=\"https:\/\/www.instagram.com\/freeshopswiss\/\" target=\"_blank\" rel=\"noopener\">@freeshopswiss<\/a><\/p>\n","protected":false},"excerpt":{"rendered":"<p data-start=\"188\" data-end=\"346\"><strong data-start=\"1733\" data-end=\"1772\">Gisada Titanium Eau de Parfum 100ml<\/strong> est un parfum masculin qui incarne la force, l\u2019\u00e9l\u00e9gance et l\u2019ambition.<\/p>\n","protected":false},"featured_media":33281,"comment_status":"open","ping_status":"closed","template":"","meta":[],"pwb-brand":[1718],"product_brand":[],"product_cat":[87,89],"product_tag":[1629,143,97],"class_list":{"0":"post-33286","1":"product","2":"type-product","3":"status-publish","4":"has-post-thumbnail","6":"pwb-brand-gisada","7":"product_cat-parfums","8":"product_cat-pour-lui","9":"product_tag-mens-fragrances-fr","10":"product_tag-homme","11":"product_tag-parfums","13":"first","14":"instock","15":"sale","16":"taxable","17":"shipping-taxable","18":"purchasable","19":"product-type-simple"},"brands":[{"id":1718,"name":"Gisada","slug":"gisada"}],"_links":{"self":[{"href":"https:\/\/www.freeshopfrontiera.ch\/fr\/wp-json\/wp\/v2\/product\/33286","targetHints":{"allow":["GET"]}}],"collection":[{"href":"https:\/\/www.freeshopfrontiera.ch\/fr\/wp-json\/wp\/v2\/product"}],"about":[{"href":"https:\/\/www.freeshopfrontiera.ch\/fr\/wp-json\/wp\/v2\/types\/product"}],"replies":[{"embeddable":true,"href":"https:\/\/www.freeshopfrontiera.ch\/fr\/wp-json\/wp\/v2\/comments?post=33286"}],"version-history":[{"count":2,"href":"https:\/\/www.freeshopfrontiera.ch\/fr\/wp-json\/wp\/v2\/product\/33286\/revisions"}],"predecessor-version":[{"id":33292,"href":"https:\/\/www.freeshopfrontiera.ch\/fr\/wp-json\/wp\/v2\/product\/33286\/revisions\/33292"}],"wp:featuredmedia":[{"embeddable":true,"href":"https:\/\/www.freeshopfrontiera.ch\/fr\/wp-json\/wp\/v2\/media\/33281"}],"wp:attachment":[{"href":"https:\/\/www.freeshopfrontiera.ch\/fr\/wp-json\/wp\/v2\/media?parent=33286"}],"wp:term":[{"taxonomy":"pwb-brand","embeddable":true,"href":"https:\/\/www.freeshopfrontiera.ch\/fr\/wp-json\/wp\/v2\/pwb-brand?post=33286"},{"taxonomy":"product_brand","embeddable":true,"href":"https:\/\/www.freeshopfrontiera.ch\/fr\/wp-json\/wp\/v2\/product_brand?post=33286"},{"taxonomy":"product_cat","embeddable":true,"href":"https:\/\/www.freeshopfrontiera.ch\/fr\/wp-json\/wp\/v2\/product_cat?post=33286"},{"taxonomy":"product_tag","embeddable":true,"href":"https:\/\/www.freeshopfrontiera.ch\/fr\/wp-json\/wp\/v2\/product_tag?post=33286"}],"curies":[{"name":"wp","href":"https:\/\/api.w.org\/{rel}","templated":true}]}}