{"id":33301,"date":"2025-07-16T07:38:25","date_gmt":"2025-07-16T07:38:25","guid":{"rendered":"https:\/\/www.freeshopfrontiera.ch\/shop\/lattafa-al-areeq-gold-eau-de-parfum-100ml\/"},"modified":"2025-07-16T07:46:10","modified_gmt":"2025-07-16T07:46:10","slug":"lattafa-al-areeq-gold-eau-de-parfum-100ml","status":"publish","type":"product","link":"https:\/\/www.freeshopfrontiera.ch\/fr\/shop\/lattafa-al-areeq-gold-eau-de-parfum-100ml\/","title":{"rendered":"LATTAFA Al Areeq Gold Eau de Parfum 100ml"},"content":{"rendered":"<h3 data-start=\"1677\" data-end=\"1742\"><strong data-start=\"1686\" data-end=\"1742\">Lattafa Al Areeq Gold Eau de Parfum 100ml<\/strong><\/h3>\n<p data-start=\"1744\" data-end=\"3280\"><strong data-start=\"1744\" data-end=\"1789\">Lattafa Al Areeq Gold Eau de Parfum 100ml<\/strong> est un parfum sophistiqu\u00e9 et \u00e9l\u00e9gant, qui marie la richesse de la parfumerie orientale avec une touche moderne et universelle. Con\u00e7u pour les hommes et les femmes qui aiment les senteurs intenses et pleines de caract\u00e8re, Al Areeq Gold s\u00e9duit d\u00e8s la premi\u00e8re vaporisation gr\u00e2ce \u00e0 sa composition chaude, \u00e9pic\u00e9e et enveloppante.<\/p>\n<p data-start=\"1744\" data-end=\"3280\">Les <strong data-start=\"2120\" data-end=\"2137\">notes de t\u00eate<\/strong> offrent une ouverture lumineuse et intrigante avec des agrumes, des \u00e9pices douces et des nuances fruit\u00e9es d\u00e9licates, pr\u00e9parant le terrain \u00e0 un c\u0153ur raffin\u00e9 et opulent. Les <strong data-start=\"2310\" data-end=\"2327\">notes de c\u0153ur<\/strong> m\u00ealent fleurs blanches, bois nobles et r\u00e9sines pr\u00e9cieuses, apportant \u00e9l\u00e9gance et profondeur. En <strong data-start=\"2424\" data-end=\"2432\">fond<\/strong>, l\u2019ambre, le musc, un oud discret et la vanille s\u2019unissent pour former un sillage sensuel, durable et inoubliable. Lattafa Al Areeq Gold est un parfum <strong data-start=\"2584\" data-end=\"2595\">unisexe<\/strong>, intense mais \u00e9quilibr\u00e9, id\u00e9al pour les occasions sp\u00e9ciales ou pour celles et ceux qui souhaitent affirmer leur signature olfactive. Le flacon dor\u00e9 de 100ml, au design luxueux, refl\u00e8te l\u2019\u00e2me noble du parfum et constitue \u00e9galement une excellente id\u00e9e cadeau. Parfait pour les soir\u00e9es d\u2019automne et d\u2019hiver, il peut aussi \u00eatre port\u00e9 toute l\u2019ann\u00e9e par les amateurs de parfums orientaux raffin\u00e9s.<\/p>\n<p data-start=\"1744\" data-end=\"3280\">Avec une <strong data-start=\"2997\" data-end=\"3029\">excellente tenue sur la peau<\/strong> et un sillage enveloppant, Al Areeq Gold incarne l\u2019\u00e9l\u00e9gance intemporelle de la parfumerie de niche, \u00e0 un prix accessible. Laissez-vous s\u00e9duire par cette composition riche en contrastes et d\u00e9couvrez le charme irr\u00e9sistible de <strong data-start=\"3254\" data-end=\"3279\">Lattafa Al Areeq Gold<\/strong>.<\/p>\n<p>&nbsp;<\/p>\n<p>Follow us!\u00a0<a href=\"https:\/\/www.instagram.com\/freeshopswiss\/\" target=\"_blank\" rel=\"noopener\">@freeshopswiss<\/a><\/p>\n","protected":false},"excerpt":{"rendered":"<p><strong data-start=\"1744\" data-end=\"1789\">Lattafa Al Areeq Gold Eau de Parfum 100ml<\/strong> est un parfum sophistiqu\u00e9 et \u00e9l\u00e9gant, qui marie la richesse de la parfumerie orientale avec une touche moderne et universelle.<\/p>\n","protected":false},"featured_media":33297,"comment_status":"open","ping_status":"closed","template":"","meta":[],"pwb-brand":[772],"product_brand":[],"product_cat":[87,109,89],"product_tag":[252,296,789,1629,143,97,594],"class_list":{"0":"post-33301","1":"product","2":"type-product","3":"status-publish","4":"has-post-thumbnail","6":"pwb-brand-lattafa","7":"product_cat-parfums","8":"product_cat-pour-elle","9":"product_cat-pour-lui","10":"product_tag-eau-de-parfum-fr","11":"product_tag-femme","12":"product_tag-womens-fragrances-fr","13":"product_tag-mens-fragrances-fr","14":"product_tag-homme","15":"product_tag-parfums","16":"product_tag-unisex-fr-2","18":"first","19":"outofstock","20":"sale","21":"taxable","22":"shipping-taxable","23":"purchasable","24":"product-type-simple"},"brands":[{"id":772,"name":"Lattafa","slug":"lattafa"}],"_links":{"self":[{"href":"https:\/\/www.freeshopfrontiera.ch\/fr\/wp-json\/wp\/v2\/product\/33301","targetHints":{"allow":["GET"]}}],"collection":[{"href":"https:\/\/www.freeshopfrontiera.ch\/fr\/wp-json\/wp\/v2\/product"}],"about":[{"href":"https:\/\/www.freeshopfrontiera.ch\/fr\/wp-json\/wp\/v2\/types\/product"}],"replies":[{"embeddable":true,"href":"https:\/\/www.freeshopfrontiera.ch\/fr\/wp-json\/wp\/v2\/comments?post=33301"}],"version-history":[{"count":3,"href":"https:\/\/www.freeshopfrontiera.ch\/fr\/wp-json\/wp\/v2\/product\/33301\/revisions"}],"predecessor-version":[{"id":33307,"href":"https:\/\/www.freeshopfrontiera.ch\/fr\/wp-json\/wp\/v2\/product\/33301\/revisions\/33307"}],"wp:featuredmedia":[{"embeddable":true,"href":"https:\/\/www.freeshopfrontiera.ch\/fr\/wp-json\/wp\/v2\/media\/33297"}],"wp:attachment":[{"href":"https:\/\/www.freeshopfrontiera.ch\/fr\/wp-json\/wp\/v2\/media?parent=33301"}],"wp:term":[{"taxonomy":"pwb-brand","embeddable":true,"href":"https:\/\/www.freeshopfrontiera.ch\/fr\/wp-json\/wp\/v2\/pwb-brand?post=33301"},{"taxonomy":"product_brand","embeddable":true,"href":"https:\/\/www.freeshopfrontiera.ch\/fr\/wp-json\/wp\/v2\/product_brand?post=33301"},{"taxonomy":"product_cat","embeddable":true,"href":"https:\/\/www.freeshopfrontiera.ch\/fr\/wp-json\/wp\/v2\/product_cat?post=33301"},{"taxonomy":"product_tag","embeddable":true,"href":"https:\/\/www.freeshopfrontiera.ch\/fr\/wp-json\/wp\/v2\/product_tag?post=33301"}],"curies":[{"name":"wp","href":"https:\/\/api.w.org\/{rel}","templated":true}]}}