{"id":33319,"date":"2025-07-16T07:55:26","date_gmt":"2025-07-16T07:55:26","guid":{"rendered":"https:\/\/www.freeshopfrontiera.ch\/shop\/lattafa-blue-oud-eau-de-parfum-100ml\/"},"modified":"2025-07-16T08:06:07","modified_gmt":"2025-07-16T08:06:07","slug":"lattafa-blue-oud-eau-de-parfum-100ml","status":"publish","type":"product","link":"https:\/\/www.freeshopfrontiera.ch\/fr\/shop\/lattafa-blue-oud-eau-de-parfum-100ml\/","title":{"rendered":"LATTAFA Blue Oud Eau de Parfum 100ml"},"content":{"rendered":"<h3 data-start=\"1590\" data-end=\"1655\"><strong data-start=\"1599\" data-end=\"1655\">Lattafa Blue Oud Eau de Parfum 100ml<\/strong><\/h3>\n<p data-start=\"1657\" data-end=\"3064\"><strong data-start=\"1657\" data-end=\"1702\">Lattafa Blue Oud Eau de Parfum Vapo 100ml<\/strong> est un parfum intense et envo\u00fbtant qui c\u00e9l\u00e8bre la richesse du oud avec une touche moderne et raffin\u00e9e. Con\u00e7u pour les hommes et les femmes amateurs de senteurs audacieuses, sensuelles et profondes, Blue Oud s\u00e9duit d\u00e8s la premi\u00e8re vaporisation gr\u00e2ce \u00e0 une composition chaude, bois\u00e9e et l\u00e9g\u00e8rement fum\u00e9e. Les <strong data-start=\"2010\" data-end=\"2027\">notes de t\u00eate<\/strong> s\u2019ouvrent sur des accords \u00e9pic\u00e9s et d\u2019agrumes, offrant une introduction lumineuse et enveloppante. Au c\u0153ur, le pr\u00e9cieux <strong data-start=\"2148\" data-end=\"2155\">oud<\/strong> s\u2019impose, \u00e9quilibr\u00e9 par des nuances florales et balsamiques qui apportent \u00e9l\u00e9gance et profondeur.<\/p>\n<p data-start=\"1657\" data-end=\"3064\">Le <strong data-start=\"2257\" data-end=\"2265\">fond<\/strong> est chaud et r\u00e9sineux : musc, ambre et vanille se m\u00ealent \u00e0 des bois nobles et des notes fum\u00e9es pour une empreinte puissante et durable. Lattafa Blue Oud est un <strong data-start=\"2426\" data-end=\"2444\">parfum unisexe<\/strong>, id\u00e9al pour les saisons froides et les soir\u00e9es, mais \u00e9galement adapt\u00e9 toute l\u2019ann\u00e9e pour ceux qui recherchent un parfum oriental, raffin\u00e9 et inoubliable. Le flacon bleu et dor\u00e9 de 100ml refl\u00e8te parfaitement l\u2019esprit audacieux et sophistiqu\u00e9 de la fragrance, et en fait aussi une excellente id\u00e9e cadeau.<\/p>\n<p data-start=\"1657\" data-end=\"3064\">Avec une <strong data-start=\"2757\" data-end=\"2777\">excellente tenue<\/strong> sur la peau et une projection intense mais ma\u00eetris\u00e9e, Blue Oud est le choix parfait pour ceux qui souhaitent se d\u00e9marquer avec \u00e9l\u00e9gance. Laissez-vous envelopper par l\u2019\u00e9l\u00e9gance sensuelle du oud et d\u00e9couvrez le charme irr\u00e9sistible de <strong data-start=\"3029\" data-end=\"3063\">Lattafa Blue Oud Eau de Parfum<\/strong>.<\/p>\n<p>&nbsp;<\/p>\n<p>Follow us!\u00a0<a href=\"https:\/\/www.instagram.com\/freeshopswiss\/\" target=\"_blank\" rel=\"noopener\">@freeshopswiss<\/a><\/p>\n","protected":false},"excerpt":{"rendered":"<p><strong data-start=\"1657\" data-end=\"1702\">Lattafa Blue Oud Eau de Parfum Vapo 100ml<\/strong> est un parfum intense et envo\u00fbtant qui c\u00e9l\u00e8bre la richesse du oud avec une touche moderne et raffin\u00e9e.<\/p>\n","protected":false},"featured_media":33314,"comment_status":"open","ping_status":"closed","template":"","meta":[],"pwb-brand":[772],"product_brand":[],"product_cat":[87,109,89],"product_tag":[252,296,789,1629,143,594],"class_list":{"0":"post-33319","1":"product","2":"type-product","3":"status-publish","4":"has-post-thumbnail","6":"pwb-brand-lattafa","7":"product_cat-parfums","8":"product_cat-pour-elle","9":"product_cat-pour-lui","10":"product_tag-eau-de-parfum-fr","11":"product_tag-femme","12":"product_tag-womens-fragrances-fr","13":"product_tag-mens-fragrances-fr","14":"product_tag-homme","15":"product_tag-unisex-fr-2","17":"first","18":"outofstock","19":"sale","20":"taxable","21":"shipping-taxable","22":"purchasable","23":"product-type-simple"},"brands":[{"id":772,"name":"Lattafa","slug":"lattafa"}],"_links":{"self":[{"href":"https:\/\/www.freeshopfrontiera.ch\/fr\/wp-json\/wp\/v2\/product\/33319","targetHints":{"allow":["GET"]}}],"collection":[{"href":"https:\/\/www.freeshopfrontiera.ch\/fr\/wp-json\/wp\/v2\/product"}],"about":[{"href":"https:\/\/www.freeshopfrontiera.ch\/fr\/wp-json\/wp\/v2\/types\/product"}],"replies":[{"embeddable":true,"href":"https:\/\/www.freeshopfrontiera.ch\/fr\/wp-json\/wp\/v2\/comments?post=33319"}],"version-history":[{"count":1,"href":"https:\/\/www.freeshopfrontiera.ch\/fr\/wp-json\/wp\/v2\/product\/33319\/revisions"}],"predecessor-version":[{"id":33323,"href":"https:\/\/www.freeshopfrontiera.ch\/fr\/wp-json\/wp\/v2\/product\/33319\/revisions\/33323"}],"wp:featuredmedia":[{"embeddable":true,"href":"https:\/\/www.freeshopfrontiera.ch\/fr\/wp-json\/wp\/v2\/media\/33314"}],"wp:attachment":[{"href":"https:\/\/www.freeshopfrontiera.ch\/fr\/wp-json\/wp\/v2\/media?parent=33319"}],"wp:term":[{"taxonomy":"pwb-brand","embeddable":true,"href":"https:\/\/www.freeshopfrontiera.ch\/fr\/wp-json\/wp\/v2\/pwb-brand?post=33319"},{"taxonomy":"product_brand","embeddable":true,"href":"https:\/\/www.freeshopfrontiera.ch\/fr\/wp-json\/wp\/v2\/product_brand?post=33319"},{"taxonomy":"product_cat","embeddable":true,"href":"https:\/\/www.freeshopfrontiera.ch\/fr\/wp-json\/wp\/v2\/product_cat?post=33319"},{"taxonomy":"product_tag","embeddable":true,"href":"https:\/\/www.freeshopfrontiera.ch\/fr\/wp-json\/wp\/v2\/product_tag?post=33319"}],"curies":[{"name":"wp","href":"https:\/\/api.w.org\/{rel}","templated":true}]}}