{"id":33586,"date":"2025-07-23T09:36:55","date_gmt":"2025-07-23T09:36:55","guid":{"rendered":"https:\/\/www.freeshopfrontiera.ch\/shop\/gisada-ambassador-woman-eau-de-parfum-100ml\/"},"modified":"2025-07-23T09:48:52","modified_gmt":"2025-07-23T09:48:52","slug":"gisada-ambassador-woman-eau-de-parfum-100ml","status":"publish","type":"product","link":"https:\/\/www.freeshopfrontiera.ch\/fr\/shop\/gisada-ambassador-woman-eau-de-parfum-100ml\/","title":{"rendered":"GISADA Ambassador Woman Eau de Parfum 100ml"},"content":{"rendered":"<p data-start=\"3741\" data-end=\"4223\"><strong data-start=\"3769\" data-end=\"3817\">Gisada Ambassador Women Eau de Parfum 100 ml<\/strong> est un parfum f\u00e9minin lumineux, raffin\u00e9 et enveloppant, con\u00e7u pour la femme moderne, \u00e9l\u00e9gante et s\u00fbre d\u2019elle. D\u00e8s la premi\u00e8re pulv\u00e9risation, il r\u00e9v\u00e8le une composition riche et harmonieuse m\u00ealant fruits juteux, fleurs d\u00e9licates et fond bois\u00e9-gourmand chaleureux. L\u2019ouverture est fra\u00eeche et fruit\u00e9e, avec des notes d\u2019abricot, poire, bergamote, feuille de violette et souci, pour une touche vive et f\u00e9minine.<\/p>\n<p data-start=\"4225\" data-end=\"4670\">En c\u0153ur, le parfum d\u00e9ploie un bouquet floral sensuel de tub\u00e9reuse, rose, freesia et rameaux de violette, sublim\u00e9 par des nuances de framboise et prune. Cette partie centrale est \u00e9l\u00e9gante, douce et envo\u00fbtante sans \u00eatre trop sucr\u00e9e. Le fond est chaleureux et persistant, compos\u00e9 de vanille, f\u00e8ve tonka, musc, patchouli, bois de santal et c\u00e8dre. Il en r\u00e9sulte un sillage doux, soyeux et tenace, parfait pour accompagner chaque moment de la journ\u00e9e.<\/p>\n<p data-start=\"4672\" data-end=\"5017\">Gisada Ambassador Women est une eau de parfum polyvalente, parfaite en toute saison, id\u00e9ale pour les journ\u00e9es fra\u00eeches ou les occasions sp\u00e9ciales. C\u2019est le choix id\u00e9al pour les femmes \u00e0 la recherche d\u2019un parfum signature f\u00e9minin, \u00e9l\u00e9gant et inoubliable. Le flacon de 100 ml, au design moderne et soign\u00e9, en fait aussi une excellente id\u00e9e cadeau.<\/p>\n<p data-start=\"5019\" data-end=\"5037\"><strong data-start=\"5019\" data-end=\"5037\">Points forts :<\/strong><\/p>\n<ul data-start=\"5038\" data-end=\"5300\">\n<li data-start=\"5038\" data-end=\"5084\">\n<p data-start=\"5040\" data-end=\"5084\">Parfum fruit\u00e9-floral aux accents orientaux<\/p>\n<\/li>\n<li data-start=\"5085\" data-end=\"5152\">\n<p data-start=\"5087\" data-end=\"5152\">Notes d\u2019abricot, poire, rose, tub\u00e9reuse, vanille et bois nobles<\/p>\n<\/li>\n<li data-start=\"5153\" data-end=\"5197\">\n<p data-start=\"5155\" data-end=\"5197\">Tr\u00e8s bonne tenue avec un sillage raffin\u00e9<\/p>\n<\/li>\n<li data-start=\"5198\" data-end=\"5252\">\n<p data-start=\"5200\" data-end=\"5252\">Id\u00e9al en toute saison ou pour des moments sp\u00e9ciaux<\/p>\n<\/li>\n<li data-start=\"5253\" data-end=\"5300\">\n<p data-start=\"5255\" data-end=\"5300\">Flacon de 100 ml \u00e9l\u00e9gant, parfait en cadeau<\/p>\n<\/li>\n<\/ul>\n<p>&nbsp;<\/p>\n<p>Follow us!\u00a0<a href=\"https:\/\/www.instagram.com\/freeshopswiss\/\" target=\"_blank\" rel=\"noopener\">@freeshopswiss<\/a><\/p>\n","protected":false},"excerpt":{"rendered":"<p data-start=\"1971\" data-end=\"2153\"><strong data-start=\"3769\" data-end=\"3817\">Gisada Ambassador Women Eau de Parfum 100 ml<\/strong> est un parfum f\u00e9minin lumineux, raffin\u00e9 et enveloppant, con\u00e7u pour la femme moderne, \u00e9l\u00e9gante et s\u00fbre d\u2019elle.<\/p>\n","protected":false},"featured_media":33578,"comment_status":"open","ping_status":"closed","template":"","meta":[],"pwb-brand":[1718],"product_brand":[],"product_cat":[87,109,4195],"product_tag":[280,252,296,789,97],"class_list":{"0":"post-33586","1":"product","2":"type-product","3":"status-publish","4":"has-post-thumbnail","6":"pwb-brand-gisada","7":"product_cat-parfums","8":"product_cat-pour-elle","9":"product_cat-parfums-offer","10":"product_tag-bestseller-fr","11":"product_tag-eau-de-parfum-fr","12":"product_tag-femme","13":"product_tag-womens-fragrances-fr","14":"product_tag-parfums","16":"first","17":"instock","18":"sale","19":"taxable","20":"shipping-taxable","21":"purchasable","22":"product-type-simple"},"brands":[{"id":1718,"name":"Gisada","slug":"gisada"}],"_links":{"self":[{"href":"https:\/\/www.freeshopfrontiera.ch\/fr\/wp-json\/wp\/v2\/product\/33586","targetHints":{"allow":["GET"]}}],"collection":[{"href":"https:\/\/www.freeshopfrontiera.ch\/fr\/wp-json\/wp\/v2\/product"}],"about":[{"href":"https:\/\/www.freeshopfrontiera.ch\/fr\/wp-json\/wp\/v2\/types\/product"}],"replies":[{"embeddable":true,"href":"https:\/\/www.freeshopfrontiera.ch\/fr\/wp-json\/wp\/v2\/comments?post=33586"}],"version-history":[{"count":2,"href":"https:\/\/www.freeshopfrontiera.ch\/fr\/wp-json\/wp\/v2\/product\/33586\/revisions"}],"predecessor-version":[{"id":33599,"href":"https:\/\/www.freeshopfrontiera.ch\/fr\/wp-json\/wp\/v2\/product\/33586\/revisions\/33599"}],"wp:featuredmedia":[{"embeddable":true,"href":"https:\/\/www.freeshopfrontiera.ch\/fr\/wp-json\/wp\/v2\/media\/33578"}],"wp:attachment":[{"href":"https:\/\/www.freeshopfrontiera.ch\/fr\/wp-json\/wp\/v2\/media?parent=33586"}],"wp:term":[{"taxonomy":"pwb-brand","embeddable":true,"href":"https:\/\/www.freeshopfrontiera.ch\/fr\/wp-json\/wp\/v2\/pwb-brand?post=33586"},{"taxonomy":"product_brand","embeddable":true,"href":"https:\/\/www.freeshopfrontiera.ch\/fr\/wp-json\/wp\/v2\/product_brand?post=33586"},{"taxonomy":"product_cat","embeddable":true,"href":"https:\/\/www.freeshopfrontiera.ch\/fr\/wp-json\/wp\/v2\/product_cat?post=33586"},{"taxonomy":"product_tag","embeddable":true,"href":"https:\/\/www.freeshopfrontiera.ch\/fr\/wp-json\/wp\/v2\/product_tag?post=33586"}],"curies":[{"name":"wp","href":"https:\/\/api.w.org\/{rel}","templated":true}]}}