{"id":33661,"date":"2025-07-28T07:43:22","date_gmt":"2025-07-28T07:43:22","guid":{"rendered":"https:\/\/www.freeshopfrontiera.ch\/shop\/lancome-set-mascara\/"},"modified":"2025-07-28T07:51:51","modified_gmt":"2025-07-28T07:51:51","slug":"lancome-set-mascara","status":"publish","type":"product","link":"https:\/\/www.freeshopfrontiera.ch\/fr\/shop\/lancome-set-mascara\/","title":{"rendered":"LANCOME SET Mascara"},"content":{"rendered":"<article class=\"text-token-text-primary w-full focus:outline-none scroll-mt-[calc(var(--header-height)+min(200px,max(70px,20svh)))]\" dir=\"auto\" tabindex=\"-1\" data-testid=\"conversation-turn-2\" data-scroll-anchor=\"true\" data-turn=\"assistant\">\n<div class=\"text-base my-auto mx-auto pb-10 [--thread-content-margin:--spacing(4)] @[37rem]:[--thread-content-margin:--spacing(6)] @[72rem]:[--thread-content-margin:--spacing(16)] px-(--thread-content-margin)\">\n<div class=\"[--thread-content-max-width:32rem] @[34rem]:[--thread-content-max-width:40rem] @[64rem]:[--thread-content-max-width:48rem] mx-auto max-w-(--thread-content-max-width) flex-1 group\/turn-messages focus-visible:outline-hidden relative flex w-full min-w-0 flex-col agent-turn\" tabindex=\"-1\">\n<div class=\"flex max-w-full flex-col grow\">\n<div class=\"min-h-8 text-message relative flex w-full flex-col items-end gap-2 text-start break-words whitespace-normal [.text-message+&amp;]:mt-5\" dir=\"auto\" data-message-author-role=\"assistant\" data-message-id=\"7f70aa54-2064-49f4-bf2b-5d22b3d266da\" data-message-model-slug=\"gpt-4o\">\n<div class=\"flex w-full flex-col gap-1 empty:hidden first:pt-[3px]\">\n<div class=\"markdown prose dark:prose-invert w-full break-words light\">\n<p data-start=\"3608\" data-end=\"3984\">D\u00e9couvrez le pouvoir d\u2019un regard intense et s\u00e9duisant avec le <strong data-start=\"3670\" data-end=\"3757\">COFFRET LANCOME Mascara Monsieur Big &#8211; Noir 01 + Drama Liqui-Pencil + Bi-Facil 30ml<\/strong>, le kit id\u00e9al pour des cils volumineux, des yeux parfaitement dessin\u00e9s et un d\u00e9maquillage tout en douceur. Ce coffret exclusif Lanc\u00f4me r\u00e9unit trois essentiels pour sublimer votre maquillage des yeux avec \u00e9l\u00e9gance et pr\u00e9cision.<\/p>\n<p data-start=\"3986\" data-end=\"4338\">Au c\u0153ur du coffret : le c\u00e9l\u00e8bre <strong data-start=\"4018\" data-end=\"4060\">Mascara Monsieur Big en teinte Noir 01<\/strong>, appr\u00e9ci\u00e9 pour sa formule ultra-cr\u00e9meuse et hautement pigment\u00e9e qui offre jusqu\u2019\u00e0 12 fois plus de volume. Sa brosse oversize attrape chaque cil, m\u00eame les plus fins, pour les gainer d\u2019un noir intense et leur donner un effet spectaculaire longue tenue, sans bavures ni retouches.<\/p>\n<p data-start=\"4340\" data-end=\"4660\">Le coffret comprend \u00e9galement le <strong data-start=\"4373\" data-end=\"4402\">crayon Drama Liqui-Pencil<\/strong>, un eyeliner waterproof \u00e0 la texture fondante et au fini satin\u00e9. Il combine la pr\u00e9cision d\u2019un eyeliner liquide avec la facilit\u00e9 d\u2019un crayon, parfait pour r\u00e9aliser des smoky eyes, des lignes nettes ou des looks sophistiqu\u00e9s, avec une tenue jusqu\u2019\u00e0 24 heures.<\/p>\n<p data-start=\"4662\" data-end=\"4957\">Pour compl\u00e9ter la routine, le <strong data-start=\"4692\" data-end=\"4729\">d\u00e9maquillant yeux Bi-Facil (30ml)<\/strong> nettoie en douceur m\u00eame le maquillage waterproof. Sa formule biphas\u00e9e \u00e9limine efficacement impuret\u00e9s et maquillage sans agresser la zone sensible du contour des yeux, id\u00e9ale pour les yeux sensibles et les porteurs de lentilles.<\/p>\n<p data-start=\"4959\" data-end=\"5265\">Le <strong data-start=\"4962\" data-end=\"4994\">coffret LANCOME Monsieur Big<\/strong> est une excellente id\u00e9e cadeau ou un indispensable beaut\u00e9 \u00e0 s\u2019offrir. Un kit complet pour un regard sublime, sign\u00e9 par l\u2019une des marques de luxe les plus iconiques.<br data-start=\"5159\" data-end=\"5162\" \/>Ne manquez pas ce coffret exclusif pour intensifier votre maquillage des yeux avec style et efficacit\u00e9.<\/p>\n<p data-start=\"1660\" data-end=\"1995\" data-is-last-node=\"\" data-is-only-node=\"\">\n<\/div>\n<\/div>\n<\/div>\n<\/div>\n<div class=\"mx-[var(--mini-thread-content-inset)]\">\n<div class=\"flex min-h-[46px] justify-start\">\n<div class=\"touch:-me-2 touch:-ms-3.5 -ms-2.5 -me-1 flex flex-wrap items-center gap-y-4 p-1 select-none touch:w-[calc(100%+--spacing(3.5))] -mt-1 w-[calc(100%+--spacing(2.5))] duration-[1.5s] focus-within:transition-none hover:transition-none pointer-events-none [mask-image:linear-gradient(to_right,black_33%,transparent_66%)] [mask-size:300%_100%] [mask-position:100%_0%] motion-safe:transition-[mask-position] group-hover\/turn-messages:pointer-events-auto group-hover\/turn-messages:[mask-position:0_0] group-focus-within\/turn-messages:pointer-events-auto group-focus-within\/turn-messages:[mask-position:0_0] has-data-[state=open]:pointer-events-auto has-data-[state=open]:[mask-position:0_0]\">Follow us!\u00a0<a href=\"https:\/\/www.instagram.com\/freeshopswiss\/\" target=\"_blank\" rel=\"noopener\">@freeshopswiss<\/a><\/div>\n<\/div>\n<\/div>\n<\/div>\n<\/div>\n<\/article>\n","protected":false},"excerpt":{"rendered":"<p>D\u00e9couvrez le pouvoir d\u2019un regard intense et s\u00e9duisant avec le<strong> LANCOME SET Mascara Monsieur Big &#8211; Noir 01 + Drama Liqui-Pencil + Bi-Facil 30ml<\/strong>, le kit id\u00e9al pour des cils volumineux, des yeux parfaitement dessin\u00e9s et un d\u00e9maquillage tout en douceur.<\/p>\n","protected":false},"featured_media":33657,"comment_status":"open","ping_status":"closed","template":"","meta":[],"pwb-brand":[262],"product_brand":[],"product_cat":[109,566,536],"product_tag":[296,477,471],"class_list":{"0":"post-33661","1":"product","2":"type-product","3":"status-publish","4":"has-post-thumbnail","6":"pwb-brand-lancome","7":"product_cat-pour-elle","8":"product_cat-make-up-fr-2","9":"product_cat-maquillage-des-yeux","10":"product_tag-femme","11":"product_tag-maquillage","12":"product_tag-maquillage-des-yeux","14":"first","15":"outofstock","16":"sale","17":"taxable","18":"shipping-taxable","19":"purchasable","20":"product-type-simple"},"brands":[{"id":262,"name":"Lanc\u00f4me","slug":"lancome"}],"_links":{"self":[{"href":"https:\/\/www.freeshopfrontiera.ch\/fr\/wp-json\/wp\/v2\/product\/33661","targetHints":{"allow":["GET"]}}],"collection":[{"href":"https:\/\/www.freeshopfrontiera.ch\/fr\/wp-json\/wp\/v2\/product"}],"about":[{"href":"https:\/\/www.freeshopfrontiera.ch\/fr\/wp-json\/wp\/v2\/types\/product"}],"replies":[{"embeddable":true,"href":"https:\/\/www.freeshopfrontiera.ch\/fr\/wp-json\/wp\/v2\/comments?post=33661"}],"version-history":[{"count":2,"href":"https:\/\/www.freeshopfrontiera.ch\/fr\/wp-json\/wp\/v2\/product\/33661\/revisions"}],"predecessor-version":[{"id":33667,"href":"https:\/\/www.freeshopfrontiera.ch\/fr\/wp-json\/wp\/v2\/product\/33661\/revisions\/33667"}],"wp:featuredmedia":[{"embeddable":true,"href":"https:\/\/www.freeshopfrontiera.ch\/fr\/wp-json\/wp\/v2\/media\/33657"}],"wp:attachment":[{"href":"https:\/\/www.freeshopfrontiera.ch\/fr\/wp-json\/wp\/v2\/media?parent=33661"}],"wp:term":[{"taxonomy":"pwb-brand","embeddable":true,"href":"https:\/\/www.freeshopfrontiera.ch\/fr\/wp-json\/wp\/v2\/pwb-brand?post=33661"},{"taxonomy":"product_brand","embeddable":true,"href":"https:\/\/www.freeshopfrontiera.ch\/fr\/wp-json\/wp\/v2\/product_brand?post=33661"},{"taxonomy":"product_cat","embeddable":true,"href":"https:\/\/www.freeshopfrontiera.ch\/fr\/wp-json\/wp\/v2\/product_cat?post=33661"},{"taxonomy":"product_tag","embeddable":true,"href":"https:\/\/www.freeshopfrontiera.ch\/fr\/wp-json\/wp\/v2\/product_tag?post=33661"}],"curies":[{"name":"wp","href":"https:\/\/api.w.org\/{rel}","templated":true}]}}