{"id":33678,"date":"2025-07-28T08:07:02","date_gmt":"2025-07-28T08:07:02","guid":{"rendered":"https:\/\/www.freeshopfrontiera.ch\/shop\/gisada-ambassador-intense-man-100ml\/"},"modified":"2025-12-01T18:36:41","modified_gmt":"2025-12-01T18:36:41","slug":"gisada-ambassador-intense-man-100ml","status":"publish","type":"product","link":"https:\/\/www.freeshopfrontiera.ch\/fr\/shop\/gisada-ambassador-intense-man-100ml\/","title":{"rendered":"GISADA Ambassador Intense Man 100ml"},"content":{"rendered":"<p data-start=\"4981\" data-end=\"5275\">D\u00e9couvrez l&rsquo;\u00e9l\u00e9gance magn\u00e9tique et l\u2019intensit\u00e9 affirm\u00e9e de <strong data-start=\"5040\" data-end=\"5098\">GISADA Ambassador Intense Man Eau de Parfum Vapo 100ml<\/strong>, un parfum masculin raffin\u00e9 et audacieux. Cr\u00e9\u00e9 par la marque suisse Gisada, il incarne la force, le charisme et la confiance en soi, pour l\u2019homme moderne qui aime se d\u00e9marquer.<\/p>\n<p data-start=\"5277\" data-end=\"5599\">La fragrance s\u2019ouvre sur des notes fra\u00eeches et \u00e9pic\u00e9es de bergamote, mandarine et poivre rose. Le c\u0153ur aromatique, compos\u00e9 de lavande, de sauge sclar\u00e9e et de g\u00e9ranium, apporte sophistication et profondeur. En fond, l\u2019ambre, le patchouli, le musc et des bois nobles offrent une signature chaleureuse, virile et persistante.<\/p>\n<p data-start=\"5601\" data-end=\"5769\"><strong data-start=\"5601\" data-end=\"5627\">Ambassador Intense Man<\/strong> est id\u00e9al pour un usage quotidien comme pour les occasions sp\u00e9ciales. Sa tenue exceptionnelle garantit une pr\u00e9sence marqu\u00e9e du matin au soir.<\/p>\n<p data-start=\"5771\" data-end=\"5883\">Le flacon de <strong data-start=\"5784\" data-end=\"5794\">100 ml<\/strong>, sobre et \u00e9l\u00e9gant, refl\u00e8te parfaitement l\u2019essence puissante de ce parfum contemporain.<\/p>\n<p data-start=\"5885\" data-end=\"5999\">\u00c0 offrir ou \u00e0 s\u2019offrir, <strong data-start=\"5909\" data-end=\"5942\">GISADA Ambassador Intense Man<\/strong> est un choix parfait pour l\u2019homme affirm\u00e9 et s\u00fbr de lui.<\/p>\n<p data-start=\"1468\" data-end=\"1656\">Follow us!\u00a0<a href=\"https:\/\/www.instagram.com\/freeshopswiss\/\" target=\"_blank\" rel=\"noopener\">@freeshopswiss<\/a><\/p>\n","protected":false},"excerpt":{"rendered":"<p>Parfum masculin intense aux notes d\u2019agrumes, lavande, ambre et bois pr\u00e9cieux. \u00c9l\u00e9gance et charisme r\u00e9unis en un seul flacon.<\/p>\n","protected":false},"featured_media":33673,"comment_status":"open","ping_status":"closed","template":"","meta":[],"pwb-brand":[1718],"product_brand":[],"product_cat":[87,89],"product_tag":[252,1629,143,97],"class_list":{"0":"post-33678","1":"product","2":"type-product","3":"status-publish","4":"has-post-thumbnail","6":"pwb-brand-gisada","7":"product_cat-parfums","8":"product_cat-pour-lui","9":"product_tag-eau-de-parfum-fr","10":"product_tag-mens-fragrances-fr","11":"product_tag-homme","12":"product_tag-parfums","14":"first","15":"instock","16":"sale","17":"taxable","18":"shipping-taxable","19":"purchasable","20":"product-type-simple"},"brands":[{"id":1718,"name":"Gisada","slug":"gisada"}],"_links":{"self":[{"href":"https:\/\/www.freeshopfrontiera.ch\/fr\/wp-json\/wp\/v2\/product\/33678","targetHints":{"allow":["GET"]}}],"collection":[{"href":"https:\/\/www.freeshopfrontiera.ch\/fr\/wp-json\/wp\/v2\/product"}],"about":[{"href":"https:\/\/www.freeshopfrontiera.ch\/fr\/wp-json\/wp\/v2\/types\/product"}],"replies":[{"embeddable":true,"href":"https:\/\/www.freeshopfrontiera.ch\/fr\/wp-json\/wp\/v2\/comments?post=33678"}],"version-history":[{"count":1,"href":"https:\/\/www.freeshopfrontiera.ch\/fr\/wp-json\/wp\/v2\/product\/33678\/revisions"}],"predecessor-version":[{"id":33682,"href":"https:\/\/www.freeshopfrontiera.ch\/fr\/wp-json\/wp\/v2\/product\/33678\/revisions\/33682"}],"wp:featuredmedia":[{"embeddable":true,"href":"https:\/\/www.freeshopfrontiera.ch\/fr\/wp-json\/wp\/v2\/media\/33673"}],"wp:attachment":[{"href":"https:\/\/www.freeshopfrontiera.ch\/fr\/wp-json\/wp\/v2\/media?parent=33678"}],"wp:term":[{"taxonomy":"pwb-brand","embeddable":true,"href":"https:\/\/www.freeshopfrontiera.ch\/fr\/wp-json\/wp\/v2\/pwb-brand?post=33678"},{"taxonomy":"product_brand","embeddable":true,"href":"https:\/\/www.freeshopfrontiera.ch\/fr\/wp-json\/wp\/v2\/product_brand?post=33678"},{"taxonomy":"product_cat","embeddable":true,"href":"https:\/\/www.freeshopfrontiera.ch\/fr\/wp-json\/wp\/v2\/product_cat?post=33678"},{"taxonomy":"product_tag","embeddable":true,"href":"https:\/\/www.freeshopfrontiera.ch\/fr\/wp-json\/wp\/v2\/product_tag?post=33678"}],"curies":[{"name":"wp","href":"https:\/\/api.w.org\/{rel}","templated":true}]}}