{"id":33702,"date":"2025-07-28T08:38:22","date_gmt":"2025-07-28T08:38:22","guid":{"rendered":"https:\/\/www.freeshopfrontiera.ch\/shop\/prada-paradoxe-radical-essence\/"},"modified":"2025-12-15T09:52:50","modified_gmt":"2025-12-15T09:52:50","slug":"prada-paradoxe-radical-essence","status":"publish","type":"product","link":"https:\/\/www.freeshopfrontiera.ch\/fr\/shop\/prada-paradoxe-radical-essence\/","title":{"rendered":"PRADA Paradoxe Radical Essence Eau de Parfum"},"content":{"rendered":"<p data-start=\"5348\" data-end=\"5629\">D\u00e9couvrez une nouvelle facette audacieuse de la f\u00e9minit\u00e9 avec <strong data-start=\"5410\" data-end=\"5458\">PRADA Paradoxe Radical Essence Eau de Parfum<\/strong>, une version plus intense et sophistiqu\u00e9e de l\u2019embl\u00e9matique Paradoxe. Ce parfum c\u00e9l\u00e8bre la complexit\u00e9 de la femme moderne, \u00e0 la fois forte et d\u00e9licate, libre et \u00e9l\u00e9gante.<\/p>\n<p data-start=\"5631\" data-end=\"5993\">L\u2019ouverture lumineuse m\u00eale <strong data-start=\"5658\" data-end=\"5681\">n\u00e9roli et bergamote<\/strong>, pour une fra\u00eecheur vibrante. En c\u0153ur, le <strong data-start=\"5724\" data-end=\"5741\">jasmin sambac<\/strong> d\u00e9voile toute sa sensualit\u00e9, rehauss\u00e9 par des notes chaleureuses d\u2019<strong data-start=\"5809\" data-end=\"5818\">ambre<\/strong> et de muscs blancs, pour une tenue persistante et un sillage envo\u00fbtant. Cette composition r\u00e9v\u00e8le un \u00e9quilibre parfait entre puissance et douceur, entre raffinement et audace.<\/p>\n<p data-start=\"5995\" data-end=\"6164\"><strong data-start=\"5995\" data-end=\"6023\">Paradoxe Radical Essence<\/strong> est bien plus qu\u2019un parfum : c\u2019est une d\u00e9claration. Il s\u2019adresse \u00e0 toutes les femmes qui revendiquent leur pluralit\u00e9 et leur libert\u00e9 d\u2019\u00eatre.<\/p>\n<p data-start=\"6166\" data-end=\"6291\">Le flacon signature, inclin\u00e9 et \u00e9pur\u00e9, se pare ici de teintes plus profondes, reflet de l\u2019intensit\u00e9 olfactive qu\u2019il renferme.<\/p>\n<p data-start=\"6293\" data-end=\"6465\">\u00c0 porter au quotidien ou pour des occasions sp\u00e9ciales, <strong data-start=\"6348\" data-end=\"6382\">PRADA Paradoxe Radical Essence<\/strong> est la signature d\u2019une f\u00e9minit\u00e9 contemporaine, affirm\u00e9e et en constante \u00e9volution.<\/p>\n<p data-start=\"1602\" data-end=\"1816\">Follow us!\u00a0<a href=\"https:\/\/www.instagram.com\/freeshopswiss\/\" target=\"_blank\" rel=\"noopener\">@freeshopswiss<\/a><\/p>\n","protected":false},"excerpt":{"rendered":"<p>Parfum f\u00e9minin intense avec n\u00e9roli, jasmin et ambre. Un \u00e9quilibre \u00e9l\u00e9gant entre force et d\u00e9licatesse.<\/p>\n","protected":false},"featured_media":33686,"comment_status":"open","ping_status":"closed","template":"","meta":[],"pwb-brand":[285],"product_brand":[],"product_cat":[87,109,89],"product_tag":[252,296,789,97],"class_list":{"0":"post-33702","1":"product","2":"type-product","3":"status-publish","4":"has-post-thumbnail","6":"pwb-brand-prada","7":"product_cat-parfums","8":"product_cat-pour-elle","9":"product_cat-pour-lui","10":"product_tag-eau-de-parfum-fr","11":"product_tag-femme","12":"product_tag-womens-fragrances-fr","13":"product_tag-parfums","15":"first","16":"instock","17":"sale","18":"taxable","19":"shipping-taxable","20":"purchasable","21":"product-type-variable"},"brands":[{"id":285,"name":"Prada","slug":"prada"}],"_links":{"self":[{"href":"https:\/\/www.freeshopfrontiera.ch\/fr\/wp-json\/wp\/v2\/product\/33702","targetHints":{"allow":["GET"]}}],"collection":[{"href":"https:\/\/www.freeshopfrontiera.ch\/fr\/wp-json\/wp\/v2\/product"}],"about":[{"href":"https:\/\/www.freeshopfrontiera.ch\/fr\/wp-json\/wp\/v2\/types\/product"}],"replies":[{"embeddable":true,"href":"https:\/\/www.freeshopfrontiera.ch\/fr\/wp-json\/wp\/v2\/comments?post=33702"}],"version-history":[{"count":3,"href":"https:\/\/www.freeshopfrontiera.ch\/fr\/wp-json\/wp\/v2\/product\/33702\/revisions"}],"predecessor-version":[{"id":37921,"href":"https:\/\/www.freeshopfrontiera.ch\/fr\/wp-json\/wp\/v2\/product\/33702\/revisions\/37921"}],"wp:featuredmedia":[{"embeddable":true,"href":"https:\/\/www.freeshopfrontiera.ch\/fr\/wp-json\/wp\/v2\/media\/33686"}],"wp:attachment":[{"href":"https:\/\/www.freeshopfrontiera.ch\/fr\/wp-json\/wp\/v2\/media?parent=33702"}],"wp:term":[{"taxonomy":"pwb-brand","embeddable":true,"href":"https:\/\/www.freeshopfrontiera.ch\/fr\/wp-json\/wp\/v2\/pwb-brand?post=33702"},{"taxonomy":"product_brand","embeddable":true,"href":"https:\/\/www.freeshopfrontiera.ch\/fr\/wp-json\/wp\/v2\/product_brand?post=33702"},{"taxonomy":"product_cat","embeddable":true,"href":"https:\/\/www.freeshopfrontiera.ch\/fr\/wp-json\/wp\/v2\/product_cat?post=33702"},{"taxonomy":"product_tag","embeddable":true,"href":"https:\/\/www.freeshopfrontiera.ch\/fr\/wp-json\/wp\/v2\/product_tag?post=33702"}],"curies":[{"name":"wp","href":"https:\/\/api.w.org\/{rel}","templated":true}]}}