{"id":33790,"date":"2025-07-28T13:14:18","date_gmt":"2025-07-28T13:14:18","guid":{"rendered":"https:\/\/www.freeshopfrontiera.ch\/shop\/lancome-la-vie-est-belle-vanille-nude\/"},"modified":"2025-12-15T09:56:21","modified_gmt":"2025-12-15T09:56:21","slug":"lancome-la-vie-est-belle-vanille-nude","status":"publish","type":"product","link":"https:\/\/www.freeshopfrontiera.ch\/fr\/shop\/lancome-la-vie-est-belle-vanille-nude\/","title":{"rendered":"LANCOME La Vie est Belle Vanille Nude EdP"},"content":{"rendered":"<p data-start=\"4124\" data-end=\"4329\"><strong data-start=\"4124\" data-end=\"4165\">Lanc\u00f4me La Vie est Belle Vanille Nude<\/strong> r\u00e9invente l\u2019iconique parfum avec une touche de vanille chaleureuse et la sensualit\u00e9 d\u2019une peau nue. Une fragrance enveloppante, lumineuse et profond\u00e9ment f\u00e9minine.<\/p>\n<p data-start=\"4331\" data-end=\"4594\">L\u2019ouverture p\u00e9tillante m\u00eale bergamote et mandarine, avant de r\u00e9v\u00e9ler un c\u0153ur floral doux d\u2019oranger et de fleurs blanches. La <strong data-start=\"4456\" data-end=\"4475\">vanille bourbon<\/strong> y r\u00e8gne en reine, enrichie de muscs d\u00e9licats et de f\u00e8ve tonka, pour une signature olfactive \u00e9l\u00e9gante et r\u00e9confortante.<\/p>\n<p data-start=\"4596\" data-end=\"4758\"><strong data-start=\"4596\" data-end=\"4612\">Vanille Nude<\/strong> est une ode \u00e0 la f\u00e9minit\u00e9 naturelle et \u00e0 la libert\u00e9 d\u2019\u00eatre soi-m\u00eame. Une senteur subtile et raffin\u00e9e qui convient aussi bien de jour que de nuit.<\/p>\n<p data-start=\"4760\" data-end=\"4878\">Le flacon embl\u00e9matique se pare d\u2019une teinte nude d\u00e9licate, reflet de la douceur et de l\u2019intimit\u00e9 de ce nouveau parfum.<\/p>\n<p data-start=\"1070\" data-end=\"1284\">Follow us! <a href=\"https:\/\/www.instagram.com\/freeshopswiss\/\" target=\"_blank\" rel=\"noopener\">@freeshopswiss<\/a><\/p>\n","protected":false},"excerpt":{"rendered":"<p>Une vanille douce sublim\u00e9e par des notes florales et musqu\u00e9es. Vanille Nude incarne la sensualit\u00e9 avec lumi\u00e8re et \u00e9l\u00e9gance.<\/p>\n","protected":false},"featured_media":33774,"comment_status":"open","ping_status":"closed","template":"","meta":[],"pwb-brand":[262],"product_brand":[],"product_cat":[87,109],"product_tag":[252,296,789,97],"class_list":{"0":"post-33790","1":"product","2":"type-product","3":"status-publish","4":"has-post-thumbnail","6":"pwb-brand-lancome","7":"product_cat-parfums","8":"product_cat-pour-elle","9":"product_tag-eau-de-parfum-fr","10":"product_tag-femme","11":"product_tag-womens-fragrances-fr","12":"product_tag-parfums","14":"first","15":"instock","16":"sale","17":"taxable","18":"shipping-taxable","19":"purchasable","20":"product-type-variable"},"brands":[{"id":262,"name":"Lanc\u00f4me","slug":"lancome"}],"_links":{"self":[{"href":"https:\/\/www.freeshopfrontiera.ch\/fr\/wp-json\/wp\/v2\/product\/33790","targetHints":{"allow":["GET"]}}],"collection":[{"href":"https:\/\/www.freeshopfrontiera.ch\/fr\/wp-json\/wp\/v2\/product"}],"about":[{"href":"https:\/\/www.freeshopfrontiera.ch\/fr\/wp-json\/wp\/v2\/types\/product"}],"replies":[{"embeddable":true,"href":"https:\/\/www.freeshopfrontiera.ch\/fr\/wp-json\/wp\/v2\/comments?post=33790"}],"version-history":[{"count":3,"href":"https:\/\/www.freeshopfrontiera.ch\/fr\/wp-json\/wp\/v2\/product\/33790\/revisions"}],"predecessor-version":[{"id":37928,"href":"https:\/\/www.freeshopfrontiera.ch\/fr\/wp-json\/wp\/v2\/product\/33790\/revisions\/37928"}],"wp:featuredmedia":[{"embeddable":true,"href":"https:\/\/www.freeshopfrontiera.ch\/fr\/wp-json\/wp\/v2\/media\/33774"}],"wp:attachment":[{"href":"https:\/\/www.freeshopfrontiera.ch\/fr\/wp-json\/wp\/v2\/media?parent=33790"}],"wp:term":[{"taxonomy":"pwb-brand","embeddable":true,"href":"https:\/\/www.freeshopfrontiera.ch\/fr\/wp-json\/wp\/v2\/pwb-brand?post=33790"},{"taxonomy":"product_brand","embeddable":true,"href":"https:\/\/www.freeshopfrontiera.ch\/fr\/wp-json\/wp\/v2\/product_brand?post=33790"},{"taxonomy":"product_cat","embeddable":true,"href":"https:\/\/www.freeshopfrontiera.ch\/fr\/wp-json\/wp\/v2\/product_cat?post=33790"},{"taxonomy":"product_tag","embeddable":true,"href":"https:\/\/www.freeshopfrontiera.ch\/fr\/wp-json\/wp\/v2\/product_tag?post=33790"}],"curies":[{"name":"wp","href":"https:\/\/api.w.org\/{rel}","templated":true}]}}