{"id":33826,"date":"2025-07-28T13:54:01","date_gmt":"2025-07-28T13:54:01","guid":{"rendered":"https:\/\/www.freeshopfrontiera.ch\/shop\/prada-paradigme-eau-de-parfum\/"},"modified":"2025-07-28T14:03:41","modified_gmt":"2025-07-28T14:03:41","slug":"prada-paradigme-eau-de-parfum","status":"publish","type":"product","link":"https:\/\/www.freeshopfrontiera.ch\/fr\/shop\/prada-paradigme-eau-de-parfum\/","title":{"rendered":"PRADA Paradigme Eau de Parfum"},"content":{"rendered":"<p data-start=\"2345\" data-end=\"2583\"><strong data-start=\"2345\" data-end=\"2384\">PRADA Paradigme Eau de Parfum <\/strong>est un parfum masculin \u00e9l\u00e9gant et enveloppant, appartenant \u00e0 la famille <strong data-start=\"2457\" data-end=\"2475\">Oriental Bois\u00e9<\/strong>. Une composition pens\u00e9e pour l\u2019homme moderne qui se distingue par son intensit\u00e9 subtile et son raffinement.<\/p>\n<p data-start=\"2585\" data-end=\"2917\">L\u2019ouverture s\u2019illumine avec la fra\u00eecheur vibrante de la <strong data-start=\"2641\" data-end=\"2665\">bergamote de Calabre<\/strong>, apportant \u00e9nergie et \u00e9clat. Le c\u0153ur d\u00e9voile l\u2019ar\u00f4me raffin\u00e9 du <strong data-start=\"2730\" data-end=\"2750\">g\u00e9ranium Bourbon<\/strong>, aux accents floraux et l\u00e9g\u00e8rement \u00e9pic\u00e9s. Le fond, chaud et sensuel, marie le <strong data-start=\"2830\" data-end=\"2848\">baume du P\u00e9rou<\/strong> et le <strong data-start=\"2855\" data-end=\"2863\">musc<\/strong> pour une signature olfactive profonde et persistante.<\/p>\n<p data-start=\"2919\" data-end=\"3201\">Paradigme incarne une nouvelle vision de la masculinit\u00e9 : sophistiqu\u00e9e, assur\u00e9e, \u00e0 la crois\u00e9e de la tradition et de l\u2019innovation. Le flacon, \u00e0 la fois \u00e9pur\u00e9 et embl\u00e9matique, reprend le design iconique de Prada avec une touche contemporaine, disponible aussi en version rechargeable.<\/p>\n<p data-start=\"3203\" data-end=\"3363\">Parfait en toute saison, Paradigme est le parfum id\u00e9al pour ceux qui recherchent une signature olfactive intense, \u00e9quilibr\u00e9e, \u00e9l\u00e9gante et subtilement orientale.<\/p>\n<p data-start=\"1104\" data-end=\"1251\">Follow us! <a href=\"https:\/\/www.instagram.com\/freeshopswiss\/\" target=\"_blank\" rel=\"noopener\">@freeshopswiss<\/a><\/p>\n","protected":false},"excerpt":{"rendered":"<p data-start=\"1289\" data-end=\"1427\"><strong data-start=\"2345\" data-end=\"2384\">PRADA Paradigme Eau de Parfum <\/strong>est un parfum masculin \u00e9l\u00e9gant et enveloppant, appartenant \u00e0 la famille <strong data-start=\"2457\" data-end=\"2475\">Oriental Bois\u00e9<\/strong>.<\/p>\n","protected":false},"featured_media":33808,"comment_status":"open","ping_status":"closed","template":"","meta":[],"pwb-brand":[285],"product_brand":[],"product_cat":[138,87,89],"product_tag":[252,1629,143,97],"class_list":{"0":"post-33826","1":"product","2":"type-product","3":"status-publish","4":"has-post-thumbnail","6":"pwb-brand-prada","7":"product_cat-offre","8":"product_cat-parfums","9":"product_cat-pour-lui","10":"product_tag-eau-de-parfum-fr","11":"product_tag-mens-fragrances-fr","12":"product_tag-homme","13":"product_tag-parfums","15":"first","16":"instock","17":"sale","18":"taxable","19":"shipping-taxable","20":"purchasable","21":"product-type-variable","22":"has-default-attributes"},"brands":[{"id":285,"name":"Prada","slug":"prada"}],"_links":{"self":[{"href":"https:\/\/www.freeshopfrontiera.ch\/fr\/wp-json\/wp\/v2\/product\/33826","targetHints":{"allow":["GET"]}}],"collection":[{"href":"https:\/\/www.freeshopfrontiera.ch\/fr\/wp-json\/wp\/v2\/product"}],"about":[{"href":"https:\/\/www.freeshopfrontiera.ch\/fr\/wp-json\/wp\/v2\/types\/product"}],"replies":[{"embeddable":true,"href":"https:\/\/www.freeshopfrontiera.ch\/fr\/wp-json\/wp\/v2\/comments?post=33826"}],"version-history":[{"count":2,"href":"https:\/\/www.freeshopfrontiera.ch\/fr\/wp-json\/wp\/v2\/product\/33826\/revisions"}],"predecessor-version":[{"id":33837,"href":"https:\/\/www.freeshopfrontiera.ch\/fr\/wp-json\/wp\/v2\/product\/33826\/revisions\/33837"}],"wp:featuredmedia":[{"embeddable":true,"href":"https:\/\/www.freeshopfrontiera.ch\/fr\/wp-json\/wp\/v2\/media\/33808"}],"wp:attachment":[{"href":"https:\/\/www.freeshopfrontiera.ch\/fr\/wp-json\/wp\/v2\/media?parent=33826"}],"wp:term":[{"taxonomy":"pwb-brand","embeddable":true,"href":"https:\/\/www.freeshopfrontiera.ch\/fr\/wp-json\/wp\/v2\/pwb-brand?post=33826"},{"taxonomy":"product_brand","embeddable":true,"href":"https:\/\/www.freeshopfrontiera.ch\/fr\/wp-json\/wp\/v2\/product_brand?post=33826"},{"taxonomy":"product_cat","embeddable":true,"href":"https:\/\/www.freeshopfrontiera.ch\/fr\/wp-json\/wp\/v2\/product_cat?post=33826"},{"taxonomy":"product_tag","embeddable":true,"href":"https:\/\/www.freeshopfrontiera.ch\/fr\/wp-json\/wp\/v2\/product_tag?post=33826"}],"curies":[{"name":"wp","href":"https:\/\/api.w.org\/{rel}","templated":true}]}}