{"id":33866,"date":"2025-07-28T14:55:27","date_gmt":"2025-07-28T14:55:27","guid":{"rendered":"https:\/\/www.freeshopfrontiera.ch\/shop\/beauty-of-joseon-relief-sun-aqua-fresh-rice-spf50\/"},"modified":"2025-07-28T14:59:05","modified_gmt":"2025-07-28T14:59:05","slug":"beauty-of-joseon-relief-sun-aqua-fresh-rice-spf50","status":"publish","type":"product","link":"https:\/\/www.freeshopfrontiera.ch\/fr\/shop\/beauty-of-joseon-relief-sun-aqua-fresh-rice-spf50\/","title":{"rendered":"BEAUTY OF JOSEON Relief Sun Aqua-Fresh Rice SPF50"},"content":{"rendered":"<p data-start=\"3295\" data-end=\"3584\"><strong data-start=\"3295\" data-end=\"3359\">Beauty of Joseon Relief Sun Aqua-Fresh Rice + B5 SPF50+ 50ml<\/strong> est une cr\u00e8me solaire ultra-l\u00e9g\u00e8re pour le visage, id\u00e9ale pour les peaux normales, mixtes, sensibles ou \u00e0 tendance acn\u00e9ique. Sa texture fluide et fra\u00eeche p\u00e9n\u00e8tre rapidement pour un fini naturel semi-mat sans traces blanches.<\/p>\n<p data-start=\"3586\" data-end=\"3824\">Enrichie en <strong data-start=\"3598\" data-end=\"3630\">eau de graines de riz (30\u202f%)<\/strong> et en <strong data-start=\"3637\" data-end=\"3664\">vitamine B5 (panth\u00e9nol)<\/strong>, elle hydrate, apaise et prot\u00e8ge la barri\u00e8re cutan\u00e9e. Les filtres UV de derni\u00e8re g\u00e9n\u00e9ration assurent une protection SPF50+ PA++++ contre les rayons UVA et UVB.<\/p>\n<p data-start=\"3826\" data-end=\"4110\">Parfaite comme base de maquillage, elle ne laisse aucun r\u00e9sidu gras et convient \u00e0 une utilisation quotidienne, en particulier lors des journ\u00e9es chaudes et humides. Une solution efficace et minimaliste pour celles et ceux qui recherchent confort, protection et soin dans un seul geste.<\/p>\n<p data-start=\"928\" data-end=\"1211\">Follow us! <a href=\"https:\/\/www.instagram.com\/freeshopswiss\/\" target=\"_blank\" rel=\"noopener\">@freeshopswiss<\/a><\/p>\n","protected":false},"excerpt":{"rendered":"<p><strong data-start=\"3295\" data-end=\"3359\">Beauty of Joseon Relief Sun Aqua-Fresh Rice + B5 SPF50+ 50ml<\/strong> est une cr\u00e8me solaire ultra-l\u00e9g\u00e8re pour le visage, id\u00e9ale pour les peaux normales, mixtes, sensibles ou \u00e0 tendance acn\u00e9ique.<\/p>\n","protected":false},"featured_media":33861,"comment_status":"open","ping_status":"closed","template":"","meta":[],"pwb-brand":[574],"product_brand":[],"product_cat":[109,295,3768,424,545],"product_tag":[493,296,4348,3611,417,301],"class_list":{"0":"post-33866","1":"product","2":"type-product","3":"status-publish","4":"has-post-thumbnail","6":"pwb-brand-beauty-of-joseon","7":"product_cat-pour-elle","8":"product_cat-traitements","9":"product_cat-k-beauty-fr","10":"product_cat-solari-fr","11":"product_cat-soin-du-visage","12":"product_tag-ecrans-solaires","13":"product_tag-femme","14":"product_tag-fete-des-femmes","15":"product_tag-k-beauty-fr","16":"product_tag-soins-fr","17":"product_tag-soins-du-visage","19":"first","20":"instock","21":"sale","22":"taxable","23":"shipping-taxable","24":"purchasable","25":"product-type-simple"},"brands":[{"id":574,"name":"Beauty of Joseon","slug":"beauty-of-joseon"}],"_links":{"self":[{"href":"https:\/\/www.freeshopfrontiera.ch\/fr\/wp-json\/wp\/v2\/product\/33866","targetHints":{"allow":["GET"]}}],"collection":[{"href":"https:\/\/www.freeshopfrontiera.ch\/fr\/wp-json\/wp\/v2\/product"}],"about":[{"href":"https:\/\/www.freeshopfrontiera.ch\/fr\/wp-json\/wp\/v2\/types\/product"}],"replies":[{"embeddable":true,"href":"https:\/\/www.freeshopfrontiera.ch\/fr\/wp-json\/wp\/v2\/comments?post=33866"}],"version-history":[{"count":1,"href":"https:\/\/www.freeshopfrontiera.ch\/fr\/wp-json\/wp\/v2\/product\/33866\/revisions"}],"predecessor-version":[{"id":33869,"href":"https:\/\/www.freeshopfrontiera.ch\/fr\/wp-json\/wp\/v2\/product\/33866\/revisions\/33869"}],"wp:featuredmedia":[{"embeddable":true,"href":"https:\/\/www.freeshopfrontiera.ch\/fr\/wp-json\/wp\/v2\/media\/33861"}],"wp:attachment":[{"href":"https:\/\/www.freeshopfrontiera.ch\/fr\/wp-json\/wp\/v2\/media?parent=33866"}],"wp:term":[{"taxonomy":"pwb-brand","embeddable":true,"href":"https:\/\/www.freeshopfrontiera.ch\/fr\/wp-json\/wp\/v2\/pwb-brand?post=33866"},{"taxonomy":"product_brand","embeddable":true,"href":"https:\/\/www.freeshopfrontiera.ch\/fr\/wp-json\/wp\/v2\/product_brand?post=33866"},{"taxonomy":"product_cat","embeddable":true,"href":"https:\/\/www.freeshopfrontiera.ch\/fr\/wp-json\/wp\/v2\/product_cat?post=33866"},{"taxonomy":"product_tag","embeddable":true,"href":"https:\/\/www.freeshopfrontiera.ch\/fr\/wp-json\/wp\/v2\/product_tag?post=33866"}],"curies":[{"name":"wp","href":"https:\/\/api.w.org\/{rel}","templated":true}]}}