{"id":33885,"date":"2025-07-28T15:29:49","date_gmt":"2025-07-28T15:29:49","guid":{"rendered":"https:\/\/www.freeshopfrontiera.ch\/shop\/collistar-set-anticellulite\/"},"modified":"2026-04-28T22:12:33","modified_gmt":"2026-04-28T22:12:33","slug":"collistar-set-anticellulite","status":"publish","type":"product","link":"https:\/\/www.freeshopfrontiera.ch\/fr\/shop\/collistar-set-anticellulite\/","title":{"rendered":"COLLISTAR SET Anticellulite"},"content":{"rendered":"<p data-start=\"2666\" data-end=\"2915\">Le <strong data-start=\"2698\" data-end=\"2734\">Coffret Anti-Cellulite Collistar<\/strong> est un soin complet du corps qui allie efficacit\u00e9, bien-\u00eatre et plaisir sensoriel. Parfait pour celles et ceux qui souhaitent une peau plus lisse, tonique et visiblement am\u00e9lior\u00e9e.<\/p>\n<p data-start=\"2917\" data-end=\"2927\">Contient :<\/p>\n<p data-start=\"2929\" data-end=\"3269\">\ud83d\udd39 <strong data-start=\"2932\" data-end=\"2971\">Cr\u00e8me Thermale Anti-Cellulite 400ml<\/strong> \u2013 Une formule riche et innovante \u00e0 base d&rsquo;eau thermale italienne, de caf\u00e9ine et d&rsquo;escine. Elle stimule la microcirculation, r\u00e9duit l\u2019aspect peau d\u2019orange et procure une sensation de fra\u00eecheur et de l\u00e9g\u00e8ret\u00e9. Utilis\u00e9e r\u00e9guli\u00e8rement, elle aide \u00e0 raffermir la peau et \u00e0 remodeler les zones critiques.<\/p>\n<p data-start=\"3271\" data-end=\"3527\">\ud83d\udd39 <strong data-start=\"3274\" data-end=\"3312\">Gommage Talasso Raffermissant 150g<\/strong> \u2013 Un gommage aux sels marins, huiles essentielles et \u00e9pices tonifiantes. Il exfolie, stimule la circulation et optimise l\u2019efficacit\u00e9 des soins suivants. R\u00e9sultat imm\u00e9diat : une peau douce, lumineuse et revitalis\u00e9e.<\/p>\n<p data-start=\"3529\" data-end=\"3669\">L\u2019action combin\u00e9e de ces deux produits iconiques offre un soin raffermissant et anti-cellulite efficace, inspir\u00e9 des rituels spa \u00e0 domicile.<\/p>\n<p data-start=\"1113\" data-end=\"1345\">Follow us! <a href=\"https:\/\/www.instagram.com\/freeshopswiss\/\" target=\"_blank\" rel=\"noopener\">@freeshopswiss<\/a><\/p>\n","protected":false},"excerpt":{"rendered":"<p data-start=\"2483\" data-end=\"2636\">Coffret corps Collistar avec cr\u00e8me anti-cellulite et gommage raffermissant. Peau plus lisse et tonique, effet spa \u00e0 la maison.<\/p>\n","protected":false},"featured_media":33881,"comment_status":"open","ping_status":"closed","template":"","meta":[],"pwb-brand":[437],"product_brand":[],"product_cat":[138,109,295,484,4199],"product_tag":[459,461,296,417],"class_list":{"0":"post-33885","1":"product","2":"type-product","3":"status-publish","4":"has-post-thumbnail","6":"pwb-brand-collistar","7":"product_cat-offre","8":"product_cat-pour-elle","9":"product_cat-traitements","10":"product_cat-coffret","11":"product_cat-soin-offres","12":"product_tag-coffret","13":"product_tag-coffrets-femme","14":"product_tag-femme","15":"product_tag-soins-fr","17":"first","18":"instock","19":"sale","20":"taxable","21":"shipping-taxable","22":"purchasable","23":"product-type-simple"},"brands":[{"id":437,"name":"Collistar","slug":"collistar"}],"_links":{"self":[{"href":"https:\/\/www.freeshopfrontiera.ch\/fr\/wp-json\/wp\/v2\/product\/33885","targetHints":{"allow":["GET"]}}],"collection":[{"href":"https:\/\/www.freeshopfrontiera.ch\/fr\/wp-json\/wp\/v2\/product"}],"about":[{"href":"https:\/\/www.freeshopfrontiera.ch\/fr\/wp-json\/wp\/v2\/types\/product"}],"replies":[{"embeddable":true,"href":"https:\/\/www.freeshopfrontiera.ch\/fr\/wp-json\/wp\/v2\/comments?post=33885"}],"version-history":[{"count":2,"href":"https:\/\/www.freeshopfrontiera.ch\/fr\/wp-json\/wp\/v2\/product\/33885\/revisions"}],"predecessor-version":[{"id":33892,"href":"https:\/\/www.freeshopfrontiera.ch\/fr\/wp-json\/wp\/v2\/product\/33885\/revisions\/33892"}],"wp:featuredmedia":[{"embeddable":true,"href":"https:\/\/www.freeshopfrontiera.ch\/fr\/wp-json\/wp\/v2\/media\/33881"}],"wp:attachment":[{"href":"https:\/\/www.freeshopfrontiera.ch\/fr\/wp-json\/wp\/v2\/media?parent=33885"}],"wp:term":[{"taxonomy":"pwb-brand","embeddable":true,"href":"https:\/\/www.freeshopfrontiera.ch\/fr\/wp-json\/wp\/v2\/pwb-brand?post=33885"},{"taxonomy":"product_brand","embeddable":true,"href":"https:\/\/www.freeshopfrontiera.ch\/fr\/wp-json\/wp\/v2\/product_brand?post=33885"},{"taxonomy":"product_cat","embeddable":true,"href":"https:\/\/www.freeshopfrontiera.ch\/fr\/wp-json\/wp\/v2\/product_cat?post=33885"},{"taxonomy":"product_tag","embeddable":true,"href":"https:\/\/www.freeshopfrontiera.ch\/fr\/wp-json\/wp\/v2\/product_tag?post=33885"}],"curies":[{"name":"wp","href":"https:\/\/api.w.org\/{rel}","templated":true}]}}